{"id":13413,"date":"2022-07-13T03:31:59","date_gmt":"2022-07-13T03:31:59","guid":{"rendered":"https:\/\/store.handsomecake.com\/product\/neon-genesis-evangelion-asuka-langley-14-resin-statue-von-earth-studio\/"},"modified":"2024-06-12T15:21:10","modified_gmt":"2024-06-12T15:21:10","slug":"neon-genesis-evangelion-asuka-langley-14-resin-statue-von-earth-studio","status":"publish","type":"product","link":"https:\/\/store.handsomecake.com\/en\/product\/neon-genesis-evangelion-asuka-langley-14-resin-statue-von-earth-studio\/","title":{"rendered":"Neo Genesis Evangelion &#8211; Asuka Langley | 1:4 Resin Statue | von Earth Studio"},"content":{"rendered":"<p>Neo Genesis Evangelion &#8211; Asuka Langley | 1:4 Resin Statue | von Earth Studio<\/p>\n<p>I do ship EU-wide, please contact me, should questions arise.<\/p>\n<p>Tolle Statue der tapferen Mechpilotin<br \/>\nWunderbar verarbeitete und sehr detaillierte Asuka Langley Statue aus Polystone &#8211; k\u00fcnstlichem Stein-Harz-Gemisch.<\/p>\n<p><strong>Besonderheiten:<\/strong><\/p>\n<ul>\n<li>weltweit auf 168 St\u00fcck begrenzt<\/li>\n<\/ul>\n<p><strong>Release-Status:<\/strong><\/p>\n<ul>\n<li>Preorder. Release sch\u00e4tzungsweise Q2 2023, bei uns im Lager voraussichtlich Ende August 2023.<\/li>\n<\/ul>\n<p>Wie immer bei meinen Aktionen &#8211; s\u00e4mtliche Geb\u00fchren sind, im Gegensatz zu anderen Angeboten, bereits inkludiert. Versand erfolgt ausschlie\u00dflich aus Deutschland, es fallen keine Zoll- und Importgeb\u00fchren an. Ihr kauft keine Katze im Sack \ud83d\ude42<\/p>\n<p><strong>Ma\u00dfe der Statue:<\/strong><\/p>\n<ul>\n<li>Gr\u00f6\u00dfe: H48cm * W32cm * D32cm<\/li>\n<li>Gewicht: TBA, gesch\u00e4tzt: ca.12 kg<\/li>\n<\/ul>\n<p>You are not prepared! \ud83d\ude42<\/p>","protected":false},"excerpt":{"rendered":"<p>Neo Genesis Evangelion &#8211; Asuka Langley | 1:4 Resin Statue | von Earth Studio I do ship EU-wide, please contact me, should questions arise. Tolle Statue der tapferen Mechpilotin Wunderbar verarbeitete und sehr detaillierte Asuka Langley Statue aus Polystone &#8211; k\u00fcnstlichem Stein-Harz-Gemisch. Besonderheiten: weltweit auf 168 St\u00fcck begrenzt Release-Status: Preorder. Release sch\u00e4tzungsweise Q2 2023, bei [&hellip;]<\/p>\n","protected":false},"featured_media":13429,"comment_status":"closed","ping_status":"closed","template":"","meta":[],"product_brand":[],"product_cat":[24,811,568,84],"product_tag":[612,656,666,708,1043,658,539,537,538,479,147,251,383,533,540,795,536,534,535,154,255,136,137],"class_list":{"0":"post-13413","1":"product","2":"type-product","3":"status-publish","4":"has-post-thumbnail","6":"product_cat-action-figuren","7":"product_cat-neon-genesis-evangelion","8":"product_cat-preorder","9":"product_cat-statuen-anime-comic-universum","10":"product_tag-anime","11":"product_tag-anime-collectibles","12":"product_tag-anime-figuren-shop","13":"product_tag-anime-statuen-shop","14":"product_tag-anime-statues","15":"product_tag-anime-toys","16":"product_tag-asuka-figure","17":"product_tag-asuka-resin-statue","18":"product_tag-asuka-statue","19":"product_tag-collectible","20":"product_tag-collectibles","21":"product_tag-collectibles-kaufen","22":"product_tag-collector","23":"product_tag-eva","24":"product_tag-eva-asuka-collectible","25":"product_tag-handsomecake","26":"product_tag-neo-genesis-asuka","27":"product_tag-neo-genesis-eva","28":"product_tag-neo-genesis-evangelion","29":"product_tag-resin-collectibles","30":"product_tag-resin-collectibles-kaufen","31":"product_tag-resin-statuen","32":"product_tag-resin-statuen-kaufen","33":"pa_brand-earth-studio","34":"pa_scale-1_to_4","36":"first","37":"instock","38":"taxable","39":"shipping-taxable","40":"product-type-variable"},"_links":{"self":[{"href":"https:\/\/store.handsomecake.com\/en\/wp-json\/wp\/v2\/product\/13413","targetHints":{"allow":["GET"]}}],"collection":[{"href":"https:\/\/store.handsomecake.com\/en\/wp-json\/wp\/v2\/product"}],"about":[{"href":"https:\/\/store.handsomecake.com\/en\/wp-json\/wp\/v2\/types\/product"}],"replies":[{"embeddable":true,"href":"https:\/\/store.handsomecake.com\/en\/wp-json\/wp\/v2\/comments?post=13413"}],"wp:featuredmedia":[{"embeddable":true,"href":"https:\/\/store.handsomecake.com\/en\/wp-json\/wp\/v2\/media\/13429"}],"wp:attachment":[{"href":"https:\/\/store.handsomecake.com\/en\/wp-json\/wp\/v2\/media?parent=13413"}],"wp:term":[{"taxonomy":"product_brand","embeddable":true,"href":"https:\/\/store.handsomecake.com\/en\/wp-json\/wp\/v2\/product_brand?post=13413"},{"taxonomy":"product_cat","embeddable":true,"href":"https:\/\/store.handsomecake.com\/en\/wp-json\/wp\/v2\/product_cat?post=13413"},{"taxonomy":"product_tag","embeddable":true,"href":"https:\/\/store.handsomecake.com\/en\/wp-json\/wp\/v2\/product_tag?post=13413"}],"curies":[{"name":"wp","href":"https:\/\/api.w.org\/{rel}","templated":true}]}}