{"id":13392,"date":"2022-07-13T03:28:46","date_gmt":"2022-07-13T03:28:46","guid":{"rendered":"https:\/\/store.handsomecake.com\/product\/top-cow-aphrodite-ix-14-resin-statue-von-xm-studios\/"},"modified":"2024-06-12T15:21:18","modified_gmt":"2024-06-12T15:21:18","slug":"top-cow-aphrodite-ix-14-resin-statue-von-xm-studios","status":"publish","type":"product","link":"https:\/\/store.handsomecake.com\/en\/product\/top-cow-aphrodite-ix-14-resin-statue-von-xm-studios\/","title":{"rendered":"Top Cow &#8211; Aphrodite IX | 1:4 Resin Statue | von XM Studios"},"content":{"rendered":"<p>Top Cow &#8211; Aphrodite IX | 1:4 Resin Statue | von XM Studios<\/p>\n<p>EU Taxfree! I do ship EU-wide, please contact me, should questions arise.<\/p>\n<p>Tolle Statue von selbstbewusstem Gynoid &#8211; Aphrodite IX<br \/>\nWunderbar verarbeitete und sehr detaillierte Aphrodite IX Statue aus Polystone &#8211; k\u00fcnstlichem Stein-Harz-Gemisch.<\/p>\n<p><strong>Besonderheiten:<\/strong><\/p>\n<ul>\n<li>Limited Edition<\/li>\n<\/ul>\n<p><strong>Release-Status:<\/strong><\/p>\n<ul>\n<li>Lagernd vor Ort. Versandfertig in ca. 5 Werktagen.<\/li>\n<\/ul>\n<p>Wie immer bei meinen Aktionen &#8211; s\u00e4mtliche Geb\u00fchren sind, im Gegensatz zu anderen Angeboten, bereits inkludiert. Versand erfolgt ausschlie\u00dflich aus Deutschland, es fallen keine Zoll- und Importgeb\u00fchren an. Ihr kauft keine Katze im Sack \ud83d\ude42<\/p>\n<p><strong>Ma\u00dfe der Statue:<\/strong><\/p>\n<ul>\n<li>Gr\u00f6\u00dfe: H54cm x 40cm x 33cm<\/li>\n<li>Gewicht: ca. 8kg<\/li>\n<\/ul>\n<p>You are not prepared! \ud83d\ude42<\/p>","protected":false},"excerpt":{"rendered":"<p>Top Cow &#8211; Aphrodite IX | 1:4 Resin Statue | von XM Studios EU Taxfree! I do ship EU-wide, please contact me, should questions arise. Tolle Statue von selbstbewusstem Gynoid &#8211; Aphrodite IX Wunderbar verarbeitete und sehr detaillierte Aphrodite IX Statue aus Polystone &#8211; k\u00fcnstlichem Stein-Harz-Gemisch. Besonderheiten: Limited Edition Release-Status: Lagernd vor Ort. Versandfertig in [&hellip;]<\/p>\n","protected":false},"featured_media":13467,"comment_status":"closed","ping_status":"closed","template":"","meta":[],"product_brand":[],"product_cat":[24,826,84],"product_tag":[612,656,666,708,1043,658,1708,1709,479,147,251,383,795,154,255,136,1711,1710,1712,1706,1707],"class_list":{"0":"post-13392","1":"product","2":"type-product","3":"status-publish","4":"has-post-thumbnail","6":"product_cat-action-figuren","7":"product_cat-lagernd-vor-ort","8":"product_cat-statuen-anime-comic-universum","9":"product_tag-anime","10":"product_tag-anime-collectibles","11":"product_tag-anime-figuren-shop","12":"product_tag-anime-statuen-shop","13":"product_tag-anime-statues","14":"product_tag-anime-toys","15":"product_tag-aphrodite","16":"product_tag-aphrodite-9","17":"product_tag-collectible","18":"product_tag-collectibles","19":"product_tag-collectibles-kaufen","20":"product_tag-collector","21":"product_tag-handsomecake","22":"product_tag-resin-collectibles","23":"product_tag-resin-collectibles-kaufen","24":"product_tag-resin-statuen","25":"product_tag-top-cow","26":"product_tag-top-cow-aphrodite","27":"product_tag-top-cow-comics","28":"product_tag-top-cow-figure","29":"product_tag-top-cow-resin-statue","30":"pa_brand-xm-studios","31":"pa_scale-1_to_4","33":"first","34":"instock","35":"sale","36":"taxable","37":"shipping-taxable","38":"product-type-simple"},"_links":{"self":[{"href":"https:\/\/store.handsomecake.com\/en\/wp-json\/wp\/v2\/product\/13392","targetHints":{"allow":["GET"]}}],"collection":[{"href":"https:\/\/store.handsomecake.com\/en\/wp-json\/wp\/v2\/product"}],"about":[{"href":"https:\/\/store.handsomecake.com\/en\/wp-json\/wp\/v2\/types\/product"}],"replies":[{"embeddable":true,"href":"https:\/\/store.handsomecake.com\/en\/wp-json\/wp\/v2\/comments?post=13392"}],"wp:featuredmedia":[{"embeddable":true,"href":"https:\/\/store.handsomecake.com\/en\/wp-json\/wp\/v2\/media\/13467"}],"wp:attachment":[{"href":"https:\/\/store.handsomecake.com\/en\/wp-json\/wp\/v2\/media?parent=13392"}],"wp:term":[{"taxonomy":"product_brand","embeddable":true,"href":"https:\/\/store.handsomecake.com\/en\/wp-json\/wp\/v2\/product_brand?post=13392"},{"taxonomy":"product_cat","embeddable":true,"href":"https:\/\/store.handsomecake.com\/en\/wp-json\/wp\/v2\/product_cat?post=13392"},{"taxonomy":"product_tag","embeddable":true,"href":"https:\/\/store.handsomecake.com\/en\/wp-json\/wp\/v2\/product_tag?post=13392"}],"curies":[{"name":"wp","href":"https:\/\/api.w.org\/{rel}","templated":true}]}}