{"id":13384,"date":"2022-07-13T03:26:40","date_gmt":"2022-07-13T03:26:40","guid":{"rendered":"https:\/\/store.handsomecake.com\/product\/saint-seiya-gemini-saga-14-resin-statue-von-ice-ape-studio\/"},"modified":"2024-06-12T15:21:22","modified_gmt":"2024-06-12T15:21:22","slug":"saint-seiya-gemini-saga-14-resin-statue-von-ice-ape-studio","status":"publish","type":"product","link":"https:\/\/store.handsomecake.com\/en\/product\/saint-seiya-gemini-saga-14-resin-statue-von-ice-ape-studio\/","title":{"rendered":"Saint Seiya &#8211; Gemini Saga | 1:4 Resin Statue | von Ice Ape Studio"},"content":{"rendered":"<p>Saint Seiya &#8211; Gemini Saga | 1:4 Resin Statue | von Ice Ape Studio<\/p>\n<p>I do ship EU-wide, please contact me, should questions arise.<\/p>\n<p>Tolle Statue von einer der 12 Goldheiligen &#8211; Pope Ares<br \/>\nWunderbar verarbeitete und sehr detaillierte Gemini Saga Statue aus Polystone &#8211; k\u00fcnstlichem Stein-Harz-Gemisch.<\/p>\n<p><strong>Besonderheiten:<\/strong><\/p>\n<ul>\n<li>\u00a0weltweit nur 128 St\u00fcck<\/li>\n<li>2 austauschbare K\u00f6pfe<\/li>\n<\/ul>\n<p><strong>Release-Status:<\/strong><\/p>\n<ul>\n<li>Preorder. Statue wird sch\u00e4tzungsweise Ende Q3 2023 fertiggestellt und wir erwarten sie bei uns im Lager gegen Ende Oktober 2023.<\/li>\n<\/ul>\n<p>Wie immer bei meinen Aktionen &#8211; s\u00e4mtliche Geb\u00fchren sind, im Gegensatz zu anderen Angeboten, bereits inkludiert. Versand erfolgt ausschlie\u00dflich aus Deutschland, es fallen keine Zoll- und Importgeb\u00fchren an. Ihr kauft keine Katze im Sack \ud83d\ude42<\/p>\n<p><strong>Ma\u00dfe der Statue:<\/strong><\/p>\n<ul>\n<li>Gr\u00f6\u00dfe : H:67cm W:53cm D:49cm<\/li>\n<li>Gewicht: TBA, gesch\u00e4tzt: ca. 12kg<\/li>\n<\/ul>\n<p>You are not prepared! \ud83d\ude42<\/p>","protected":false},"excerpt":{"rendered":"<p>Saint Seiya &#8211; Gemini Saga | 1:4 Resin Statue | von Ice Ape Studio I do ship EU-wide, please contact me, should questions arise. Tolle Statue von einer der 12 Goldheiligen &#8211; Pope Ares Wunderbar verarbeitete und sehr detaillierte Gemini Saga Statue aus Polystone &#8211; k\u00fcnstlichem Stein-Harz-Gemisch. Besonderheiten: \u00a0weltweit nur 128 St\u00fcck 2 austauschbare K\u00f6pfe [&hellip;]<\/p>\n","protected":false},"featured_media":13480,"comment_status":"closed","ping_status":"closed","template":"","meta":[],"product_brand":[],"product_cat":[24,568,84],"product_tag":[612,656,659,666,708,1713,1714,1715,795,1716,1533,1539,1717,1540,379,381,665,380,382,547],"class_list":{"0":"post-13384","1":"product","2":"type-product","3":"status-publish","4":"has-post-thumbnail","6":"product_cat-action-figuren","7":"product_cat-preorder","8":"product_cat-statuen-anime-comic-universum","9":"product_tag-anime","10":"product_tag-anime-collectibles","11":"product_tag-anime-figuren","12":"product_tag-anime-figuren-shop","13":"product_tag-anime-statuen-shop","14":"product_tag-gemini-figure","15":"product_tag-gemini-saga","16":"product_tag-gemini-saga-figurine","17":"product_tag-handsomecake","18":"product_tag-saint-gemini-saga","19":"product_tag-saint-seiya","20":"product_tag-saint-seiya-figure","21":"product_tag-saint-seiya-gemini-saga","22":"product_tag-saint-seiya-statue","23":"product_tag-statue-collectible","24":"product_tag-statue-collectibles","25":"product_tag-statuen-shop","26":"product_tag-statues-collectible","27":"product_tag-statues-collectibles","28":"product_tag-statues-collector","29":"pa_brand-ice-ape-studio","30":"pa_scale-1_to_4","32":"first","33":"instock","34":"taxable","35":"shipping-taxable","36":"product-type-variable"},"_links":{"self":[{"href":"https:\/\/store.handsomecake.com\/en\/wp-json\/wp\/v2\/product\/13384","targetHints":{"allow":["GET"]}}],"collection":[{"href":"https:\/\/store.handsomecake.com\/en\/wp-json\/wp\/v2\/product"}],"about":[{"href":"https:\/\/store.handsomecake.com\/en\/wp-json\/wp\/v2\/types\/product"}],"replies":[{"embeddable":true,"href":"https:\/\/store.handsomecake.com\/en\/wp-json\/wp\/v2\/comments?post=13384"}],"wp:featuredmedia":[{"embeddable":true,"href":"https:\/\/store.handsomecake.com\/en\/wp-json\/wp\/v2\/media\/13480"}],"wp:attachment":[{"href":"https:\/\/store.handsomecake.com\/en\/wp-json\/wp\/v2\/media?parent=13384"}],"wp:term":[{"taxonomy":"product_brand","embeddable":true,"href":"https:\/\/store.handsomecake.com\/en\/wp-json\/wp\/v2\/product_brand?post=13384"},{"taxonomy":"product_cat","embeddable":true,"href":"https:\/\/store.handsomecake.com\/en\/wp-json\/wp\/v2\/product_cat?post=13384"},{"taxonomy":"product_tag","embeddable":true,"href":"https:\/\/store.handsomecake.com\/en\/wp-json\/wp\/v2\/product_tag?post=13384"}],"curies":[{"name":"wp","href":"https:\/\/api.w.org\/{rel}","templated":true}]}}