{"id":13375,"date":"2022-07-13T03:24:59","date_gmt":"2022-07-13T03:24:59","guid":{"rendered":"https:\/\/store.handsomecake.com\/product\/bakemonogatari-kiss-shot-acerola-orion-14-resin-statue-von-rwn-studio\/"},"modified":"2024-06-12T15:21:26","modified_gmt":"2024-06-12T15:21:26","slug":"bakemonogatari-kiss-shot-acerola-orion-14-resin-statue-von-rwn-studio","status":"publish","type":"product","link":"https:\/\/store.handsomecake.com\/en\/product\/bakemonogatari-kiss-shot-acerola-orion-14-resin-statue-von-rwn-studio\/","title":{"rendered":"Bakemonogatari &#8211; Kiss-Shot Acerola-Orion | 1:4 Resin Statue | von RWN Studio"},"content":{"rendered":"<p>Bakemonogatari &#8211; Kiss-Shot Acerola-Orion Heart-Under-Blade | 1:4 Resin Statue | von RWN Studio<\/p>\n<p>EU Taxfree! I do ship EU-wide, please contact me, should questions arise.<\/p>\n<p>Tolle Statue von machtigen Vampirin Kiss-Shot Acerola-Orion Heart-Under-Blade<br \/>\nWunderbar verarbeitete und sehr detaillierte Kiss-Shot Acerola-Orion Statue aus Polystone &#8211; k\u00fcnstlichem Stein-Harz-Gemisch.<\/p>\n<p><strong>Besonderheiten:<\/strong><\/p>\n<ul>\n<li>Version(1\/4) mit austauschbarem nacktem K\u00f6rper<\/li>\n<li>weltweit nur 99 St\u00fcck<\/li>\n<li>auch Gr\u00f6\u00dfe 1\/6 ist verf\u00fcgbar (199 St\u00fcck weltweit)<\/li>\n<\/ul>\n<p><strong>Release-Status:<\/strong><\/p>\n<ul>\n<li>Pre order. Release am Ende Q1 2023 erwartet, bei uns im Lager voraussichtlich Ende Mai 2023.<\/li>\n<\/ul>\n<p>Wie immer bei meinen Artikeln &#8211; s\u00e4mtliche Geb\u00fchren sind, im Gegensatz zu anderen Angeboten, bereits inkludiert. Versand erfolgt ausschlie\u00dflich aus Deutschland, es fallen keine Zoll- und Importgeb\u00fchren an. Ihr kauft keine Katze im Sack \ud83d\ude42<\/p>\n<p><strong>Ma\u00dfe der Statue:<\/strong><\/p>\n<ul>\n<li>Gr\u00f6\u00dfe 1\/6: ca. H49.5cm x W27.5cm x D35.4cm<\/li>\n<li>Gr\u00f6\u00dfe 1\/4: ca. H69cm x W46cm x D49cm<\/li>\n<li>Gewicht: ca. 14kg (gesch\u00e4tzt)<\/li>\n<\/ul>\n<p>You are not prepared! \ud83d\ude42<\/p>","protected":false},"excerpt":{"rendered":"<p>Bakemonogatari &#8211; Kiss-Shot Acerola-Orion Heart-Under-Blade | 1:4 Resin Statue | von RWN Studio EU Taxfree! I do ship EU-wide, please contact me, should questions arise. Tolle Statue von machtigen Vampirin Kiss-Shot Acerola-Orion Heart-Under-Blade Wunderbar verarbeitete und sehr detaillierte Kiss-Shot Acerola-Orion Statue aus Polystone &#8211; k\u00fcnstlichem Stein-Harz-Gemisch. Besonderheiten: Version(1\/4) mit austauschbarem nacktem K\u00f6rper weltweit nur 99 [&hellip;]<\/p>\n","protected":false},"featured_media":13376,"comment_status":"closed","ping_status":"closed","template":"","meta":[],"product_brand":[],"product_cat":[24,568,84],"product_tag":[612,656,659,666,708,1721,1722,1723,1724,795,1720,1719,379,381,665,380,382,547],"class_list":{"0":"post-13375","1":"product","2":"type-product","3":"status-publish","4":"has-post-thumbnail","6":"product_cat-action-figuren","7":"product_cat-preorder","8":"product_cat-statuen-anime-comic-universum","9":"product_tag-anime","10":"product_tag-anime-collectibles","11":"product_tag-anime-figuren","12":"product_tag-anime-figuren-shop","13":"product_tag-anime-statuen-shop","14":"product_tag-bakemonogatari","15":"product_tag-bakemonogatari-figure","16":"product_tag-bakemonogatari-kiss-shot-acerola-orion","17":"product_tag-bakemonogatari-statue","18":"product_tag-handsomecake","19":"product_tag-kiss-shot-acerola-orion","20":"product_tag-kiss-shot-acerola-orion-figurine","21":"product_tag-statue-collectible","22":"product_tag-statue-collectibles","23":"product_tag-statuen-shop","24":"product_tag-statues-collectible","25":"product_tag-statues-collectibles","26":"product_tag-statues-collector","27":"pa_brand-rwn-studio","28":"pa_scale-1_to_4","29":"pa_scale-1_to_6","31":"first","32":"outofstock","33":"taxable","34":"shipping-taxable","35":"product-type-variable"},"_links":{"self":[{"href":"https:\/\/store.handsomecake.com\/en\/wp-json\/wp\/v2\/product\/13375","targetHints":{"allow":["GET"]}}],"collection":[{"href":"https:\/\/store.handsomecake.com\/en\/wp-json\/wp\/v2\/product"}],"about":[{"href":"https:\/\/store.handsomecake.com\/en\/wp-json\/wp\/v2\/types\/product"}],"replies":[{"embeddable":true,"href":"https:\/\/store.handsomecake.com\/en\/wp-json\/wp\/v2\/comments?post=13375"}],"wp:featuredmedia":[{"embeddable":true,"href":"https:\/\/store.handsomecake.com\/en\/wp-json\/wp\/v2\/media\/13376"}],"wp:attachment":[{"href":"https:\/\/store.handsomecake.com\/en\/wp-json\/wp\/v2\/media?parent=13375"}],"wp:term":[{"taxonomy":"product_brand","embeddable":true,"href":"https:\/\/store.handsomecake.com\/en\/wp-json\/wp\/v2\/product_brand?post=13375"},{"taxonomy":"product_cat","embeddable":true,"href":"https:\/\/store.handsomecake.com\/en\/wp-json\/wp\/v2\/product_cat?post=13375"},{"taxonomy":"product_tag","embeddable":true,"href":"https:\/\/store.handsomecake.com\/en\/wp-json\/wp\/v2\/product_tag?post=13375"}],"curies":[{"name":"wp","href":"https:\/\/api.w.org\/{rel}","templated":true}]}}