{"id":13345,"date":"2022-07-13T03:17:03","date_gmt":"2022-07-13T03:17:03","guid":{"rendered":"https:\/\/store.handsomecake.com\/product\/metroid-samus-aran-14-resin-statue-von-acy-studio\/"},"modified":"2024-11-12T11:50:26","modified_gmt":"2024-11-12T11:50:26","slug":"metroid-samus-aran-14-resin-statue-von-acy-studio","status":"publish","type":"product","link":"https:\/\/store.handsomecake.com\/en\/product\/metroid-samus-aran-14-resin-statue-von-acy-studio\/","title":{"rendered":"Metroid &#8211; Samus Aran | 1:4 Resin Statue | von Acy Studio"},"content":{"rendered":"<p>Metroid &#8211; Samus Aran | 1:4 Resin Statue | von Acy Studio<\/p>\n<p>EU Taxfree! I do ship EU-wide, please contact me, should questions arise.<\/p>\n<p>Tolle Statue der Kopfgeldj\u00e4gerin der Spiele von Metroid-Reihe<br \/>\nWunderbar verarbeitete und sehr detaillierte Samus Aran Statue aus Polystone &#8211; k\u00fcnstlichem Stein-Harz-Gemisch.<\/p>\n<p><strong>Besonderheiten:<\/strong><\/p>\n<ul>\n<li>Version mit 2 austauschbaren K\u00f6rper( mit nacktem K\u00f6rper und Kampfanzug)<\/li>\n<li>weltweit 288 St\u00fcck<\/li>\n<li>mit LED<\/li>\n<li>noch zwei Vesionen verf\u00fcgbar: nackt oder im Kampfanzug<\/li>\n<\/ul>\n<p><strong>Release-Status:<\/strong><\/p>\n<ul>\n<li>In Stock<\/li>\n<\/ul>\n<p>Wie immer bei meinen Artikeln &#8211; s\u00e4mtliche Geb\u00fchren sind, im Gegensatz zu anderen Angeboten, bereits inkludiert. Versand erfolgt ausschlie\u00dflich aus Deutschland, es fallen keine Zoll- und Importgeb\u00fchren an. Ihr kauft keine Katze im Sack \ud83d\ude42<\/p>\n<p><strong>Ma\u00dfe der Statue:<\/strong><\/p>\n<ul>\n<li>Gr\u00f6\u00dfe : ca. 55cm x 36cm x 37cm<\/li>\n<li>Gewicht: ca. 14kg (gesch\u00e4tzt)<\/li>\n<\/ul>\n<p>You are not prepared! \ud83d\ude42<\/p>","protected":false},"excerpt":{"rendered":"<p>Metroid &#8211; Samus Aran | 1:4 Resin Statue | von Acy Studio EU Taxfree! I do ship EU-wide, please contact me, should questions arise. Tolle Statue der Kopfgeldj\u00e4gerin der Spiele von Metroid-Reihe Wunderbar verarbeitete und sehr detaillierte Samus Aran Statue aus Polystone &#8211; k\u00fcnstlichem Stein-Harz-Gemisch. Besonderheiten: Version mit 2 austauschbaren K\u00f6rper( mit nacktem K\u00f6rper und [&hellip;]<\/p>\n","protected":false},"featured_media":13346,"comment_status":"closed","ping_status":"closed","template":"","meta":[],"product_brand":[],"product_cat":[24,826,81],"product_tag":[612,656,659,666,708,795,1727,1726,1728,1730,1729,1731,379,381,665,380,382,547],"class_list":{"0":"post-13345","1":"product","2":"type-product","3":"status-publish","4":"has-post-thumbnail","6":"product_cat-action-figuren","7":"product_cat-lagernd-vor-ort","8":"product_cat-statuen-computerspieluniversum","9":"product_tag-anime","10":"product_tag-anime-collectibles","11":"product_tag-anime-figuren","12":"product_tag-anime-figuren-shop","13":"product_tag-anime-statuen-shop","14":"product_tag-handsomecake","15":"product_tag-metroid","16":"product_tag-metroid-figure","17":"product_tag-metroid-samus-aran","18":"product_tag-samus-aran","19":"product_tag-samus-aran-figure","20":"product_tag-samus-aran-statue","21":"product_tag-statue-collectible","22":"product_tag-statue-collectibles","23":"product_tag-statuen-shop","24":"product_tag-statues-collectible","25":"product_tag-statues-collectibles","26":"product_tag-statues-collector","27":"pa_brand-acy-studio","28":"pa_scale-1_to_4","30":"first","31":"instock","32":"taxable","33":"shipping-taxable","34":"product-type-variable"},"_links":{"self":[{"href":"https:\/\/store.handsomecake.com\/en\/wp-json\/wp\/v2\/product\/13345","targetHints":{"allow":["GET"]}}],"collection":[{"href":"https:\/\/store.handsomecake.com\/en\/wp-json\/wp\/v2\/product"}],"about":[{"href":"https:\/\/store.handsomecake.com\/en\/wp-json\/wp\/v2\/types\/product"}],"replies":[{"embeddable":true,"href":"https:\/\/store.handsomecake.com\/en\/wp-json\/wp\/v2\/comments?post=13345"}],"wp:featuredmedia":[{"embeddable":true,"href":"https:\/\/store.handsomecake.com\/en\/wp-json\/wp\/v2\/media\/13346"}],"wp:attachment":[{"href":"https:\/\/store.handsomecake.com\/en\/wp-json\/wp\/v2\/media?parent=13345"}],"wp:term":[{"taxonomy":"product_brand","embeddable":true,"href":"https:\/\/store.handsomecake.com\/en\/wp-json\/wp\/v2\/product_brand?post=13345"},{"taxonomy":"product_cat","embeddable":true,"href":"https:\/\/store.handsomecake.com\/en\/wp-json\/wp\/v2\/product_cat?post=13345"},{"taxonomy":"product_tag","embeddable":true,"href":"https:\/\/store.handsomecake.com\/en\/wp-json\/wp\/v2\/product_tag?post=13345"}],"curies":[{"name":"wp","href":"https:\/\/api.w.org\/{rel}","templated":true}]}}