{"id":13218,"date":"2022-07-08T04:36:52","date_gmt":"2022-07-08T04:36:52","guid":{"rendered":"https:\/\/store.handsomecake.com\/product\/violet-evergarden-violet-evergarden-16-resin-statue-von-anima-studio\/"},"modified":"2025-09-03T23:27:27","modified_gmt":"2025-09-03T23:27:27","slug":"violet-evergarden-violet-evergarden-16-resin-statue-von-anima-studio","status":"publish","type":"product","link":"https:\/\/store.handsomecake.com\/en\/product\/violet-evergarden-violet-evergarden-16-resin-statue-von-anima-studio\/","title":{"rendered":"Violet Evergarden &#8211; Violet Evergarden | 1:6 Resin Statue | von Anima Studio"},"content":{"rendered":"<p>Violet Evergarden &#8211; Violet Evergarden | 1:6 Resin Statue | von Anima Studio<\/p>\n<p>EU Taxfree! I do ship EU-wide, please contact me, should questions arise.<\/p>\n<p>Tolle Statue der Autonomen Korrespondenz-Assistentin<br \/>\nWunderbar verarbeitete und sehr detaillierte Statue von Violet Evergarden aus Polystone &#8211; k\u00fcnstlichem Stein-Harz-Gemisch.<\/p>\n<p><strong>Besonderheiten:<\/strong><\/p>\n<ul>\n<li>EX Version<\/li>\n<li>\u00a0weltweit 168 St\u00fcck<\/li>\n<\/ul>\n<p>auch verf\u00fcgbar:<\/p>\n<ul>\n<li>Regular Version<\/li>\n<\/ul>\n<p><strong>Release-Status:<\/strong><\/p>\n<ul>\n<li>Pre order. Release ca. am Ende Q2 2023 erwartet, bei uns im Lager voraussichtlich Ende August 2023.<\/li>\n<\/ul>\n<p>Wie immer bei meinen Artikeln &#8211; s\u00e4mtliche Geb\u00fchren sind, im Gegensatz zu anderen Angeboten, bereits inkludiert. Versand erfolgt ausschlie\u00dflich aus Deutschland, es fallen keine Zoll- und Importgeb\u00fchren an. Ihr kauft keine Katze im Sack \ud83d\ude42<\/p>\n<p><strong>Ma\u00dfe der Statue:<\/strong><\/p>\n<ul>\n<li>Gr\u00f6\u00dfe : ca. 35cm x 22cm x 22cm<\/li>\n<li>Gewicht: ca. 10kg (gesch\u00e4tzt)<\/li>\n<\/ul>\n<p>You are not prepared! \ud83d\ude42<\/p>","protected":false},"excerpt":{"rendered":"<p>Violet Evergarden &#8211; Violet Evergarden | 1:6 Resin Statue | von Anima Studio EU Taxfree! I do ship EU-wide, please contact me, should questions arise. Tolle Statue der Autonomen Korrespondenz-Assistentin Wunderbar verarbeitete und sehr detaillierte Statue von Violet Evergarden aus Polystone &#8211; k\u00fcnstlichem Stein-Harz-Gemisch. Besonderheiten: EX Version \u00a0weltweit 168 St\u00fcck auch verf\u00fcgbar: Regular Version Release-Status: [&hellip;]<\/p>\n","protected":false},"featured_media":13219,"comment_status":"closed","ping_status":"closed","template":"","meta":[],"product_brand":[],"product_cat":[24,568,84],"product_tag":[612,664,666,717,794,662,640,658,479,147,251,795,255,136,137,379,381,552,380,1692,1693,1694],"class_list":{"0":"post-13218","1":"product","2":"type-product","3":"status-publish","4":"has-post-thumbnail","6":"product_cat-action-figuren","7":"product_cat-preorder","8":"product_cat-statuen-anime-comic-universum","9":"product_tag-anime","10":"product_tag-anime-figuren-one-piece","11":"product_tag-anime-figuren-shop","12":"product_tag-anime-shop","13":"product_tag-anime-statue","14":"product_tag-anime-statue-shop","15":"product_tag-anime-statuen","16":"product_tag-anime-toys","17":"product_tag-collectible","18":"product_tag-collectibles","19":"product_tag-collectibles-kaufen","20":"product_tag-handsomecake","21":"product_tag-resin-collectibles-kaufen","22":"product_tag-resin-statuen","23":"product_tag-resin-statuen-kaufen","24":"product_tag-statue-collectible","25":"product_tag-statue-collectibles","26":"product_tag-statue-collector","27":"product_tag-statues-collectible","28":"product_tag-violet-evergarden","29":"product_tag-violet-evergarden-collectible","30":"product_tag-violet-evergarden-statue","31":"pa_brand-anima-studio","32":"pa_scale-1_to_6","34":"first","35":"instock","36":"taxable","37":"shipping-taxable","38":"product-type-variable"},"_links":{"self":[{"href":"https:\/\/store.handsomecake.com\/en\/wp-json\/wp\/v2\/product\/13218","targetHints":{"allow":["GET"]}}],"collection":[{"href":"https:\/\/store.handsomecake.com\/en\/wp-json\/wp\/v2\/product"}],"about":[{"href":"https:\/\/store.handsomecake.com\/en\/wp-json\/wp\/v2\/types\/product"}],"replies":[{"embeddable":true,"href":"https:\/\/store.handsomecake.com\/en\/wp-json\/wp\/v2\/comments?post=13218"}],"wp:featuredmedia":[{"embeddable":true,"href":"https:\/\/store.handsomecake.com\/en\/wp-json\/wp\/v2\/media\/13219"}],"wp:attachment":[{"href":"https:\/\/store.handsomecake.com\/en\/wp-json\/wp\/v2\/media?parent=13218"}],"wp:term":[{"taxonomy":"product_brand","embeddable":true,"href":"https:\/\/store.handsomecake.com\/en\/wp-json\/wp\/v2\/product_brand?post=13218"},{"taxonomy":"product_cat","embeddable":true,"href":"https:\/\/store.handsomecake.com\/en\/wp-json\/wp\/v2\/product_cat?post=13218"},{"taxonomy":"product_tag","embeddable":true,"href":"https:\/\/store.handsomecake.com\/en\/wp-json\/wp\/v2\/product_tag?post=13218"}],"curies":[{"name":"wp","href":"https:\/\/api.w.org\/{rel}","templated":true}]}}