{"id":13044,"date":"2022-07-03T20:46:41","date_gmt":"2022-07-03T20:46:41","guid":{"rendered":"https:\/\/store.handsomecake.com\/product\/marvel-captain-america-11-resin-bust-von-queen-studios\/"},"modified":"2024-06-12T15:20:28","modified_gmt":"2024-06-12T15:20:28","slug":"marvel-captain-america-11-resin-bust-von-queen-studios","status":"publish","type":"product","link":"https:\/\/store.handsomecake.com\/en\/product\/marvel-captain-america-11-resin-bust-von-queen-studios\/","title":{"rendered":"Marvel &#8211; Captain America | 1:1 Resin Bust | von Queen Studios"},"content":{"rendered":"<p>Marvel &#8211; Captain America | 1:1 Resin Bust | von Queen Studios<\/p>\n<p>EU Taxfree! I do ship EU-wide, please contact me, should questions arise.<\/p>\n<p>Tolle B\u00fcste von Captain America (Avengers: Endgame)<br \/>\nWunderbar verarbeitete und sehr detaillierte Captain America B\u00fcste aus Polystone &#8211; k\u00fcnstlichem Stein-Harz-Gemisch.<\/p>\n<p><strong>Besonderheiten:<\/strong><\/p>\n<ul>\n<li>weltweit 300 St\u00fcck<\/li>\n<\/ul>\n<p><strong>Release-Status:<\/strong><\/p>\n<ul>\n<li>Preorder. Statue wird voraussichtlich Q2 2024 released. Wir erwarten sie bei uns im Lager gegen Ende August 2024.<\/li>\n<\/ul>\n<p>Wie immer bei meinen Aktionen &#8211; s\u00e4mtliche Geb\u00fchren sind, im Gegensatz zu anderen Angeboten, bereits inkludiert. Versand erfolgt ausschlie\u00dflich aus Deutschland, es fallen keine Zoll- und Importgeb\u00fchren an. Ihr kauft keine Katze im Sack \ud83d\ude42<\/p>\n<p><strong>Ma\u00dfe der Statue:<\/strong><\/p>\n<ul>\n<li>Gr\u00f6\u00dfe: 93cm x 90cm x 78cm<\/li>\n<li>Gewicht: TBA, ca. 40kg(gesch\u00e4tzt)<\/li>\n<\/ul>\n<p>You are not prepared! \ud83d\ude42<\/p>","protected":false},"excerpt":{"rendered":"<p>Marvel &#8211; Captain America | 1:1 Resin Bust | von Queen Studios EU Taxfree! I do ship EU-wide, please contact me, should questions arise. Tolle B\u00fcste von Captain America (Avengers: Endgame) Wunderbar verarbeitete und sehr detaillierte Captain America B\u00fcste aus Polystone &#8211; k\u00fcnstlichem Stein-Harz-Gemisch. Besonderheiten: weltweit 300 St\u00fcck Release-Status: Preorder. Statue wird voraussichtlich Q2 2024 [&hellip;]<\/p>\n","protected":false},"featured_media":13045,"comment_status":"closed","ping_status":"closed","template":"","meta":[],"product_brand":[],"product_cat":[24,269,568,84],"product_tag":[612,659,666,658,1674,1675,147,251,383,553,795,514,469,470,271,272,862,863,864,154,136,554,379,381,552,547],"class_list":{"0":"post-13044","1":"product","2":"type-product","3":"status-publish","4":"has-post-thumbnail","6":"product_cat-action-figuren","7":"product_cat-marvel","8":"product_cat-preorder","9":"product_cat-statuen-anime-comic-universum","10":"product_tag-anime","11":"product_tag-anime-figuren","12":"product_tag-anime-figuren-shop","13":"product_tag-anime-toys","14":"product_tag-captainamerica","15":"product_tag-captainamericastatue","16":"product_tag-collectibles","17":"product_tag-collectibles-kaufen","18":"product_tag-collector","19":"product_tag-figure-collector","20":"product_tag-handsomecake","21":"product_tag-lifesize","22":"product_tag-lifesize-collectibles","23":"product_tag-lifesize-statuen","24":"product_tag-marvel","25":"product_tag-marvel-collectibles","26":"product_tag-marvel-collector","27":"product_tag-marvel-comics","28":"product_tag-marvel-comics-collectibles","29":"product_tag-resin-collectibles","30":"product_tag-resin-statuen","31":"product_tag-resin-statues","32":"product_tag-statue-collectible","33":"product_tag-statue-collectibles","34":"product_tag-statue-collector","35":"product_tag-statues-collector","36":"pa_brand-queen-studios","37":"pa_scale-1_to_1","39":"first","40":"instock","41":"taxable","42":"shipping-taxable","43":"product-type-variable"},"_links":{"self":[{"href":"https:\/\/store.handsomecake.com\/en\/wp-json\/wp\/v2\/product\/13044","targetHints":{"allow":["GET"]}}],"collection":[{"href":"https:\/\/store.handsomecake.com\/en\/wp-json\/wp\/v2\/product"}],"about":[{"href":"https:\/\/store.handsomecake.com\/en\/wp-json\/wp\/v2\/types\/product"}],"replies":[{"embeddable":true,"href":"https:\/\/store.handsomecake.com\/en\/wp-json\/wp\/v2\/comments?post=13044"}],"wp:featuredmedia":[{"embeddable":true,"href":"https:\/\/store.handsomecake.com\/en\/wp-json\/wp\/v2\/media\/13045"}],"wp:attachment":[{"href":"https:\/\/store.handsomecake.com\/en\/wp-json\/wp\/v2\/media?parent=13044"}],"wp:term":[{"taxonomy":"product_brand","embeddable":true,"href":"https:\/\/store.handsomecake.com\/en\/wp-json\/wp\/v2\/product_brand?post=13044"},{"taxonomy":"product_cat","embeddable":true,"href":"https:\/\/store.handsomecake.com\/en\/wp-json\/wp\/v2\/product_cat?post=13044"},{"taxonomy":"product_tag","embeddable":true,"href":"https:\/\/store.handsomecake.com\/en\/wp-json\/wp\/v2\/product_tag?post=13044"}],"curies":[{"name":"wp","href":"https:\/\/api.w.org\/{rel}","templated":true}]}}