{"id":13027,"date":"2022-07-03T20:43:13","date_gmt":"2022-07-03T20:43:13","guid":{"rendered":"https:\/\/store.handsomecake.com\/product\/akame-ga-kill-esdese-14-resin-statue-von-cp-studio\/"},"modified":"2024-03-01T11:39:42","modified_gmt":"2024-03-01T11:39:42","slug":"akame-ga-kill-esdese-14-resin-statue-von-cp-studio","status":"publish","type":"product","link":"https:\/\/store.handsomecake.com\/en\/product\/akame-ga-kill-esdese-14-resin-statue-von-cp-studio\/","title":{"rendered":"Akame Ga Kill! &#8211; Esdese | 1:4 Resin Statue | von CP Studio"},"content":{"rendered":"<p>Akame Ga Kill! &#8211; Esdese | 1:4 Resin Statue | von CP Studio<\/p>\n<p>EU Taxfree! I do ship EU-wide, please contact me, should questions arise.<\/p>\n<p>Tolle Statue der hochrangige Generalin des Kaiserreiches<br \/>\nWunderbar verarbeitete und sehr detaillierte Statue von Esdeath aus Polystone &#8211; k\u00fcnstlichem Stein-Harz-Gemisch.<\/p>\n<p><strong>Besonderheiten:<\/strong><\/p>\n<ul>\n<li>hier wird ausschlie\u00dflich die EX Version (2 austauschbare K\u00f6rper) angeboten<\/li>\n<li>ihr k\u00f6nnt noch zus\u00e4tzlich zwischen folgenden Varianten entscheiden: ohne T\u00e4towierung (A Version) und mit T\u00e4towierung (B Version)<\/li>\n<li>es ist also die Wahl zwischen Exclusive A (ohne Tattoo) und Exclusive B (mit Tattoo)<\/li>\n<li>weltweit auf 188 St\u00fcck begrenzt<\/li>\n<\/ul>\n<p><strong>Release-Status:<\/strong><\/p>\n<ul>\n<li>Preorder. Statue wird voraussichtlich am Ende Q1 2023 erscheinen und wir erwarten sie voraussichtlich Ende Mai 2023 im Warenlager.<\/li>\n<\/ul>\n<p>Wie immer bei meinen Artikeln &#8211; s\u00e4mtliche Geb\u00fchren sind, im Gegensatz zu anderen Angeboten, bereits inkludiert. Versand erfolgt ausschlie\u00dflich aus Deutschland, es fallen keine Zoll- und Importgeb\u00fchren an. Ihr kauft keine Katze im Sack \ud83d\ude42<\/p>\n<p><strong>Ma\u00dfe der Statue:<\/strong><\/p>\n<ul>\n<li>Gr\u00f6\u00dfe: ca. 55cm x 30cm x 23cm<\/li>\n<li>Gewicht: ca. 15kg (gesch\u00e4tzt)<\/li>\n<\/ul>\n<p>You are not prepared! \ud83d\ude42<\/p>","protected":false},"excerpt":{"rendered":"<p>Akame Ga Kill! &#8211; Esdese | 1:4 Resin Statue | von CP Studio EU Taxfree! I do ship EU-wide, please contact me, should questions arise. Tolle Statue der hochrangige Generalin des Kaiserreiches Wunderbar verarbeitete und sehr detaillierte Statue von Esdeath aus Polystone &#8211; k\u00fcnstlichem Stein-Harz-Gemisch. Besonderheiten: hier wird ausschlie\u00dflich die EX Version (2 austauschbare K\u00f6rper) [&hellip;]<\/p>\n","protected":false},"featured_media":13080,"comment_status":"closed","ping_status":"closed","template":"","meta":[],"product_brand":[],"product_cat":[24,568,84],"product_tag":[1676,1677,1678,1679,666,717,640,658,479,147,251,1685,1680,1681,1682,1683,1684,795,154,255,136,137,379,381,552,380,382,547,718],"class_list":{"0":"post-13027","1":"product","2":"type-product","3":"status-publish","4":"has-post-thumbnail","6":"product_cat-action-figuren","7":"product_cat-preorder","8":"product_cat-statuen-anime-comic-universum","9":"product_tag-akame-ga-kill","10":"product_tag-akame-ga-kill-collectibles","11":"product_tag-akame-ga-kill-statuen","12":"product_tag-akame-ga-kill-statuen-kaufen","13":"product_tag-anime-figuren-shop","14":"product_tag-anime-shop","15":"product_tag-anime-statuen","16":"product_tag-anime-toys","17":"product_tag-collectible","18":"product_tag-collectibles","19":"product_tag-collectibles-kaufen","20":"product_tag-esdese","21":"product_tag-esdese-collectible","22":"product_tag-esdese-figure","23":"product_tag-esdese-figurine","24":"product_tag-esdese-statue","25":"product_tag-esdese-toy","26":"product_tag-handsomecake","27":"product_tag-resin-collectibles","28":"product_tag-resin-collectibles-kaufen","29":"product_tag-resin-statuen","30":"product_tag-resin-statuen-kaufen","31":"product_tag-statue-collectible","32":"product_tag-statue-collectibles","33":"product_tag-statue-collector","34":"product_tag-statues-collectible","35":"product_tag-statues-collectibles","36":"product_tag-statues-collector","37":"product_tag-toys","38":"pa_brand-cp-studio","39":"pa_scale-1_to_4","41":"first","42":"instock","43":"taxable","44":"shipping-taxable","45":"product-type-variable"},"_links":{"self":[{"href":"https:\/\/store.handsomecake.com\/en\/wp-json\/wp\/v2\/product\/13027","targetHints":{"allow":["GET"]}}],"collection":[{"href":"https:\/\/store.handsomecake.com\/en\/wp-json\/wp\/v2\/product"}],"about":[{"href":"https:\/\/store.handsomecake.com\/en\/wp-json\/wp\/v2\/types\/product"}],"replies":[{"embeddable":true,"href":"https:\/\/store.handsomecake.com\/en\/wp-json\/wp\/v2\/comments?post=13027"}],"wp:featuredmedia":[{"embeddable":true,"href":"https:\/\/store.handsomecake.com\/en\/wp-json\/wp\/v2\/media\/13080"}],"wp:attachment":[{"href":"https:\/\/store.handsomecake.com\/en\/wp-json\/wp\/v2\/media?parent=13027"}],"wp:term":[{"taxonomy":"product_brand","embeddable":true,"href":"https:\/\/store.handsomecake.com\/en\/wp-json\/wp\/v2\/product_brand?post=13027"},{"taxonomy":"product_cat","embeddable":true,"href":"https:\/\/store.handsomecake.com\/en\/wp-json\/wp\/v2\/product_cat?post=13027"},{"taxonomy":"product_tag","embeddable":true,"href":"https:\/\/store.handsomecake.com\/en\/wp-json\/wp\/v2\/product_tag?post=13027"}],"curies":[{"name":"wp","href":"https:\/\/api.w.org\/{rel}","templated":true}]}}