{"id":12936,"date":"2022-06-30T23:28:48","date_gmt":"2022-06-30T23:28:48","guid":{"rendered":"https:\/\/store.handsomecake.com\/product\/jujutsu-kaisen-todo-aoi-16-resin-statue-von-lingyu-studio\/"},"modified":"2024-06-25T22:38:45","modified_gmt":"2024-06-25T22:38:45","slug":"jujutsu-kaisen-todo-aoi-16-resin-statue-von-lingyu-studio","status":"publish","type":"product","link":"https:\/\/store.handsomecake.com\/en\/product\/jujutsu-kaisen-todo-aoi-16-resin-statue-von-lingyu-studio\/","title":{"rendered":"Jujutsu Kaisen &#8211; Todo Aoi | 1:6 Resin Statue | von LingYu Studio"},"content":{"rendered":"<p>Jujutsu Kaisen &#8211; Todo Aoi | 1:6 Resin Statue | von LingYu Studio<\/p>\n<p>I do ship EU-wide, please contact me, should questions arise.<\/p>\n<p>Tolle Statue vom Jujuzist im dritten Lehrjahr der Jujutsu-Akademie Kyouto<br \/>\nWunderbar verarbeitete und sehr detaillierte Todo Aoi Statue aus Polystone &#8211; k\u00fcnstlichem Stein-Harz-Gemisch.<\/p>\n<p><strong>Besonderheiten:<\/strong><\/p>\n<ul>\n<li>188 St\u00fcck weltweit<\/li>\n<\/ul>\n<p><strong>Release-Status:<\/strong><\/p>\n<ul>\n<li>Preorder. Statue wird voraussichtlich in Q2 2023 released und wir erwarten sie sch\u00e4tzungsweise Ende August 2023 bei uns im Warenlager.<\/li>\n<\/ul>\n<p>Wie immer bei meinen Aktionen &#8211; s\u00e4mtliche Geb\u00fchren sind, im Gegensatz zu anderen Angeboten, bereits inkludiert. Versand erfolgt ausschlie\u00dflich aus Deutschland, es fallen keine Zoll- und Importgeb\u00fchren an. Ihr kauft keine Katze im Sack \ud83d\ude42<\/p>\n<p><strong>Ma\u00dfe der Statue:<\/strong><\/p>\n<ul>\n<li>Gr\u00f6\u00dfe: ca. H36cm x W22cm x D23<\/li>\n<li>Gewicht: TBA, gesch\u00e4tzt: ca. 8kg<\/li>\n<\/ul>\n<p>You are not prepared! \ud83d\ude42<\/p>","protected":false},"excerpt":{"rendered":"<p>Jujutsu Kaisen &#8211; Todo Aoi | 1:6 Resin Statue | von LingYu Studio I do ship EU-wide, please contact me, should questions arise. Tolle Statue vom Jujuzist im dritten Lehrjahr der Jujutsu-Akademie Kyouto Wunderbar verarbeitete und sehr detaillierte Todo Aoi Statue aus Polystone &#8211; k\u00fcnstlichem Stein-Harz-Gemisch. Besonderheiten: 188 St\u00fcck weltweit Release-Status: Preorder. Statue wird voraussichtlich [&hellip;]<\/p>\n","protected":false},"featured_media":12937,"comment_status":"closed","ping_status":"closed","template":"","meta":[],"product_brand":[],"product_cat":[24,1237,568,84],"product_tag":[612,659,666,658,147,251,383,553,1371,795,1369,1372,1374,154,136,554,379,381,552,547,1662,1659,1660,1661,1663],"class_list":{"0":"post-12936","1":"product","2":"type-product","3":"status-publish","4":"has-post-thumbnail","6":"product_cat-action-figuren","7":"product_cat-jujutsu-kaisen","8":"product_cat-preorder","9":"product_cat-statuen-anime-comic-universum","10":"product_tag-anime","11":"product_tag-anime-figuren","12":"product_tag-anime-figuren-shop","13":"product_tag-anime-toys","14":"product_tag-collectibles","15":"product_tag-collectibles-kaufen","16":"product_tag-collector","17":"product_tag-figure-collector","18":"product_tag-fushiguro-resin","19":"product_tag-handsomecake","20":"product_tag-jujutsu-kaisen","21":"product_tag-jujutsu-kaisen-statue","22":"product_tag-jujutsu-kaisen-toys","23":"product_tag-resin-collectibles","24":"product_tag-resin-statuen","25":"product_tag-resin-statues","26":"product_tag-statue-collectible","27":"product_tag-statue-collectibles","28":"product_tag-statue-collector","29":"product_tag-statues-collector","30":"product_tag-todo","31":"product_tag-todo-aoi","32":"product_tag-todo-aoi-collectibles","33":"product_tag-todo-aoi-toys","34":"product_tag-todo-collectibles","35":"pa_brand-lingyu-studio","36":"pa_scale-1_to_6","38":"first","39":"instock","40":"taxable","41":"shipping-taxable","42":"product-type-simple"},"_links":{"self":[{"href":"https:\/\/store.handsomecake.com\/en\/wp-json\/wp\/v2\/product\/12936","targetHints":{"allow":["GET"]}}],"collection":[{"href":"https:\/\/store.handsomecake.com\/en\/wp-json\/wp\/v2\/product"}],"about":[{"href":"https:\/\/store.handsomecake.com\/en\/wp-json\/wp\/v2\/types\/product"}],"replies":[{"embeddable":true,"href":"https:\/\/store.handsomecake.com\/en\/wp-json\/wp\/v2\/comments?post=12936"}],"wp:featuredmedia":[{"embeddable":true,"href":"https:\/\/store.handsomecake.com\/en\/wp-json\/wp\/v2\/media\/12937"}],"wp:attachment":[{"href":"https:\/\/store.handsomecake.com\/en\/wp-json\/wp\/v2\/media?parent=12936"}],"wp:term":[{"taxonomy":"product_brand","embeddable":true,"href":"https:\/\/store.handsomecake.com\/en\/wp-json\/wp\/v2\/product_brand?post=12936"},{"taxonomy":"product_cat","embeddable":true,"href":"https:\/\/store.handsomecake.com\/en\/wp-json\/wp\/v2\/product_cat?post=12936"},{"taxonomy":"product_tag","embeddable":true,"href":"https:\/\/store.handsomecake.com\/en\/wp-json\/wp\/v2\/product_tag?post=12936"}],"curies":[{"name":"wp","href":"https:\/\/api.w.org\/{rel}","templated":true}]}}