{"id":12890,"date":"2022-06-30T23:18:25","date_gmt":"2022-06-30T23:18:25","guid":{"rendered":"https:\/\/store.handsomecake.com\/product\/dragon-ball-z-broly-vs-gohan-14-resin-statue-von-vlad-collectibles\/"},"modified":"2024-06-12T15:20:06","modified_gmt":"2024-06-12T15:20:06","slug":"dragon-ball-z-broly-vs-gohan-14-resin-statue-von-vlad-collectibles","status":"publish","type":"product","link":"https:\/\/store.handsomecake.com\/en\/product\/dragon-ball-z-broly-vs-gohan-14-resin-statue-von-vlad-collectibles\/","title":{"rendered":"Dragon Ball Z &#8211; Broly vs. Gohan | 1:4 Resin Statue | von Vlad Collectibles"},"content":{"rendered":"<p>Dragon Ball Z &#8211; Broly vs. Gohan | 1:4 Resin Statue | von Vlad Collectibles<\/p>\n<p>EU Taxfree! I do ship EU-wide, please contact me, should questions arise.<\/p>\n<p>Tolle Statue von Broly vs. Gohan Kampf<br \/>\nWunderbar verarbeitete und sehr detaillierte Broly vs. Gohan Statue aus Polystone &#8211; k\u00fcnstlichem Stein-Harz-Gemisch.<\/p>\n<p><strong>Besonderheiten:<\/strong><\/p>\n<ul>\n<li>Variante mit LED<\/li>\n<li>\u00a0weltweit nur 100 St\u00fcck<\/li>\n<li>auch verf\u00fcgbar: Variante ohne LED<\/li>\n<\/ul>\n<p><strong>Release-Status:<\/strong><\/p>\n<ul>\n<li>Pre order. Release ca. Ende Q1 2023 erwartet, bei uns im Lager voraussichtlich Ende Mai 2023.<\/li>\n<\/ul>\n<p>Wie immer bei meinen Artikeln &#8211; s\u00e4mtliche Geb\u00fchren sind, im Gegensatz zu anderen Angeboten, bereits inkludiert. Versand erfolgt ausschlie\u00dflich aus Deutschland, es fallen keine Zoll- und Importgeb\u00fchren an. Ihr kauft keine Katze im Sack \ud83d\ude42<\/p>\n<p><strong>Ma\u00dfe der Statue:<\/strong><\/p>\n<ul>\n<li>Gr\u00f6\u00dfe: ca. H77cm x W56cm x D54cm<\/li>\n<li>Gewicht: TBA, gesch\u00e4tzt 20kg<\/li>\n<\/ul>\n<p>You are not prepared! \ud83d\ude42<\/p>","protected":false},"excerpt":{"rendered":"<p>Dragon Ball Z &#8211; Broly vs. Gohan | 1:4 Resin Statue | von Vlad Collectibles EU Taxfree! I do ship EU-wide, please contact me, should questions arise. Tolle Statue von Broly vs. Gohan Kampf Wunderbar verarbeitete und sehr detaillierte Broly vs. Gohan Statue aus Polystone &#8211; k\u00fcnstlichem Stein-Harz-Gemisch. Besonderheiten: Variante mit LED \u00a0weltweit nur 100 [&hellip;]<\/p>\n","protected":false},"featured_media":12891,"comment_status":"closed","ping_status":"closed","template":"","meta":[],"product_brand":[],"product_cat":[24,87,84,567],"product_tag":[612,664,666,794,662,640,658,688,685,687,686,147,251,682,683,190,191,97,795,154,136,137,379,381,665,380,382,718],"class_list":{"0":"post-12890","1":"product","2":"type-product","3":"status-publish","4":"has-post-thumbnail","6":"product_cat-action-figuren","7":"product_cat-dragon-ball","8":"product_cat-statuen-anime-comic-universum","9":"product_cat-in_stock_warehouse_china","10":"product_tag-anime","11":"product_tag-anime-figuren-one-piece","12":"product_tag-anime-figuren-shop","13":"product_tag-anime-statue","14":"product_tag-anime-statue-shop","15":"product_tag-anime-statuen","16":"product_tag-anime-toys","17":"product_tag-broly","18":"product_tag-broly-collectible","19":"product_tag-broly-figure","20":"product_tag-broly-statue","21":"product_tag-collectibles","22":"product_tag-collectibles-kaufen","23":"product_tag-dragon-ball-broly","24":"product_tag-dragon-ball-broly-collectible","25":"product_tag-dragon-ball-collectibles","26":"product_tag-dragon-ball-resin","27":"product_tag-dragon-ball-statue","28":"product_tag-handsomecake","29":"product_tag-resin-collectibles","30":"product_tag-resin-statuen","31":"product_tag-resin-statuen-kaufen","32":"product_tag-statue-collectible","33":"product_tag-statue-collectibles","34":"product_tag-statuen-shop","35":"product_tag-statues-collectible","36":"product_tag-statues-collectibles","37":"product_tag-toys","38":"pa_brand-vlad-collectibles","39":"pa_scale-1_to_4","41":"first","42":"instock","43":"taxable","44":"shipping-taxable","45":"product-type-variable"},"_links":{"self":[{"href":"https:\/\/store.handsomecake.com\/en\/wp-json\/wp\/v2\/product\/12890","targetHints":{"allow":["GET"]}}],"collection":[{"href":"https:\/\/store.handsomecake.com\/en\/wp-json\/wp\/v2\/product"}],"about":[{"href":"https:\/\/store.handsomecake.com\/en\/wp-json\/wp\/v2\/types\/product"}],"replies":[{"embeddable":true,"href":"https:\/\/store.handsomecake.com\/en\/wp-json\/wp\/v2\/comments?post=12890"}],"wp:featuredmedia":[{"embeddable":true,"href":"https:\/\/store.handsomecake.com\/en\/wp-json\/wp\/v2\/media\/12891"}],"wp:attachment":[{"href":"https:\/\/store.handsomecake.com\/en\/wp-json\/wp\/v2\/media?parent=12890"}],"wp:term":[{"taxonomy":"product_brand","embeddable":true,"href":"https:\/\/store.handsomecake.com\/en\/wp-json\/wp\/v2\/product_brand?post=12890"},{"taxonomy":"product_cat","embeddable":true,"href":"https:\/\/store.handsomecake.com\/en\/wp-json\/wp\/v2\/product_cat?post=12890"},{"taxonomy":"product_tag","embeddable":true,"href":"https:\/\/store.handsomecake.com\/en\/wp-json\/wp\/v2\/product_tag?post=12890"}],"curies":[{"name":"wp","href":"https:\/\/api.w.org\/{rel}","templated":true}]}}