{"id":1273,"date":"2020-10-27T22:03:53","date_gmt":"2020-10-27T22:03:53","guid":{"rendered":"https:\/\/store.handsomecake.com\/?post_type=product&#038;p=1273"},"modified":"2024-06-12T14:37:07","modified_gmt":"2024-06-12T14:37:07","slug":"diablo-imperius-1-4-resin-statue-von-four-horsemen-studios","status":"publish","type":"product","link":"https:\/\/store.handsomecake.com\/en\/product\/diablo-imperius-1-4-resin-statue-von-four-horsemen-studios\/","title":{"rendered":"Diablo &#8211; Imperius | 1:4 Resin Statue | von Four Horsemen Studios"},"content":{"rendered":"<p><span style=\"font-family: Arial; font-size: large;\">Diablo &#8211; Imperius | 1:4 Resin Statue | von Four Horsemen Studios<\/span><\/p>\n<div>\n<div><span style=\"font-family: Verdana;\">\u00a0<\/span><\/div>\n<div><span style=\"font-family: Verdana;\"><b>I do ship EU-wide, please contact me, should questions arise.\u00a0<\/b><\/span><\/div>\n<div><span style=\"font-family: Verdana;\"><b>EU shipping costs are more an estimate and will be recalculated (and you will receive a refund, if shippings costs turn out to be lower in the end).<\/b><\/span><\/div>\n<div><span style=\"font-family: Verdana;\">Example &#8211; some statues are stated as 58cm width. Until they arrive we can&#8217;t guarantee if its the width WITH packaging or without. If it&#8217;s WITH, we fit under the 60cm rule and if the weight is under 31.5kg as well, shipping will be as low as 43.86\u20ac (current DHL price), if the statue is over 60cm with packaging, we will need to engage a hauling company&#8230;<\/span><\/div>\n<div><span style=\"font-family: Verdana;\">\u00a0<\/span><\/div>\n<div><\/div>\n<p><span style=\"font-family: Verdana; font-size: large;\"><b><u>Tolle Statue der Erzengels<\/u><\/b><\/span><\/p>\n<div><span style=\"font-family: Verdana; font-size: large;\">\u00a0<\/span><\/div>\n<div><span style=\"font-family: Verdana; font-size: large;\">Wunderbar verarbeitete und sehr detaillierte Imperius Statue aus Polystone &#8211; k\u00fcnstlichem Stein-Harz-Gemisch.<\/span><\/div>\n<div><span style=\"font-family: Verdana; font-size: large;\">\u00a0<\/span><\/div>\n<div><span style=\"font-family: Verdana; font-size: large;\"><b>Besonderheiten:<\/b><\/span><\/div>\n<div>\n<ul>\n<li>\n<div>keine<\/div>\n<\/li>\n<\/ul>\n<div><span style=\"font-family: Verdana;\"><b>Release-Status:<\/b><\/span><\/div>\n<div>\n<ul>\n<li>Q2 2021, bei uns im Lager sch\u00e4tzungsweise Ende Juli 2021<\/li>\n<\/ul>\n<\/div>\n<\/div>\n<div><\/div>\n<div><span style=\"font-family: Verdana; font-size: large;\">Wie immer bei meinen Artikeln &#8211; s\u00e4mtliche Geb\u00fchren sind, im Gegensatz zu anderen Angeboten, bereits inkludiert. Versand erfolgt ausschlie\u00dflich aus Deutschland, es fallen <b>keine<\/b>\u00a0Zoll- und Importgeb\u00fchren an. Ihr kauft keine Katze im Sack \ud83d\ude42\u00a0<\/span><\/div>\n<div><span style=\"font-family: Verdana; font-size: large;\">\u00a0<\/span><\/div>\n<div><span style=\"font-family: Verdana; font-size: large;\"><b>Preis-Hinweis:<\/b><\/span><\/div>\n<div><span style=\"font-family: Verdana; font-size: large;\">Solltet ihr die Statue direkt \u00fcber unseren Online-Shop (einfach den Benutzernamen googeln) kaufen, so erhaltet ihr auf jeden Fall die\u00a0<b>Tiefstpreisgarantie<\/b>\u00a0&#8211; sollte beispielsweise der Versand, Zoll oder die Einfuhrumsatzsteuer am Ende, also wenn die Statue bei uns im Warenlager angekommen ist, geringer ausfallen,\u00a0<b>so leiten wir die Preisreduzierung 1:1 an euch weiter!\u00a0<\/b>Der Catfish Arthas war z.b. urspr\u00fcnglich f\u00fcr 1850\u20ac drin, Endpreis war 1569\u20ac.<\/span><\/div>\n<div><\/div>\n<div><\/div>\n<div><span style=\"font-family: Verdana; font-size: large;\">Ma\u00dfe der Statue:\u00a0<\/span><\/div>\n<div><span style=\"font-family: Arial, Helvetica, sans-serif;\"><b>Gr\u00f6\u00dfe: ca. 50cm x 42.5cm x 33<\/b><\/span><strong>cm<\/strong><\/div>\n<div><span style=\"font-family: Verdana; font-size: large;\">Gewicht: ca. 18kg<\/span><\/div>\n<div><span style=\"font-family: Verdana; font-size: large;\">\u00a0<\/span><\/div>\n<div><b>You are not prepared! \ud83d\ude42<\/b><\/div>\n<\/div>","protected":false},"excerpt":{"rendered":"<p>Diablo &#8211; Imperius | 1:4 Resin Statue | von Four Horsemen Studios \u00a0 I do ship EU-wide, please contact me, should questions arise.\u00a0 EU shipping costs are more an estimate and will be recalculated (and you will receive a refund, if shippings costs turn out to be lower in the end). Example &#8211; some statues [&hellip;]<\/p>\n","protected":false},"featured_media":1281,"comment_status":"open","ping_status":"closed","template":"","meta":[],"product_brand":[],"product_cat":[315,81],"product_tag":[147,251,317,318,320,322,324,319,321,323,154,136,137],"class_list":{"0":"post-1273","1":"product","2":"type-product","3":"status-publish","4":"has-post-thumbnail","6":"product_cat-diablo","7":"product_cat-statuen-computerspieluniversum","8":"product_tag-collectibles","9":"product_tag-collectibles-kaufen","10":"product_tag-diablo","11":"product_tag-diablo-collectibles","12":"product_tag-diablo-collectibles-kaufen","13":"product_tag-diablo-imperius","14":"product_tag-diablo-imperius-statue","15":"product_tag-diablo-statuen","16":"product_tag-diablo-statuen-kaufen","17":"product_tag-imperius-collectible","18":"product_tag-resin-collectibles","19":"product_tag-resin-statuen","20":"product_tag-resin-statuen-kaufen","21":"product_shipping_class-national","22":"pa_brand-four-horsemen-studios","23":"pa_scale-1_to_4","25":"first","26":"outofstock","27":"taxable","28":"shipping-taxable","29":"product-type-variable"},"_links":{"self":[{"href":"https:\/\/store.handsomecake.com\/en\/wp-json\/wp\/v2\/product\/1273","targetHints":{"allow":["GET"]}}],"collection":[{"href":"https:\/\/store.handsomecake.com\/en\/wp-json\/wp\/v2\/product"}],"about":[{"href":"https:\/\/store.handsomecake.com\/en\/wp-json\/wp\/v2\/types\/product"}],"replies":[{"embeddable":true,"href":"https:\/\/store.handsomecake.com\/en\/wp-json\/wp\/v2\/comments?post=1273"}],"wp:featuredmedia":[{"embeddable":true,"href":"https:\/\/store.handsomecake.com\/en\/wp-json\/wp\/v2\/media\/1281"}],"wp:attachment":[{"href":"https:\/\/store.handsomecake.com\/en\/wp-json\/wp\/v2\/media?parent=1273"}],"wp:term":[{"taxonomy":"product_brand","embeddable":true,"href":"https:\/\/store.handsomecake.com\/en\/wp-json\/wp\/v2\/product_brand?post=1273"},{"taxonomy":"product_cat","embeddable":true,"href":"https:\/\/store.handsomecake.com\/en\/wp-json\/wp\/v2\/product_cat?post=1273"},{"taxonomy":"product_tag","embeddable":true,"href":"https:\/\/store.handsomecake.com\/en\/wp-json\/wp\/v2\/product_tag?post=1273"}],"curies":[{"name":"wp","href":"https:\/\/api.w.org\/{rel}","templated":true}]}}