{"id":12689,"date":"2022-06-27T17:08:19","date_gmt":"2022-06-27T17:08:19","guid":{"rendered":"https:\/\/store.handsomecake.com\/product\/jojos-bizarre-adventure-dio-brando-14-resin-statue-von-player-1-studio\/"},"modified":"2024-06-12T15:19:18","modified_gmt":"2024-06-12T15:19:18","slug":"jojos-bizarre-adventure-dio-brando-14-resin-statue-von-player-1-studio","status":"publish","type":"product","link":"https:\/\/store.handsomecake.com\/en\/product\/jojos-bizarre-adventure-dio-brando-14-resin-statue-von-player-1-studio\/","title":{"rendered":"JoJo&#8217;s Bizarre Adventure &#8211; Dio Brando | 1:4 Resin Statue | von Player 1 Studio"},"content":{"rendered":"<p>JoJo&#8217;s Bizarre Adventure &#8211; Dio Brando | 1:4 Resin Statue | von Player 1 Studio<\/p>\n<p>I do ship EU-wide, please contact me, should questions arise.<\/p>\n<p>Tolle Statue vom Hauptschurke der Anime-Serie JoJo&#8217;s Bizarre Adventure<br \/>\nWunderbar verarbeitete und sehr detaillierte Dio Brando Statue aus Polystone &#8211; k\u00fcnstlichem Stein-Harz-Gemisch.<\/p>\n<p><strong>Besonderheiten:<\/strong><\/p>\n<ul>\n<li>\u00a0EX Version (mit 3 unterschiedlichen K\u00f6pfen: L\u00e4cheln, Seri\u00f6s, Za Warudo)<\/li>\n<li>\u00a0Standard Version auch verf\u00fcgbar (mit 2 unterschiedlichen K\u00f6pfen: L\u00e4cheln, Seri\u00f6s)<\/li>\n<li>beide Versionen auch in Gr\u00f6\u00dfe 1:6 verf\u00fcgbar<\/li>\n<\/ul>\n<p><strong>Release-Status:<\/strong><\/p>\n<ul>\n<li>Vorbestellung, Release erwartet Ende Q1 2024, Collectible bei uns im Lager sch\u00e4tzungsweise Ende Mai 2024<\/li>\n<\/ul>\n<p>Wie immer bei meinen Aktionen &#8211; s\u00e4mtliche Geb\u00fchren sind, im Gegensatz zu anderen Angeboten, bereits inkludiert. Versand erfolgt ausschlie\u00dflich aus Deutschland, es fallen keine Zoll- und Importgeb\u00fchren an. Ihr kauft keine Katze im Sack \ud83d\ude42<\/p>\n<p><strong>Ma\u00dfe der Statue:<\/strong><\/p>\n<ul>\n<li>Gr\u00f6\u00dfe 1\/4: ca. H80cm x cm x cm<\/li>\n<li>Gr\u00f6\u00dfe 1\/6: ca. H50cm x cm x cm<\/li>\n<li>Gewicht: TBA, gesch\u00e4tzt ca. 20kg<\/li>\n<\/ul>\n<p>You are not prepared! \ud83d\ude42<\/p>","protected":false},"excerpt":{"rendered":"<p>JoJo&#8217;s Bizarre Adventure &#8211; Dio Brando | 1:4 Resin Statue | von Player 1 Studio I do ship EU-wide, please contact me, should questions arise. Tolle Statue vom Hauptschurke der Anime-Serie JoJo&#8217;s Bizarre Adventure Wunderbar verarbeitete und sehr detaillierte Dio Brando Statue aus Polystone &#8211; k\u00fcnstlichem Stein-Harz-Gemisch. Besonderheiten: \u00a0EX Version (mit 3 unterschiedlichen K\u00f6pfen: L\u00e4cheln, [&hellip;]<\/p>\n","protected":false},"featured_media":12725,"comment_status":"closed","ping_status":"closed","template":"","meta":[],"product_brand":[],"product_cat":[24,568,84],"product_tag":[612,659,666,717,794,662,640,658,479,147,251,1624,1623,1625,795,1621,1622,154,255,136,137,379,381,552,380],"class_list":{"0":"post-12689","1":"product","2":"type-product","3":"status-publish","4":"has-post-thumbnail","6":"product_cat-action-figuren","7":"product_cat-preorder","8":"product_cat-statuen-anime-comic-universum","9":"product_tag-anime","10":"product_tag-anime-figuren","11":"product_tag-anime-figuren-shop","12":"product_tag-anime-shop","13":"product_tag-anime-statue","14":"product_tag-anime-statue-shop","15":"product_tag-anime-statuen","16":"product_tag-anime-toys","17":"product_tag-collectible","18":"product_tag-collectibles","19":"product_tag-collectibles-kaufen","20":"product_tag-dio-brando","21":"product_tag-dio-brando-collectible","22":"product_tag-dio-brando-statue","23":"product_tag-handsomecake","24":"product_tag-jojos-bizarre-adventure","25":"product_tag-jojos-bizarre-adventure-statue","26":"product_tag-resin-collectibles","27":"product_tag-resin-collectibles-kaufen","28":"product_tag-resin-statuen","29":"product_tag-resin-statuen-kaufen","30":"product_tag-statue-collectible","31":"product_tag-statue-collectibles","32":"product_tag-statue-collector","33":"product_tag-statues-collectible","34":"pa_brand-player-1-studio","35":"pa_scale-1_to_4","36":"pa_scale-1_to_6","38":"first","39":"instock","40":"taxable","41":"shipping-taxable","42":"product-type-variable"},"_links":{"self":[{"href":"https:\/\/store.handsomecake.com\/en\/wp-json\/wp\/v2\/product\/12689","targetHints":{"allow":["GET"]}}],"collection":[{"href":"https:\/\/store.handsomecake.com\/en\/wp-json\/wp\/v2\/product"}],"about":[{"href":"https:\/\/store.handsomecake.com\/en\/wp-json\/wp\/v2\/types\/product"}],"replies":[{"embeddable":true,"href":"https:\/\/store.handsomecake.com\/en\/wp-json\/wp\/v2\/comments?post=12689"}],"wp:featuredmedia":[{"embeddable":true,"href":"https:\/\/store.handsomecake.com\/en\/wp-json\/wp\/v2\/media\/12725"}],"wp:attachment":[{"href":"https:\/\/store.handsomecake.com\/en\/wp-json\/wp\/v2\/media?parent=12689"}],"wp:term":[{"taxonomy":"product_brand","embeddable":true,"href":"https:\/\/store.handsomecake.com\/en\/wp-json\/wp\/v2\/product_brand?post=12689"},{"taxonomy":"product_cat","embeddable":true,"href":"https:\/\/store.handsomecake.com\/en\/wp-json\/wp\/v2\/product_cat?post=12689"},{"taxonomy":"product_tag","embeddable":true,"href":"https:\/\/store.handsomecake.com\/en\/wp-json\/wp\/v2\/product_tag?post=12689"}],"curies":[{"name":"wp","href":"https:\/\/api.w.org\/{rel}","templated":true}]}}