{"id":12480,"date":"2022-06-21T23:32:27","date_gmt":"2022-06-21T23:32:27","guid":{"rendered":"https:\/\/store.handsomecake.com\/product\/amer-fort-series-elf-14-resin-statue-von-piji-studio\/"},"modified":"2024-11-14T12:10:32","modified_gmt":"2024-11-14T12:10:32","slug":"amer-fort-series-elf-14-resin-statue-von-piji-studio","status":"publish","type":"product","link":"https:\/\/store.handsomecake.com\/en\/product\/amer-fort-series-elf-14-resin-statue-von-piji-studio\/","title":{"rendered":"Amer Fort Series &#8211; Elf | 1:4 Resin Statue | von PIJI Studio"},"content":{"rendered":"<p>Amer Fort Series &#8211; Elf | 1:4 Resin Statue | von PIJI Studio<\/p>\n<p>I do ship EU-wide, please contact me, should questions arise.<\/p>\n<p>Tolle Statue von Elf, das erste St\u00fcck der Amer Fort-Serie in Collaboration mit dem K\u00fcnstler Daeho Cha<br \/>\nWunderbar verarbeitete und sehr detaillierte Elf Statue aus Polystone &#8211; k\u00fcnstlichem Stein-Harz-Gemisch.<\/p>\n<p><strong>Besonderheiten:<\/strong><\/p>\n<ul>\n<li>298 St\u00fcck weltweit<\/li>\n<\/ul>\n<p><strong>Release-Status:<\/strong><\/p>\n<ul>\n<li>Preorder. Statue wird voraussichtlich Ende Q2 2023 erscheinen. Wir erwarten sie sch\u00e4tzungsweise Ende August 2023 bei uns im Warenlager.<\/li>\n<\/ul>\n<p>Wie immer bei meinen Artikeln &#8211; s\u00e4mtliche Geb\u00fchren sind, im Gegensatz zu anderen Angeboten, bereits inkludiert. Versand erfolgt ausschlie\u00dflich aus Deutschland, es fallen keine Zoll- und Importgeb\u00fchren an. Ihr kauft keine Katze im Sack \ud83d\ude42<\/p>\n<p><strong>Ma\u00dfe der Statue:<\/strong><\/p>\n<ul>\n<li>Gr\u00f6\u00dfe: ca. 52cm x 43cm x 45cm<\/li>\n<li>Gewicht: TBA, gesch\u00e4tzt: ca. 14 kg<\/li>\n<\/ul>\n<p>You are not prepared! \ud83d\ude42<\/p>","protected":false},"excerpt":{"rendered":"<p>Amer Fort Series &#8211; Elf | 1:4 Resin Statue | von PIJI Studio I do ship EU-wide, please contact me, should questions arise. Tolle Statue von Elf, das erste St\u00fcck der Amer Fort-Serie in Collaboration mit dem K\u00fcnstler Daeho Cha Wunderbar verarbeitete und sehr detaillierte Elf Statue aus Polystone &#8211; k\u00fcnstlichem Stein-Harz-Gemisch. Besonderheiten: 298 St\u00fcck [&hellip;]<\/p>\n","protected":false},"featured_media":12494,"comment_status":"closed","ping_status":"closed","template":"","meta":[],"product_brand":[],"product_cat":[24,1450,568,184],"product_tag":[1599,1598,1600,612,656,659,666,708,1602,1597,1596,1595,795,1601,379,381,665,380,382,547],"class_list":{"0":"post-12480","1":"product","2":"type-product","3":"status-publish","4":"has-post-thumbnail","6":"product_cat-action-figuren","7":"product_cat-literature","8":"product_cat-preorder","9":"product_cat-sonstige-resin-statuen","10":"product_tag-amerfortfigure","11":"product_tag-amerfortseries","12":"product_tag-amerfortserieself","13":"product_tag-anime","14":"product_tag-anime-collectibles","15":"product_tag-anime-figuren","16":"product_tag-anime-figuren-shop","17":"product_tag-anime-statuen-shop","18":"product_tag-daeho-cha","19":"product_tag-elf","20":"product_tag-elf-figure","21":"product_tag-elf-figurine","22":"product_tag-handsomecake","23":"product_tag-pijistudio","24":"product_tag-statue-collectible","25":"product_tag-statue-collectibles","26":"product_tag-statuen-shop","27":"product_tag-statues-collectible","28":"product_tag-statues-collectibles","29":"product_tag-statues-collector","30":"pa_brand-piji-studio","31":"pa_scale-1_to_4","33":"first","34":"outofstock","35":"taxable","36":"shipping-taxable","37":"product-type-variable"},"_links":{"self":[{"href":"https:\/\/store.handsomecake.com\/en\/wp-json\/wp\/v2\/product\/12480","targetHints":{"allow":["GET"]}}],"collection":[{"href":"https:\/\/store.handsomecake.com\/en\/wp-json\/wp\/v2\/product"}],"about":[{"href":"https:\/\/store.handsomecake.com\/en\/wp-json\/wp\/v2\/types\/product"}],"replies":[{"embeddable":true,"href":"https:\/\/store.handsomecake.com\/en\/wp-json\/wp\/v2\/comments?post=12480"}],"wp:featuredmedia":[{"embeddable":true,"href":"https:\/\/store.handsomecake.com\/en\/wp-json\/wp\/v2\/media\/12494"}],"wp:attachment":[{"href":"https:\/\/store.handsomecake.com\/en\/wp-json\/wp\/v2\/media?parent=12480"}],"wp:term":[{"taxonomy":"product_brand","embeddable":true,"href":"https:\/\/store.handsomecake.com\/en\/wp-json\/wp\/v2\/product_brand?post=12480"},{"taxonomy":"product_cat","embeddable":true,"href":"https:\/\/store.handsomecake.com\/en\/wp-json\/wp\/v2\/product_cat?post=12480"},{"taxonomy":"product_tag","embeddable":true,"href":"https:\/\/store.handsomecake.com\/en\/wp-json\/wp\/v2\/product_tag?post=12480"}],"curies":[{"name":"wp","href":"https:\/\/api.w.org\/{rel}","templated":true}]}}