{"id":12472,"date":"2022-06-21T23:29:06","date_gmt":"2022-06-21T23:29:06","guid":{"rendered":"https:\/\/store.handsomecake.com\/product\/one-piece-nico-robin-14-resin-statue-von-restart-studio\/"},"modified":"2024-06-12T15:18:30","modified_gmt":"2024-06-12T15:18:30","slug":"one-piece-nico-robin-14-resin-statue-von-restart-studio","status":"publish","type":"product","link":"https:\/\/store.handsomecake.com\/en\/product\/one-piece-nico-robin-14-resin-statue-von-restart-studio\/","title":{"rendered":"One Piece &#8211; Nico Robin | 1:4 Resin Statue | von Restart Studio"},"content":{"rendered":"<p>One Piece &#8211; Nico Robin | 1:4 Resin Statue | von Restart Studio<\/p>\n<p>I do ship EU-wide, please contact me, should questions arise.<\/p>\n<p>Tolle Statue unserer geliebten Arch\u00e4ologin<br \/>\nWunderbar verarbeitete und sehr detaillierte Nico Robin Statue\u00a0 aus Polystone &#8211; k\u00fcnstlichem Stein-Harz-Gemisch.<\/p>\n<p><strong>Besonderheiten:<\/strong><\/p>\n<ul>\n<li>mit 2 austauschbaren Kopfen(Wano Style\/Demon Form)<\/li>\n<li>weltweit 188 St\u00fcck<\/li>\n<\/ul>\n<p><strong>Release-Status:<\/strong><\/p>\n<ul>\n<li>Preorder. Statue wird voraussichtlich Q2 2023 erscheinen und wir erwarten sie voraussichtlich Ende August 2023 im Warenlager.<\/li>\n<\/ul>\n<p>Wie immer bei meinen Aktionen &#8211; s\u00e4mtliche Geb\u00fchren sind, im Gegensatz zu anderen Angeboten, bereits inkludiert. Versand erfolgt ausschlie\u00dflich aus Deutschland, es fallen keine Zoll- und Importgeb\u00fchren an. Ihr kauft keine Katze im Sack \ud83d\ude42<\/p>\n<p><strong>Ma\u00dfe der Statue:<\/strong><\/p>\n<ul>\n<li>Gr\u00f6\u00dfe: ca. H:47cm W:30cm D:20cm<\/li>\n<li>Gewicht: ca. 12 kg<\/li>\n<\/ul>\n<p>You are not prepared! \ud83d\ude42<\/p>","protected":false},"excerpt":{"rendered":"<p>One Piece &#8211; Nico Robin | 1:4 Resin Statue | von Restart Studio I do ship EU-wide, please contact me, should questions arise. Tolle Statue unserer geliebten Arch\u00e4ologin Wunderbar verarbeitete und sehr detaillierte Nico Robin Statue\u00a0 aus Polystone &#8211; k\u00fcnstlichem Stein-Harz-Gemisch. Besonderheiten: mit 2 austauschbaren Kopfen(Wano Style\/Demon Form) weltweit 188 St\u00fcck Release-Status: Preorder. Statue wird [&hellip;]<\/p>\n","protected":false},"featured_media":12473,"comment_status":"closed","ping_status":"closed","template":"","meta":[],"product_brand":[],"product_cat":[24,89,568,84],"product_tag":[612,666,717,794,662,640,658,479,147,251,795,1299,1300,1301,164,1302,502,165,154,255,136,137,379,381,552,665,380,382,547,718],"class_list":{"0":"post-12472","1":"product","2":"type-product","3":"status-publish","4":"has-post-thumbnail","6":"product_cat-action-figuren","7":"product_cat-one-piece","8":"product_cat-preorder","9":"product_cat-statuen-anime-comic-universum","10":"product_tag-anime","11":"product_tag-anime-figuren-shop","12":"product_tag-anime-shop","13":"product_tag-anime-statue","14":"product_tag-anime-statue-shop","15":"product_tag-anime-statuen","16":"product_tag-anime-toys","17":"product_tag-collectible","18":"product_tag-collectibles","19":"product_tag-collectibles-kaufen","20":"product_tag-handsomecake","21":"product_tag-nico-robin","22":"product_tag-nico-robin-collectible","23":"product_tag-nico-robin-statue","24":"product_tag-one-piece-collectibles","25":"product_tag-one-piece-nico-robin","26":"product_tag-one-piece-resin","27":"product_tag-one-piece-statue","28":"product_tag-resin-collectibles","29":"product_tag-resin-collectibles-kaufen","30":"product_tag-resin-statuen","31":"product_tag-resin-statuen-kaufen","32":"product_tag-statue-collectible","33":"product_tag-statue-collectibles","34":"product_tag-statue-collector","35":"product_tag-statuen-shop","36":"product_tag-statues-collectible","37":"product_tag-statues-collectibles","38":"product_tag-statues-collector","39":"product_tag-toys","40":"pa_brand-restart-studio","41":"pa_scale-1_to_4","43":"first","44":"instock","45":"taxable","46":"shipping-taxable","47":"product-type-variable"},"_links":{"self":[{"href":"https:\/\/store.handsomecake.com\/en\/wp-json\/wp\/v2\/product\/12472","targetHints":{"allow":["GET"]}}],"collection":[{"href":"https:\/\/store.handsomecake.com\/en\/wp-json\/wp\/v2\/product"}],"about":[{"href":"https:\/\/store.handsomecake.com\/en\/wp-json\/wp\/v2\/types\/product"}],"replies":[{"embeddable":true,"href":"https:\/\/store.handsomecake.com\/en\/wp-json\/wp\/v2\/comments?post=12472"}],"wp:featuredmedia":[{"embeddable":true,"href":"https:\/\/store.handsomecake.com\/en\/wp-json\/wp\/v2\/media\/12473"}],"wp:attachment":[{"href":"https:\/\/store.handsomecake.com\/en\/wp-json\/wp\/v2\/media?parent=12472"}],"wp:term":[{"taxonomy":"product_brand","embeddable":true,"href":"https:\/\/store.handsomecake.com\/en\/wp-json\/wp\/v2\/product_brand?post=12472"},{"taxonomy":"product_cat","embeddable":true,"href":"https:\/\/store.handsomecake.com\/en\/wp-json\/wp\/v2\/product_cat?post=12472"},{"taxonomy":"product_tag","embeddable":true,"href":"https:\/\/store.handsomecake.com\/en\/wp-json\/wp\/v2\/product_tag?post=12472"}],"curies":[{"name":"wp","href":"https:\/\/api.w.org\/{rel}","templated":true}]}}