{"id":12361,"date":"2022-06-20T01:57:56","date_gmt":"2022-06-20T01:57:56","guid":{"rendered":"https:\/\/store.handsomecake.com\/product\/dragon-ball-goku-vs-vegeta-14-resin-statue-von-last-sleep-studio\/"},"modified":"2024-07-27T22:00:26","modified_gmt":"2024-07-27T22:00:26","slug":"dragon-ball-goku-vs-vegeta-14-resin-statue-von-last-sleep-studio","status":"publish","type":"product","link":"https:\/\/store.handsomecake.com\/en\/product\/dragon-ball-goku-vs-vegeta-14-resin-statue-von-last-sleep-studio\/","title":{"rendered":"Dragon Ball &#8211; Goku vs. Vegeta | 1:4 Resin Statue | von LAST SLEEP Studio"},"content":{"rendered":"<p>Dragon Ball &#8211; Goku vs. Vegeta | 1:4 Resin Statue | von LAST SLEEP Studio<\/p>\n<p>I do ship EU-wide, please contact me, should questions arise.<\/p>\n<p>Tolle Statue von Son Goku vs. Majin Vegeta<br \/>\nWunderbar verarbeitete und sehr detaillierte Goku vs. Vegeta Statue aus Polystone &#8211; k\u00fcnstlichem Stein-Harz-Gemisch.<\/p>\n<p><strong>Besonderheiten:<\/strong><\/p>\n<ul>\n<li>(S+)- Version<\/li>\n<li>2 Gr\u00f6\u00dfen: (S) und (S+)<\/li>\n<li>weltweit (S)-Version 228 und (S+)-Version 168 St\u00fcck<\/li>\n<\/ul>\n<p><strong>Release-Status:<\/strong><\/p>\n<ul>\n<li>\n<p class=\"p1\">Lagernd vor Ort \/ In Stock in Germany. Versandfertig in ca. 5 Werktagen.<\/p>\n<\/li>\n<\/ul>\n<p>Wie immer bei meinen Aktionen &#8211; s\u00e4mtliche Geb\u00fchren sind, im Gegensatz zu anderen Angeboten, bereits inkludiert. Versand erfolgt ausschlie\u00dflich aus Deutschland, es fallen keine Zoll- und Importgeb\u00fchren an. Ihr kauft keine Katze im Sack \ud83d\ude42<\/p>\n<p><strong>Ma\u00dfe der Statue:<\/strong><\/p>\n<ul>\n<li>Gr\u00f6\u00dfe (S): ca. H43cm x W68cm x D42cm<\/li>\n<li>Gr\u00f6\u00dfe (S+): ca. H57cm x W55cm x D90cm<\/li>\n<li>Gewicht: TBA, gesch\u00e4tzt 18kg<\/li>\n<\/ul>\n<p>You are not prepared! \ud83d\ude42<\/p>","protected":false},"excerpt":{"rendered":"<p>Dragon Ball &#8211; Goku vs. Vegeta | 1:4 Resin Statue | von LAST SLEEP Studio I do ship EU-wide, please contact me, should questions arise. Tolle Statue von Son Goku vs. Majin Vegeta Wunderbar verarbeitete und sehr detaillierte Goku vs. Vegeta Statue aus Polystone &#8211; k\u00fcnstlichem Stein-Harz-Gemisch. Besonderheiten: (S+)- Version 2 Gr\u00f6\u00dfen: (S) und (S+) [&hellip;]<\/p>\n","protected":false},"featured_media":12362,"comment_status":"closed","ping_status":"closed","template":"","meta":[],"product_brand":[],"product_cat":[24,87,826,84],"product_tag":[147,251,190,471,191,171,346,97,98,674,469,470,154,136,137,1273,472,379,381,380,382,96,675,95],"class_list":{"0":"post-12361","1":"product","2":"type-product","3":"status-publish","4":"has-post-thumbnail","6":"product_cat-action-figuren","7":"product_cat-dragon-ball","8":"product_cat-lagernd-vor-ort","9":"product_cat-statuen-anime-comic-universum","10":"product_tag-collectibles","11":"product_tag-collectibles-kaufen","12":"product_tag-dragon-ball-collectibles","13":"product_tag-dragon-ball-lifesize","14":"product_tag-dragon-ball-resin","15":"product_tag-dragon-ball-son-goku","16":"product_tag-dragon-ball-son-goku-collectible","17":"product_tag-dragon-ball-statue","18":"product_tag-dragon-ball-vegeta","19":"product_tag-dragon-ball-z-vegeta","20":"product_tag-lifesize-collectibles","21":"product_tag-lifesize-statuen","22":"product_tag-resin-collectibles","23":"product_tag-resin-statuen","24":"product_tag-resin-statuen-kaufen","25":"product_tag-resincollectors","26":"product_tag-son-goku-statue","27":"product_tag-statue-collectible","28":"product_tag-statue-collectibles","29":"product_tag-statues-collectible","30":"product_tag-statues-collectibles","31":"product_tag-vegeta","32":"product_tag-vegeta-collectible","33":"product_tag-vegeta-statue","34":"pa_brand-las-sleep-studio","36":"first","37":"outofstock","38":"taxable","39":"shipping-taxable","40":"product-type-variable"},"_links":{"self":[{"href":"https:\/\/store.handsomecake.com\/en\/wp-json\/wp\/v2\/product\/12361","targetHints":{"allow":["GET"]}}],"collection":[{"href":"https:\/\/store.handsomecake.com\/en\/wp-json\/wp\/v2\/product"}],"about":[{"href":"https:\/\/store.handsomecake.com\/en\/wp-json\/wp\/v2\/types\/product"}],"replies":[{"embeddable":true,"href":"https:\/\/store.handsomecake.com\/en\/wp-json\/wp\/v2\/comments?post=12361"}],"wp:featuredmedia":[{"embeddable":true,"href":"https:\/\/store.handsomecake.com\/en\/wp-json\/wp\/v2\/media\/12362"}],"wp:attachment":[{"href":"https:\/\/store.handsomecake.com\/en\/wp-json\/wp\/v2\/media?parent=12361"}],"wp:term":[{"taxonomy":"product_brand","embeddable":true,"href":"https:\/\/store.handsomecake.com\/en\/wp-json\/wp\/v2\/product_brand?post=12361"},{"taxonomy":"product_cat","embeddable":true,"href":"https:\/\/store.handsomecake.com\/en\/wp-json\/wp\/v2\/product_cat?post=12361"},{"taxonomy":"product_tag","embeddable":true,"href":"https:\/\/store.handsomecake.com\/en\/wp-json\/wp\/v2\/product_tag?post=12361"}],"curies":[{"name":"wp","href":"https:\/\/api.w.org\/{rel}","templated":true}]}}