{"id":12352,"date":"2022-06-20T01:55:56","date_gmt":"2022-06-20T01:55:56","guid":{"rendered":"https:\/\/store.handsomecake.com\/product\/one-piece-shirahoshi-16-resin-statue-von-jimei-palace\/"},"modified":"2024-06-12T15:17:55","modified_gmt":"2024-06-12T15:17:55","slug":"one-piece-shirahoshi-16-resin-statue-von-jimei-palace","status":"publish","type":"product","link":"https:\/\/store.handsomecake.com\/en\/product\/one-piece-shirahoshi-16-resin-statue-von-jimei-palace\/","title":{"rendered":"One Piece &#8211; Shirahoshi | 1:6 Resin Statue | von JIMEI Palace"},"content":{"rendered":"<p>One Piece &#8211; Shirahoshi | 1:6 Resin Statue | von JIMEI Palace<\/p>\n<p>I do ship EU-wide, please contact me, should questions arise.<\/p>\n<p>Tolle Statue der Prinzessin des K\u00f6nigreichs Ryuuguu<br \/>\nWunderbar verarbeitete und sehr detaillierte Shirahoshi Statue aus Polystone &#8211; k\u00fcnstlichem Stein-Harz-Gemisch.<\/p>\n<p><strong>Besonderheiten:<\/strong><\/p>\n<ul>\n<li>mit LED<\/li>\n<li>weltweit 1199 St\u00fcck<\/li>\n<li>mit austauschbarem Kopf<\/li>\n<\/ul>\n<p><strong>Release-Status:<\/strong><\/p>\n<ul>\n<li>\u00a0Released. Ab Bestellzeitpunkt in ca. 2-3 Monaten bei Euch.<\/li>\n<\/ul>\n<p>Wie immer bei meinen Aktionen &#8211; s\u00e4mtliche Geb\u00fchren sind, im Gegensatz zu anderen Angeboten, bereits inkludiert. Versand erfolgt ausschlie\u00dflich aus Deutschland, es fallen keine Zoll- und Importgeb\u00fchren an. Ihr kauft keine Katze im Sack \ud83d\ude42<\/p>\n<p><strong>Ma\u00dfe der Statue:<\/strong><\/p>\n<ul>\n<li>Gr\u00f6\u00dfe: ca. 56cm x 52.3cm x 46.1cm<\/li>\n<li>Gewicht: ca 12 kg<\/li>\n<\/ul>\n<p>You are not prepared! \ud83d\ude42<\/p>","protected":false},"excerpt":{"rendered":"<p>One Piece &#8211; Shirahoshi | 1:6 Resin Statue | von JIMEI Palace I do ship EU-wide, please contact me, should questions arise. Tolle Statue der Prinzessin des K\u00f6nigreichs Ryuuguu Wunderbar verarbeitete und sehr detaillierte Shirahoshi Statue aus Polystone &#8211; k\u00fcnstlichem Stein-Harz-Gemisch. Besonderheiten: mit LED weltweit 1199 St\u00fcck mit austauschbarem Kopf Release-Status: \u00a0Released. Ab Bestellzeitpunkt in [&hellip;]<\/p>\n","protected":false},"featured_media":12353,"comment_status":"closed","ping_status":"closed","template":"","meta":[],"product_brand":[],"product_cat":[24,89,84,567],"product_tag":[612,664,666,717,794,662,640,658,479,147,251,795,530,164,502,165,154,255,136,137,1575,1576,1577,379,381,552,380],"class_list":{"0":"post-12352","1":"product","2":"type-product","3":"status-publish","4":"has-post-thumbnail","6":"product_cat-action-figuren","7":"product_cat-one-piece","8":"product_cat-statuen-anime-comic-universum","9":"product_cat-in_stock_warehouse_china","10":"product_tag-anime","11":"product_tag-anime-figuren-one-piece","12":"product_tag-anime-figuren-shop","13":"product_tag-anime-shop","14":"product_tag-anime-statue","15":"product_tag-anime-statue-shop","16":"product_tag-anime-statuen","17":"product_tag-anime-toys","18":"product_tag-collectible","19":"product_tag-collectibles","20":"product_tag-collectibles-kaufen","21":"product_tag-handsomecake","22":"product_tag-luffy-one-piece","23":"product_tag-one-piece-collectibles","24":"product_tag-one-piece-resin","25":"product_tag-one-piece-statue","26":"product_tag-resin-collectibles","27":"product_tag-resin-collectibles-kaufen","28":"product_tag-resin-statuen","29":"product_tag-resin-statuen-kaufen","30":"product_tag-shirahoshi","31":"product_tag-shirahoshi-collectible","32":"product_tag-shirahoshi-statue","33":"product_tag-statue-collectible","34":"product_tag-statue-collectibles","35":"product_tag-statue-collector","36":"product_tag-statues-collectible","37":"pa_brand-jimei-palace","38":"pa_scale-1_to_6","40":"first","41":"outofstock","42":"taxable","43":"shipping-taxable","44":"product-type-simple"},"_links":{"self":[{"href":"https:\/\/store.handsomecake.com\/en\/wp-json\/wp\/v2\/product\/12352","targetHints":{"allow":["GET"]}}],"collection":[{"href":"https:\/\/store.handsomecake.com\/en\/wp-json\/wp\/v2\/product"}],"about":[{"href":"https:\/\/store.handsomecake.com\/en\/wp-json\/wp\/v2\/types\/product"}],"replies":[{"embeddable":true,"href":"https:\/\/store.handsomecake.com\/en\/wp-json\/wp\/v2\/comments?post=12352"}],"wp:featuredmedia":[{"embeddable":true,"href":"https:\/\/store.handsomecake.com\/en\/wp-json\/wp\/v2\/media\/12353"}],"wp:attachment":[{"href":"https:\/\/store.handsomecake.com\/en\/wp-json\/wp\/v2\/media?parent=12352"}],"wp:term":[{"taxonomy":"product_brand","embeddable":true,"href":"https:\/\/store.handsomecake.com\/en\/wp-json\/wp\/v2\/product_brand?post=12352"},{"taxonomy":"product_cat","embeddable":true,"href":"https:\/\/store.handsomecake.com\/en\/wp-json\/wp\/v2\/product_cat?post=12352"},{"taxonomy":"product_tag","embeddable":true,"href":"https:\/\/store.handsomecake.com\/en\/wp-json\/wp\/v2\/product_tag?post=12352"}],"curies":[{"name":"wp","href":"https:\/\/api.w.org\/{rel}","templated":true}]}}