{"id":12299,"date":"2022-06-17T03:30:46","date_gmt":"2022-06-17T03:30:46","guid":{"rendered":"https:\/\/store.handsomecake.com\/product\/onmyoji-yamata-no-orochi-14-resin-statue-von-wangyi-studio\/"},"modified":"2024-06-12T15:17:25","modified_gmt":"2024-06-12T15:17:25","slug":"onmyoji-yamata-no-orochi-14-resin-statue-von-wangyi-studio","status":"publish","type":"product","link":"https:\/\/store.handsomecake.com\/en\/product\/onmyoji-yamata-no-orochi-14-resin-statue-von-wangyi-studio\/","title":{"rendered":"Onmyoji &#8211; Yamata no Orochi | 1:4 Resin Statue | von WangYi Studio"},"content":{"rendered":"<p>Onmyoji &#8211; Yamata no Orochi | 1:4 Resin Statue | von WangYi Studio<\/p>\n<p>EU Taxfree! I do ship EU-wide, please contact me, should questions arise.<\/p>\n<p>Tolle Statue von Shikigami Fallen God Orochi<br \/>\nWunderbar verarbeitete und sehr detaillierte Statue von Yamata no Orochi aus Polystone &#8211; k\u00fcnstlichem Stein-Harz-Gemisch.<\/p>\n<p><strong>Besonderheiten:<\/strong><\/p>\n<ul>\n<li>keine<\/li>\n<\/ul>\n<p><strong>Release-Status:<\/strong><\/p>\n<ul>\n<li>Pre order. Release ca. Q4 2023 erwartet, bei uns im Lager voraussichtlich Ende Februar 2024.<\/li>\n<\/ul>\n<p>Wie immer bei meinen Artikeln &#8211; s\u00e4mtliche Geb\u00fchren sind, im Gegensatz zu anderen Angeboten, bereits inkludiert. Versand erfolgt ausschlie\u00dflich aus Deutschland, es fallen keine Zoll- und Importgeb\u00fchren an. Ihr kauft keine Katze im Sack \ud83d\ude42<\/p>\n<p><strong>Ma\u00dfe der Statue:<\/strong><\/p>\n<ul>\n<li>Gr\u00f6\u00dfe: ca. 85.9cm x cm x cm<\/li>\n<li>Gewicht: TBA, ca. 18kg (gesch\u00e4tzt)<\/li>\n<\/ul>\n<p>You are not prepared! \ud83d\ude42<\/p>","protected":false},"excerpt":{"rendered":"<p>Onmyoji &#8211; Yamata no Orochi | 1:4 Resin Statue | von WangYi Studio EU Taxfree! I do ship EU-wide, please contact me, should questions arise. Tolle Statue von Shikigami Fallen God Orochi Wunderbar verarbeitete und sehr detaillierte Statue von Yamata no Orochi aus Polystone &#8211; k\u00fcnstlichem Stein-Harz-Gemisch. Besonderheiten: keine Release-Status: Pre order. Release ca. Q4 [&hellip;]<\/p>\n","protected":false},"featured_media":12338,"comment_status":"closed","ping_status":"closed","template":"","meta":[],"product_brand":[],"product_cat":[24,568,184,84,81],"product_tag":[612,664,666,717,794,662,640,658,479,147,251,795,1569,1570,1571,154,255,136,137,379,381,552,380,1565,1566,1567,1568],"class_list":{"0":"post-12299","1":"product","2":"type-product","3":"status-publish","4":"has-post-thumbnail","6":"product_cat-action-figuren","7":"product_cat-preorder","8":"product_cat-sonstige-resin-statuen","9":"product_cat-statuen-anime-comic-universum","10":"product_cat-statuen-computerspieluniversum","11":"product_tag-anime","12":"product_tag-anime-figuren-one-piece","13":"product_tag-anime-figuren-shop","14":"product_tag-anime-shop","15":"product_tag-anime-statue","16":"product_tag-anime-statue-shop","17":"product_tag-anime-statuen","18":"product_tag-anime-toys","19":"product_tag-collectible","20":"product_tag-collectibles","21":"product_tag-collectibles-kaufen","22":"product_tag-handsomecake","23":"product_tag-onmyoji-collectibles","24":"product_tag-onmyoji-resin","25":"product_tag-onmyoji-statue","26":"product_tag-resin-collectibles","27":"product_tag-resin-collectibles-kaufen","28":"product_tag-resin-statuen","29":"product_tag-resin-statuen-kaufen","30":"product_tag-statue-collectible","31":"product_tag-statue-collectibles","32":"product_tag-statue-collector","33":"product_tag-statues-collectible","34":"product_tag-yamata","35":"product_tag-yamata-collectible","36":"product_tag-yamata-onmyoji","37":"product_tag-yamata-statue","38":"pa_brand-wangyi-studio","39":"pa_scale-1_to_4","41":"first","42":"instock","43":"taxable","44":"shipping-taxable","45":"product-type-variable"},"_links":{"self":[{"href":"https:\/\/store.handsomecake.com\/en\/wp-json\/wp\/v2\/product\/12299","targetHints":{"allow":["GET"]}}],"collection":[{"href":"https:\/\/store.handsomecake.com\/en\/wp-json\/wp\/v2\/product"}],"about":[{"href":"https:\/\/store.handsomecake.com\/en\/wp-json\/wp\/v2\/types\/product"}],"replies":[{"embeddable":true,"href":"https:\/\/store.handsomecake.com\/en\/wp-json\/wp\/v2\/comments?post=12299"}],"wp:featuredmedia":[{"embeddable":true,"href":"https:\/\/store.handsomecake.com\/en\/wp-json\/wp\/v2\/media\/12338"}],"wp:attachment":[{"href":"https:\/\/store.handsomecake.com\/en\/wp-json\/wp\/v2\/media?parent=12299"}],"wp:term":[{"taxonomy":"product_brand","embeddable":true,"href":"https:\/\/store.handsomecake.com\/en\/wp-json\/wp\/v2\/product_brand?post=12299"},{"taxonomy":"product_cat","embeddable":true,"href":"https:\/\/store.handsomecake.com\/en\/wp-json\/wp\/v2\/product_cat?post=12299"},{"taxonomy":"product_tag","embeddable":true,"href":"https:\/\/store.handsomecake.com\/en\/wp-json\/wp\/v2\/product_tag?post=12299"}],"curies":[{"name":"wp","href":"https:\/\/api.w.org\/{rel}","templated":true}]}}