{"id":1212,"date":"2020-10-25T23:15:59","date_gmt":"2020-10-25T23:15:59","guid":{"rendered":"https:\/\/store.handsomecake.com\/?post_type=product&#038;p=1212"},"modified":"2024-06-12T14:37:44","modified_gmt":"2024-06-12T14:37:44","slug":"dc-comics-superman-life-size-bust-1-1-resin-statue-vom-mirage-hack-studio","status":"publish","type":"product","link":"https:\/\/store.handsomecake.com\/en\/product\/dc-comics-superman-life-size-bust-1-1-resin-statue-vom-mirage-hack-studio\/","title":{"rendered":"DC Comics &#8211; Superman Life Size Bust | 1:1 Resin Statue | vom Mirage Hack Studio"},"content":{"rendered":"<p><span style=\"font-family: Arial; font-size: large;\">DC &#8211; Superman Life Size Bust | 1:1 Resin Bust | vom Mirage Hack Studio<\/span><\/p>\n<div>\n<div>\n<div><span style=\"font-family: Verdana;\">\u00a0<\/span><\/div>\n<div><span style=\"font-family: Verdana;\"><b>I do ship EU-wide, please contact me, should questions arise.\u00a0<\/b><\/span><\/div>\n<div><span style=\"font-family: Verdana;\"><b>EU shipping costs are more an estimate and will be recalculated (and you will receive a refund, if shippings costs turn out to be lower in the end).<\/b><\/span><\/div>\n<div><span style=\"font-family: Verdana;\">Example &#8211; some statues are stated as 58cm width. Until they arrive we can&#8217;t guarantee if its the width WITH packaging or without. If it&#8217;s WITH, we fit under the 60cm rule and if the weight is under 31.5kg as well, shipping will be as low as 43.86\u20ac (current DHL price), if the statue is over 60cm with packaging, we will need to engage a hauling company&#8230;<\/span><\/div>\n<div><span style=\"font-family: Verdana;\">\u00a0<\/span><\/div>\n<div><span style=\"font-size: large;\"><span style=\"font-family: Verdana; font-size: large;\"><b><u>\u00a0<\/u><\/b><\/span><\/span><\/div>\n<p><span style=\"font-family: Verdana; font-size: large;\"><b><u>Tolle B\u00fcste von Kryptons Sohn<\/u><\/b><\/span><\/p>\n<div><span style=\"font-family: Verdana; font-size: large;\">\u00a0<\/span><\/div>\n<div><span style=\"font-family: Verdana; font-size: large;\">Wunderbar verarbeitete und sehr detaillierte Superman B\u00fcste aus Polystone &#8211; k\u00fcnstlichem Stein-Harz-Gemisch.<\/span><\/div>\n<div><span style=\"font-family: Verdana; font-size: large;\">\u00a0<\/span><\/div>\n<div><span style=\"font-family: Verdana; font-size: large;\"><b>Besonderheiten:<\/b><\/span><\/div>\n<div>\n<ul>\n<li>\n<div>Keine<\/div>\n<\/li>\n<\/ul>\n<div><span style=\"font-family: Verdana;\"><b>Release-Status:<\/b><\/span><\/div>\n<div>\n<ul>\n<li>\n<div>\n<div>Vorbestellung, Release erwartet Ende Q1 2021, Collectible bei uns im Lager Ende April 2021<\/div>\n<\/div>\n<\/li>\n<\/ul>\n<\/div>\n<\/div>\n<div><\/div>\n<div><span style=\"font-family: Verdana; font-size: large;\">Wie immer bei meinen Aktionen &#8211; s\u00e4mtliche Geb\u00fchren sind, im Gegensatz zu anderen Angeboten, bereits inkludiert. Versand erfolgt ausschlie\u00dflich aus Deutschland, es fallen\u00a0<b>keine<\/b>\u00a0Zoll- und Importgeb\u00fchren an. Ihr kauft keine Katze im Sack \ud83d\ude42\u00a0<\/span><\/div>\n<div><span style=\"font-family: Verdana; font-size: large;\">\u00a0<\/span><\/div>\n<div><span style=\"font-family: Verdana; font-size: large;\"><b>Preis-Hinweis:<\/b><\/span><\/div>\n<div><span style=\"font-family: Verdana; font-size: large;\">Solltet ihr die Statue direkt \u00fcber unseren Online-Shop (einfach den Benutzernamen googeln) kaufen, so erhaltet ihr auf jeden Fall die\u00a0<b>Tiefstpreisgarantie<\/b>\u00a0&#8211; sollte beispielsweise der Versand, Zoll oder die Einfuhrumsatzsteuer am Ende, also wenn die Statue bei uns im Warenlager angekommen ist, geringer ausfallen,\u00a0<b>so leiten wir die Preisreduzierung 1:1 an euch weiter!\u00a0<\/b>Der Catfish Arthas war z.b. urspr\u00fcnglich f\u00fcr 1850\u20ac drin, Endpreis war 1569\u20ac.<\/span><\/div>\n<div><\/div>\n<div><\/div>\n<div><span style=\"font-family: Verdana; font-size: large;\">Ma\u00dfe der Statue:\u00a0<\/span><\/div>\n<div><span style=\"font-family: Arial, Helvetica, sans-serif;\"><b>Gr\u00f6\u00dfe: ca. 45cm x 65cm x 50cm<\/b><\/span><\/div>\n<div><span style=\"font-family: Verdana; font-size: large;\">Gewicht: TBA, gesch\u00e4tzt 20kg<\/span><\/div>\n<div><span style=\"font-family: Verdana; font-size: large;\">\u00a0<\/span><\/div>\n<div><b>You are not prepared! \ud83d\ude42<\/b><\/div>\n<div><\/div>\n<\/div>\n<\/div>","protected":false},"excerpt":{"rendered":"<p>DC &#8211; Superman Life Size Bust | 1:1 Resin Bust | vom Mirage Hack Studio \u00a0 I do ship EU-wide, please contact me, should questions arise.\u00a0 EU shipping costs are more an estimate and will be recalculated (and you will receive a refund, if shippings costs turn out to be lower in the end). Example [&hellip;]<\/p>\n","protected":false},"featured_media":1213,"comment_status":"open","ping_status":"closed","template":"","meta":[],"product_brand":[],"product_cat":[84,268],"product_tag":[147,251,282,284,281,283,514,469,470,154,136,137,278,279,280],"class_list":{"0":"post-1212","1":"product","2":"type-product","3":"status-publish","4":"has-post-thumbnail","6":"product_cat-statuen-anime-comic-universum","7":"product_cat-dc","8":"product_tag-collectibles","9":"product_tag-collectibles-kaufen","10":"product_tag-dc-collectibles","11":"product_tag-dc-collectibles-kaufen","12":"product_tag-dc-comics","13":"product_tag-dc-comics-collectibles","14":"product_tag-lifesize","15":"product_tag-lifesize-collectibles","16":"product_tag-lifesize-statuen","17":"product_tag-resin-collectibles","18":"product_tag-resin-statuen","19":"product_tag-resin-statuen-kaufen","20":"product_tag-superman-bust","21":"product_tag-superman-bueste","22":"product_tag-superman-collectibles","23":"pa_brand-mirage-hack-studio","24":"pa_scale-1_to_4","26":"first","27":"outofstock","28":"taxable","29":"shipping-taxable","30":"product-type-simple"},"_links":{"self":[{"href":"https:\/\/store.handsomecake.com\/en\/wp-json\/wp\/v2\/product\/1212","targetHints":{"allow":["GET"]}}],"collection":[{"href":"https:\/\/store.handsomecake.com\/en\/wp-json\/wp\/v2\/product"}],"about":[{"href":"https:\/\/store.handsomecake.com\/en\/wp-json\/wp\/v2\/types\/product"}],"replies":[{"embeddable":true,"href":"https:\/\/store.handsomecake.com\/en\/wp-json\/wp\/v2\/comments?post=1212"}],"wp:featuredmedia":[{"embeddable":true,"href":"https:\/\/store.handsomecake.com\/en\/wp-json\/wp\/v2\/media\/1213"}],"wp:attachment":[{"href":"https:\/\/store.handsomecake.com\/en\/wp-json\/wp\/v2\/media?parent=1212"}],"wp:term":[{"taxonomy":"product_brand","embeddable":true,"href":"https:\/\/store.handsomecake.com\/en\/wp-json\/wp\/v2\/product_brand?post=1212"},{"taxonomy":"product_cat","embeddable":true,"href":"https:\/\/store.handsomecake.com\/en\/wp-json\/wp\/v2\/product_cat?post=1212"},{"taxonomy":"product_tag","embeddable":true,"href":"https:\/\/store.handsomecake.com\/en\/wp-json\/wp\/v2\/product_tag?post=1212"}],"curies":[{"name":"wp","href":"https:\/\/api.w.org\/{rel}","templated":true}]}}