{"id":11928,"date":"2022-06-03T15:13:59","date_gmt":"2022-06-03T15:13:59","guid":{"rendered":"https:\/\/store.handsomecake.com\/product\/the-witcher-geralt-of-rivia-11-resin-bust-von-fantasy-toys\/"},"modified":"2024-06-12T15:16:20","modified_gmt":"2024-06-12T15:16:20","slug":"the-witcher-geralt-of-rivia-11-resin-bust-von-fantasy-toys","status":"publish","type":"product","link":"https:\/\/store.handsomecake.com\/en\/product\/the-witcher-geralt-of-rivia-11-resin-bust-von-fantasy-toys\/","title":{"rendered":"The Witcher &#8211; Geralt of Rivia | 1:1 Resin Bust | von Fantasy Toys"},"content":{"rendered":"<p>The Witcher &#8211; Geralt of Rivia | 1:1 Resin Bust | von Fantasy Toys<\/p>\n<p>I do ship EU-wide, please contact me, should questions arise.<\/p>\n<p>Tolle B\u00fcste von dem Schl\u00e4chter von Blaviken<br \/>\nWunderbar verarbeitete und sehr detaillierte Geralt of Rivia B\u00fcste aus Polystone &#8211; k\u00fcnstlichem Stein-Harz-Gemisch.<\/p>\n<p><strong>Besonderheiten:<\/strong><\/p>\n<ul>\n<li>\u00a02 austauschbare Kleidungsst\u00fccke<\/li>\n<\/ul>\n<p><strong>Release-Status:<\/strong><\/p>\n<ul>\n<li>Vorbestellung, Release erwartet Ende Q4 2023, Collectible bei uns im Lager sch\u00e4tzungsweise Ende Februar 2023<\/li>\n<\/ul>\n<p>Wie immer bei meinen Aktionen &#8211; s\u00e4mtliche Geb\u00fchren sind, im Gegensatz zu anderen Angeboten, bereits inkludiert. Versand erfolgt ausschlie\u00dflich aus Deutschland, es fallen keine Zoll- und Importgeb\u00fchren an. Ihr kauft keine Katze im Sack \ud83d\ude42<\/p>\n<p><strong>Ma\u00dfe der Statue:<\/strong><\/p>\n<ul>\n<li>Gr\u00f6\u00dfe: ca. H67cm<\/li>\n<li>Gewicht: TBA, gesch\u00e4tzt 40kg<\/li>\n<\/ul>\n<p>You are not prepared! \ud83d\ude42<\/p>","protected":false},"excerpt":{"rendered":"<p>The Witcher &#8211; Geralt of Rivia | 1:1 Resin Bust | von Fantasy Toys I do ship EU-wide, please contact me, should questions arise. Tolle B\u00fcste von dem Schl\u00e4chter von Blaviken Wunderbar verarbeitete und sehr detaillierte Geralt of Rivia B\u00fcste aus Polystone &#8211; k\u00fcnstlichem Stein-Harz-Gemisch. Besonderheiten: \u00a02 austauschbare Kleidungsst\u00fccke Release-Status: Vorbestellung, Release erwartet Ende Q4 [&hellip;]<\/p>\n","protected":false},"featured_media":11943,"comment_status":"closed","ping_status":"closed","template":"","meta":[],"product_brand":[],"product_cat":[24,1450,568,81],"product_tag":[479,147,251,1521,1523,1522,795,514,469,470,154,255,136,137,379,381,552,665,380,382,547,1520,1524,718,1525],"class_list":{"0":"post-11928","1":"product","2":"type-product","3":"status-publish","4":"has-post-thumbnail","6":"product_cat-action-figuren","7":"product_cat-literature","8":"product_cat-preorder","9":"product_cat-statuen-computerspieluniversum","10":"product_tag-collectible","11":"product_tag-collectibles","12":"product_tag-collectibles-kaufen","13":"product_tag-geralt-collectible","14":"product_tag-geralt-of-rivia","15":"product_tag-geralt-statue","16":"product_tag-handsomecake","17":"product_tag-lifesize","18":"product_tag-lifesize-collectibles","19":"product_tag-lifesize-statuen","20":"product_tag-resin-collectibles","21":"product_tag-resin-collectibles-kaufen","22":"product_tag-resin-statuen","23":"product_tag-resin-statuen-kaufen","24":"product_tag-statue-collectible","25":"product_tag-statue-collectibles","26":"product_tag-statue-collector","27":"product_tag-statuen-shop","28":"product_tag-statues-collectible","29":"product_tag-statues-collectibles","30":"product_tag-statues-collector","31":"product_tag-the-witcher","32":"product_tag-the-witcher-collectibles","33":"product_tag-toys","34":"product_tag-witcher-statuen","35":"pa_brand-fantasy-toys","36":"pa_scale-1_to_1","38":"first","39":"instock","40":"taxable","41":"shipping-taxable","42":"product-type-variable"},"_links":{"self":[{"href":"https:\/\/store.handsomecake.com\/en\/wp-json\/wp\/v2\/product\/11928","targetHints":{"allow":["GET"]}}],"collection":[{"href":"https:\/\/store.handsomecake.com\/en\/wp-json\/wp\/v2\/product"}],"about":[{"href":"https:\/\/store.handsomecake.com\/en\/wp-json\/wp\/v2\/types\/product"}],"replies":[{"embeddable":true,"href":"https:\/\/store.handsomecake.com\/en\/wp-json\/wp\/v2\/comments?post=11928"}],"wp:featuredmedia":[{"embeddable":true,"href":"https:\/\/store.handsomecake.com\/en\/wp-json\/wp\/v2\/media\/11943"}],"wp:attachment":[{"href":"https:\/\/store.handsomecake.com\/en\/wp-json\/wp\/v2\/media?parent=11928"}],"wp:term":[{"taxonomy":"product_brand","embeddable":true,"href":"https:\/\/store.handsomecake.com\/en\/wp-json\/wp\/v2\/product_brand?post=11928"},{"taxonomy":"product_cat","embeddable":true,"href":"https:\/\/store.handsomecake.com\/en\/wp-json\/wp\/v2\/product_cat?post=11928"},{"taxonomy":"product_tag","embeddable":true,"href":"https:\/\/store.handsomecake.com\/en\/wp-json\/wp\/v2\/product_tag?post=11928"}],"curies":[{"name":"wp","href":"https:\/\/api.w.org\/{rel}","templated":true}]}}