{"id":11905,"date":"2022-06-02T00:20:55","date_gmt":"2022-06-02T00:20:55","guid":{"rendered":"https:\/\/store.handsomecake.com\/product\/elden-ring-ranni-the-witch-14-resin-statue-von-tr-studio\/"},"modified":"2024-06-12T15:16:16","modified_gmt":"2024-06-12T15:16:16","slug":"elden-ring-ranni-the-witch-14-resin-statue-von-tr-studio","status":"publish","type":"product","link":"https:\/\/store.handsomecake.com\/en\/product\/elden-ring-ranni-the-witch-14-resin-statue-von-tr-studio\/","title":{"rendered":"Elden Ring &#8211; Ranni the Witch | 1:4 Resin Statue | von TR Studio"},"content":{"rendered":"<p>Elden Ring &#8211; Ranni the Witch | 1:4 Resin Statue | von TR Studio<\/p>\n<p>EU Taxfree! I do ship EU-wide, please contact me, should questions arise.<\/p>\n<p>Tolle Statue einer der zentralen Figuren aus Elden Ring &#8222;Pricess of the moon Ranni&#8220;<br \/>\n<em><strong>&#8222;I am the witch Ranni. I stole Death long ago, and search now for the dark path.&#8220;<\/strong><\/em><br \/>\nWunderbar verarbeitete und sehr detaillierte Ranni the Witch Statue aus Polystone &#8211; k\u00fcnstlichem Stein-Harz-Gemisch.<\/p>\n<p><strong>Besonderheiten:<\/strong><\/p>\n<ul>\n<li>Weltweit auf 129 St\u00fcck begrenzt<\/li>\n<li>Umhang aus echtem Stoff<\/li>\n<li>wegen der silbernen Farbe leuchtet unter dem Licht<\/li>\n<\/ul>\n<p><strong>Release-Status:<\/strong><\/p>\n<ul>\n<li>Preorder. Voraussichtlicher Release-Termin: Ende Q4 2022, voraussichtlich bei uns im Lager: Februar 2023<\/li>\n<\/ul>\n<p>Wie immer bei meinen Aktionen &#8211; s\u00e4mtliche Geb\u00fchren sind, im Gegensatz zu anderen Angeboten, bereits inkludiert. Versand erfolgt ausschlie\u00dflich aus Deutschland, es fallen keine Zoll- und Importgeb\u00fchren an. Ihr kauft keine Katze im Sack \ud83d\ude42<\/p>\n<p><strong>Ma\u00dfe der Statue:<\/strong><\/p>\n<ul>\n<li>Gr\u00f6\u00dfe: ca. 64cm x 32cm x 32cm<\/li>\n<li>Gewicht: ca. 10 kg (gesch\u00e4tzt)<\/li>\n<\/ul>\n<p>You are not prepared! \ud83d\ude42<\/p>","protected":false},"excerpt":{"rendered":"<p>Elden Ring &#8211; Ranni the Witch | 1:4 Resin Statue | von TR Studio EU Taxfree! I do ship EU-wide, please contact me, should questions arise. Tolle Statue einer der zentralen Figuren aus Elden Ring &#8222;Pricess of the moon Ranni&#8220; &#8222;I am the witch Ranni. I stole Death long ago, and search now for the [&hellip;]<\/p>\n","protected":false},"featured_media":11914,"comment_status":"closed","ping_status":"closed","template":"","meta":[],"product_brand":[],"product_cat":[24,568,81],"product_tag":[612,666,794,662,640,658,147,251,1332,1329,2489,1330,1331,2490,1333,795,1334,1335,1337,1336,154,136,137,379,381,665,380,382,718],"class_list":{"0":"post-11905","1":"product","2":"type-product","3":"status-publish","4":"has-post-thumbnail","6":"product_cat-action-figuren","7":"product_cat-preorder","8":"product_cat-statuen-computerspieluniversum","9":"product_tag-anime","10":"product_tag-anime-figuren-shop","11":"product_tag-anime-statue","12":"product_tag-anime-statue-shop","13":"product_tag-anime-statuen","14":"product_tag-anime-toys","15":"product_tag-collectibles","16":"product_tag-collectibles-kaufen","17":"product_tag-elden-ring","18":"product_tag-elden-ring-collectibles","19":"product_tag-elden-ring-figur","20":"product_tag-elden-ring-resin","21":"product_tag-elden-ring-resin-statue","22":"product_tag-elden-ring-statue","23":"product_tag-elden-ring-statuen","24":"product_tag-handsomecake","25":"product_tag-ranni","26":"product_tag-ranni-collectible","27":"product_tag-ranni-the-witch","28":"product_tag-ranni-the-witch-statue","29":"product_tag-resin-collectibles","30":"product_tag-resin-statuen","31":"product_tag-resin-statuen-kaufen","32":"product_tag-statue-collectible","33":"product_tag-statue-collectibles","34":"product_tag-statuen-shop","35":"product_tag-statues-collectible","36":"product_tag-statues-collectibles","37":"product_tag-toys","38":"pa_brand-tr-studio","39":"pa_scale-1_to_4","41":"first","42":"instock","43":"taxable","44":"shipping-taxable","45":"product-type-simple"},"_links":{"self":[{"href":"https:\/\/store.handsomecake.com\/en\/wp-json\/wp\/v2\/product\/11905","targetHints":{"allow":["GET"]}}],"collection":[{"href":"https:\/\/store.handsomecake.com\/en\/wp-json\/wp\/v2\/product"}],"about":[{"href":"https:\/\/store.handsomecake.com\/en\/wp-json\/wp\/v2\/types\/product"}],"replies":[{"embeddable":true,"href":"https:\/\/store.handsomecake.com\/en\/wp-json\/wp\/v2\/comments?post=11905"}],"wp:featuredmedia":[{"embeddable":true,"href":"https:\/\/store.handsomecake.com\/en\/wp-json\/wp\/v2\/media\/11914"}],"wp:attachment":[{"href":"https:\/\/store.handsomecake.com\/en\/wp-json\/wp\/v2\/media?parent=11905"}],"wp:term":[{"taxonomy":"product_brand","embeddable":true,"href":"https:\/\/store.handsomecake.com\/en\/wp-json\/wp\/v2\/product_brand?post=11905"},{"taxonomy":"product_cat","embeddable":true,"href":"https:\/\/store.handsomecake.com\/en\/wp-json\/wp\/v2\/product_cat?post=11905"},{"taxonomy":"product_tag","embeddable":true,"href":"https:\/\/store.handsomecake.com\/en\/wp-json\/wp\/v2\/product_tag?post=11905"}],"curies":[{"name":"wp","href":"https:\/\/api.w.org\/{rel}","templated":true}]}}