{"id":11823,"date":"2022-05-30T22:22:08","date_gmt":"2022-05-30T22:22:08","guid":{"rendered":"https:\/\/store.handsomecake.com\/product\/iron-maiden-eddie-the-chinese-dragon-14-resin-statue-von-xm-studios\/"},"modified":"2024-06-12T15:15:46","modified_gmt":"2024-06-12T15:15:46","slug":"iron-maiden-eddie-the-chinese-dragon-14-resin-statue-von-xm-studios","status":"publish","type":"product","link":"https:\/\/store.handsomecake.com\/en\/product\/iron-maiden-eddie-the-chinese-dragon-14-resin-statue-von-xm-studios\/","title":{"rendered":"Iron Maiden &#8211; Eddie &#038; The Chinese Dragon | 1:4 Resin Statue | von XM Studios"},"content":{"rendered":"<p>Iron Maiden &#8211; Eddie &amp; The Chinese Dragon | 1:4 Resin Statue | von XM Studios<\/p>\n<p>EU Taxfree! I do ship EU-wide, please contact me, should questions arise.<\/p>\n<p>Iron Maidens Eddie reitet auf dem chinesischen Drachen (The Book of Souls World Tour in China 2016)<br \/>\nWunderbar verarbeitete und sehr detaillierte Eddie &amp; The Chinese Dragon Statue aus Polystone &#8211; k\u00fcnstlichem Stein-Harz-Gemisch.<\/p>\n<p><strong>Besonderheiten:<\/strong><\/p>\n<ul>\n<li>weltweit auf 106 St\u00fcck<\/li>\n<\/ul>\n<p><strong>Release-Status:<\/strong><\/p>\n<ul>\n<li>In Stock<\/li>\n<\/ul>\n<p>Wie immer bei meinen Aktionen &#8211; s\u00e4mtliche Geb\u00fchren sind, im Gegensatz zu anderen Angeboten, bereits inkludiert. Versand erfolgt ausschlie\u00dflich aus Deutschland, es fallen keine Zoll- und Importgeb\u00fchren an. Ihr kauft keine Katze im Sack \ud83d\ude42<\/p>\n<p><strong>Ma\u00dfe der Statue:<\/strong><\/p>\n<ul>\n<li>Gr\u00f6\u00dfe: H76cm x 60cm x 47cm<\/li>\n<li>Gewicht: ca. 20kg<\/li>\n<\/ul>\n<p>You are not prepared! \ud83d\ude42<\/p>","protected":false},"excerpt":{"rendered":"<p>Iron Maiden &#8211; Eddie &amp; The Chinese Dragon | 1:4 Resin Statue | von XM Studios EU Taxfree! I do ship EU-wide, please contact me, should questions arise. Iron Maidens Eddie reitet auf dem chinesischen Drachen (The Book of Souls World Tour in China 2016) Wunderbar verarbeitete und sehr detaillierte Eddie &amp; The Chinese Dragon [&hellip;]<\/p>\n","protected":false},"featured_media":11824,"comment_status":"closed","ping_status":"closed","template":"","meta":[],"product_brand":[],"product_cat":[24,184,567],"product_tag":[666,717,640,658,479,147,251,383,1478,553,795,1475,1476,1477,1480,154,255,136,137,554,379,381,552,380,382,547,1479,718],"class_list":{"0":"post-11823","1":"product","2":"type-product","3":"status-publish","4":"has-post-thumbnail","6":"product_cat-action-figuren","7":"product_cat-sonstige-resin-statuen","8":"product_cat-in_stock_warehouse_china","9":"product_tag-anime-figuren-shop","10":"product_tag-anime-shop","11":"product_tag-anime-statuen","12":"product_tag-anime-toys","13":"product_tag-collectible","14":"product_tag-collectibles","15":"product_tag-collectibles-kaufen","16":"product_tag-collector","17":"product_tag-eddie","18":"product_tag-figure-collector","19":"product_tag-handsomecake","20":"product_tag-iron-maiden","21":"product_tag-iron-maiden-collectible","22":"product_tag-iron-maiden-eddie","23":"product_tag-iron-maiden-toys","24":"product_tag-resin-collectibles","25":"product_tag-resin-collectibles-kaufen","26":"product_tag-resin-statuen","27":"product_tag-resin-statuen-kaufen","28":"product_tag-resin-statues","29":"product_tag-statue-collectible","30":"product_tag-statue-collectibles","31":"product_tag-statue-collector","32":"product_tag-statues-collectible","33":"product_tag-statues-collectibles","34":"product_tag-statues-collector","35":"product_tag-the-book-of-souls-collectibles","36":"product_tag-toys","37":"pa_brand-xm-studios","38":"pa_scale-1_to_4","40":"first","41":"outofstock","42":"taxable","43":"shipping-taxable","44":"product-type-simple"},"_links":{"self":[{"href":"https:\/\/store.handsomecake.com\/en\/wp-json\/wp\/v2\/product\/11823","targetHints":{"allow":["GET"]}}],"collection":[{"href":"https:\/\/store.handsomecake.com\/en\/wp-json\/wp\/v2\/product"}],"about":[{"href":"https:\/\/store.handsomecake.com\/en\/wp-json\/wp\/v2\/types\/product"}],"replies":[{"embeddable":true,"href":"https:\/\/store.handsomecake.com\/en\/wp-json\/wp\/v2\/comments?post=11823"}],"wp:featuredmedia":[{"embeddable":true,"href":"https:\/\/store.handsomecake.com\/en\/wp-json\/wp\/v2\/media\/11824"}],"wp:attachment":[{"href":"https:\/\/store.handsomecake.com\/en\/wp-json\/wp\/v2\/media?parent=11823"}],"wp:term":[{"taxonomy":"product_brand","embeddable":true,"href":"https:\/\/store.handsomecake.com\/en\/wp-json\/wp\/v2\/product_brand?post=11823"},{"taxonomy":"product_cat","embeddable":true,"href":"https:\/\/store.handsomecake.com\/en\/wp-json\/wp\/v2\/product_cat?post=11823"},{"taxonomy":"product_tag","embeddable":true,"href":"https:\/\/store.handsomecake.com\/en\/wp-json\/wp\/v2\/product_tag?post=11823"}],"curies":[{"name":"wp","href":"https:\/\/api.w.org\/{rel}","templated":true}]}}