{"id":11810,"date":"2022-05-30T22:20:04","date_gmt":"2022-05-30T22:20:04","guid":{"rendered":"https:\/\/store.handsomecake.com\/product\/the-darkness-angelus-14-resin-statue-von-xm-studios\/"},"modified":"2024-06-12T15:15:50","modified_gmt":"2024-06-12T15:15:50","slug":"the-darkness-angelus-14-resin-statue-von-xm-studios","status":"publish","type":"product","link":"https:\/\/store.handsomecake.com\/en\/product\/the-darkness-angelus-14-resin-statue-von-xm-studios\/","title":{"rendered":"The Darkness &#8211; Angelus | 1:4 Resin Statue | von XM Studios"},"content":{"rendered":"<p>The Darkness &#8211; Angelus | 1:4 Resin Statue | von XM Studios<\/p>\n<p>EU Taxfree! I do ship EU-wide, please contact me, should questions arise.<\/p>\n<p>Tolle Statue von der Verk\u00f6rperung des Lichts ( Comic Cover The Darkness #3 )<br \/>\nWunderbar verarbeitete und sehr detaillierte Angelus Statue aus Polystone &#8211; k\u00fcnstlichem Stein-Harz-Gemisch.<\/p>\n<p><strong>Besonderheiten:<\/strong><\/p>\n<ul>\n<li>Limited Edition<\/li>\n<\/ul>\n<p><strong>Release-Status:<\/strong><\/p>\n<ul>\n<li>In Stock<\/li>\n<\/ul>\n<p>Wie immer bei meinen Aktionen &#8211; s\u00e4mtliche Geb\u00fchren sind, im Gegensatz zu anderen Angeboten, bereits inkludiert. Versand erfolgt ausschlie\u00dflich aus Deutschland, es fallen keine Zoll- und Importgeb\u00fchren an. Ihr kauft keine Katze im Sack \ud83d\ude42<\/p>\n<p><strong>Ma\u00dfe der Statue:<\/strong><\/p>\n<ul>\n<li>Gr\u00f6\u00dfe: H82cm x 40cm x 32cm<\/li>\n<li>Gewicht: TBA, gesch\u00e4tzt ca. 40kg<\/li>\n<\/ul>\n<p>You are not prepared! \ud83d\ude42<\/p>","protected":false},"excerpt":{"rendered":"<p>The Darkness &#8211; Angelus | 1:4 Resin Statue | von XM Studios EU Taxfree! I do ship EU-wide, please contact me, should questions arise. Tolle Statue von der Verk\u00f6rperung des Lichts ( Comic Cover The Darkness #3 ) Wunderbar verarbeitete und sehr detaillierte Angelus Statue aus Polystone &#8211; k\u00fcnstlichem Stein-Harz-Gemisch. Besonderheiten: Limited Edition Release-Status: Lagernd [&hellip;]<\/p>\n","protected":false},"featured_media":11811,"comment_status":"closed","ping_status":"closed","template":"","meta":[],"product_brand":[],"product_cat":[826,184,84],"product_tag":[1472,1473,1474,666,717,640,658,479,147,251,383,553,795,154,255,136,137,554,379,381,552,380,382,547,1469,1470,1471,718],"class_list":{"0":"post-11810","1":"product","2":"type-product","3":"status-publish","4":"has-post-thumbnail","6":"product_cat-lagernd-vor-ort","7":"product_cat-sonstige-resin-statuen","8":"product_cat-statuen-anime-comic-universum","9":"product_tag-angelus","10":"product_tag-angelus-collectible","11":"product_tag-angelus-the-darkness","12":"product_tag-anime-figuren-shop","13":"product_tag-anime-shop","14":"product_tag-anime-statuen","15":"product_tag-anime-toys","16":"product_tag-collectible","17":"product_tag-collectibles","18":"product_tag-collectibles-kaufen","19":"product_tag-collector","20":"product_tag-figure-collector","21":"product_tag-handsomecake","22":"product_tag-resin-collectibles","23":"product_tag-resin-collectibles-kaufen","24":"product_tag-resin-statuen","25":"product_tag-resin-statuen-kaufen","26":"product_tag-resin-statues","27":"product_tag-statue-collectible","28":"product_tag-statue-collectibles","29":"product_tag-statue-collector","30":"product_tag-statues-collectible","31":"product_tag-statues-collectibles","32":"product_tag-statues-collector","33":"product_tag-the-darkness","34":"product_tag-the-darkness-collectibles","35":"product_tag-the-darkness-toys","36":"product_tag-toys","37":"pa_brand-xm-studios","38":"pa_scale-1_to_4","40":"first","41":"instock","42":"taxable","43":"shipping-taxable","44":"product-type-simple"},"_links":{"self":[{"href":"https:\/\/store.handsomecake.com\/en\/wp-json\/wp\/v2\/product\/11810","targetHints":{"allow":["GET"]}}],"collection":[{"href":"https:\/\/store.handsomecake.com\/en\/wp-json\/wp\/v2\/product"}],"about":[{"href":"https:\/\/store.handsomecake.com\/en\/wp-json\/wp\/v2\/types\/product"}],"replies":[{"embeddable":true,"href":"https:\/\/store.handsomecake.com\/en\/wp-json\/wp\/v2\/comments?post=11810"}],"wp:featuredmedia":[{"embeddable":true,"href":"https:\/\/store.handsomecake.com\/en\/wp-json\/wp\/v2\/media\/11811"}],"wp:attachment":[{"href":"https:\/\/store.handsomecake.com\/en\/wp-json\/wp\/v2\/media?parent=11810"}],"wp:term":[{"taxonomy":"product_brand","embeddable":true,"href":"https:\/\/store.handsomecake.com\/en\/wp-json\/wp\/v2\/product_brand?post=11810"},{"taxonomy":"product_cat","embeddable":true,"href":"https:\/\/store.handsomecake.com\/en\/wp-json\/wp\/v2\/product_cat?post=11810"},{"taxonomy":"product_tag","embeddable":true,"href":"https:\/\/store.handsomecake.com\/en\/wp-json\/wp\/v2\/product_tag?post=11810"}],"curies":[{"name":"wp","href":"https:\/\/api.w.org\/{rel}","templated":true}]}}