{"id":11798,"date":"2022-05-30T22:11:50","date_gmt":"2022-05-30T22:11:50","guid":{"rendered":"https:\/\/store.handsomecake.com\/product\/dragon-ball-frieza-11-resin-statue-vom-sd-studio\/"},"modified":"2024-06-12T15:15:59","modified_gmt":"2024-06-12T15:15:59","slug":"dragon-ball-frieza-11-resin-statue-vom-sd-studio","status":"publish","type":"product","link":"https:\/\/store.handsomecake.com\/en\/product\/dragon-ball-frieza-11-resin-statue-vom-sd-studio\/","title":{"rendered":"Dragon Ball &#8211; Frieza | 1:1 Resin Statue | vom SD STUDIO"},"content":{"rendered":"<p>Dragon Ball &#8211; Frieza | 1:1 Resin Statue | vom SD STUDIO<\/p>\n<p>I do ship EU-wide, please contact me, should questions arise.<\/p>\n<p>Tolle Statue des Imperators von Unverse 7<br \/>\nWunderbar verarbeitete und sehr detaillierte Frieza Statue aus Polystone &#8211; k\u00fcnstlichem Stein-Harz-Gemisch.<\/p>\n<p><strong>Besonderheiten:<\/strong><\/p>\n<ul>\n<li>DX Version: mit Armen<\/li>\n<li>mit LED<\/li>\n<li>weltweit 199 St\u00fcck<\/li>\n<\/ul>\n<p><strong>Release-Status:<\/strong><\/p>\n<ul>\n<li>Lagernd vor Ort. Versandfertig in ca. 5 Werktagen<\/li>\n<\/ul>\n<p>Wie immer bei meinen Aktionen &#8211; s\u00e4mtliche Geb\u00fchren sind, im Gegensatz zu anderen Angeboten, bereits inkludiert. Versand erfolgt ausschlie\u00dflich aus Deutschland, es fallen keine Zoll- und Importgeb\u00fchren an. Ihr kauft keine Katze im Sack \ud83d\ude42<\/p>\n<p><strong>Ma\u00dfe der Statue:<\/strong><\/p>\n<ul>\n<li>Gr\u00f6\u00dfe: ca. 71cm x 78cm x 63cm<\/li>\n<li>Gewicht: ca.90kg<\/li>\n<\/ul>\n<p>&nbsp;<\/p>\n<p>You are not prepared! \ud83d\ude42<\/p>","protected":false},"excerpt":{"rendered":"<p>Dragon Ball &#8211; Frieza | 1:1 Resin Statue | vom SD STUDIO I do ship EU-wide, please contact me, should questions arise. Tolle Statue des Imperators von Unverse 7 Wunderbar verarbeitete und sehr detaillierte Frieza Statue aus Polystone &#8211; k\u00fcnstlichem Stein-Harz-Gemisch. Besonderheiten: DX Version: mit Armen mit LED weltweit 199 St\u00fcck Release-Status: Lagernd vor Ort. [&hellip;]<\/p>\n","protected":false},"featured_media":11799,"comment_status":"closed","ping_status":"closed","template":"","meta":[],"product_brand":[],"product_cat":[87,826,84],"product_tag":[147,190,340,336,338,337,191,171,97,339,332,334,333,98,328,329,330,514,469,470,154,136,137],"class_list":{"0":"post-11798","1":"product","2":"type-product","3":"status-publish","4":"has-post-thumbnail","6":"product_cat-dragon-ball","7":"product_cat-lagernd-vor-ort","8":"product_cat-statuen-anime-comic-universum","9":"product_tag-collectibles","10":"product_tag-dragon-ball-collectibles","11":"product_tag-dragon-ball-collectibles-kaufen","12":"product_tag-dragon-ball-frieza","13":"product_tag-dragon-ball-frieza-collectible","14":"product_tag-dragon-ball-frieza-statue","15":"product_tag-dragon-ball-resin","16":"product_tag-dragon-ball-son-goku","17":"product_tag-dragon-ball-statue","18":"product_tag-dragon-ball-statuen-kaufen","19":"product_tag-dragon-ball-trunks","20":"product_tag-dragon-ball-trunks-collectible","21":"product_tag-dragon-ball-trunks-statue","22":"product_tag-dragon-ball-vegeta","23":"product_tag-dragon-ball-vegetto","24":"product_tag-dragon-ball-vegetto-collectible","25":"product_tag-dragon-ball-vegetto-statue","26":"product_tag-lifesize","27":"product_tag-lifesize-collectibles","28":"product_tag-lifesize-statuen","29":"product_tag-resin-collectibles","30":"product_tag-resin-statuen","31":"product_tag-resin-statuen-kaufen","32":"pa_brand-sd-studio","33":"pa_scale-1_to_1","35":"first","36":"outofstock","37":"sale","38":"taxable","39":"shipping-taxable","40":"product-type-simple"},"_links":{"self":[{"href":"https:\/\/store.handsomecake.com\/en\/wp-json\/wp\/v2\/product\/11798","targetHints":{"allow":["GET"]}}],"collection":[{"href":"https:\/\/store.handsomecake.com\/en\/wp-json\/wp\/v2\/product"}],"about":[{"href":"https:\/\/store.handsomecake.com\/en\/wp-json\/wp\/v2\/types\/product"}],"replies":[{"embeddable":true,"href":"https:\/\/store.handsomecake.com\/en\/wp-json\/wp\/v2\/comments?post=11798"}],"wp:featuredmedia":[{"embeddable":true,"href":"https:\/\/store.handsomecake.com\/en\/wp-json\/wp\/v2\/media\/11799"}],"wp:attachment":[{"href":"https:\/\/store.handsomecake.com\/en\/wp-json\/wp\/v2\/media?parent=11798"}],"wp:term":[{"taxonomy":"product_brand","embeddable":true,"href":"https:\/\/store.handsomecake.com\/en\/wp-json\/wp\/v2\/product_brand?post=11798"},{"taxonomy":"product_cat","embeddable":true,"href":"https:\/\/store.handsomecake.com\/en\/wp-json\/wp\/v2\/product_cat?post=11798"},{"taxonomy":"product_tag","embeddable":true,"href":"https:\/\/store.handsomecake.com\/en\/wp-json\/wp\/v2\/product_tag?post=11798"}],"curies":[{"name":"wp","href":"https:\/\/api.w.org\/{rel}","templated":true}]}}