{"id":11655,"date":"2022-05-28T03:50:00","date_gmt":"2022-05-28T03:50:00","guid":{"rendered":"https:\/\/store.handsomecake.com\/product\/pokemon-giratina-14-resin-statue-von-genesis-studio\/"},"modified":"2024-09-06T08:05:27","modified_gmt":"2024-09-06T08:05:27","slug":"pokemon-giratina-14-resin-statue-von-genesis-studio","status":"publish","type":"product","link":"https:\/\/store.handsomecake.com\/en\/product\/pokemon-giratina-14-resin-statue-von-genesis-studio\/","title":{"rendered":"Pok\u00e9mon &#8211; Giratina | 1:4 Resin Statue | von Genesis Studio"},"content":{"rendered":"<p>Pok\u00e9mon &#8211; Giratina | 1:4 Resin Statue | von Genesis Studio<\/p>\n<p>I do ship EU-wide, please contact me, should questions arise.<\/p>\n<p>Tolle Pok\u00e9mon Statue<br \/>\nWunderbar verarbeitete und sehr detaillierte Giratina Statue aus Polystone &#8211; k\u00fcnstlichem Stein-Harz-Gemisch.<\/p>\n<p><strong>Besonderheiten:<\/strong><\/p>\n<ul>\n<li>200 St\u00fcck weltweit<\/li>\n<\/ul>\n<p><strong>Release-Status:<\/strong><\/p>\n<ul>\n<li>Preorder. Statue wird sch\u00e4tzungsweise am Ende Q4 2022 fertiggestellt und wir erwarten sie bei uns im Lager gegen Ende Februar 2023.<\/li>\n<\/ul>\n<p>Wie immer bei meinen Aktionen &#8211; s\u00e4mtliche Geb\u00fchren sind, im Gegensatz zu anderen Angeboten, bereits inkludiert. Versand erfolgt ausschlie\u00dflich aus Deutschland, es fallen keine Zoll- und Importgeb\u00fchren an. Ihr kauft keine Katze im Sack \ud83d\ude42<\/p>\n<p><strong>Ma\u00dfe der Statue:<\/strong><\/p>\n<ul>\n<li>Gr\u00f6\u00dfe: ca. H40cm x W47cm x D33cm<\/li>\n<li>Gewicht: TBA, gesch\u00e4tzt: ca. 10kg<\/li>\n<\/ul>\n<p>&nbsp;<\/p>\n<p>You are not prepared! \ud83d\ude42<\/p>","protected":false},"excerpt":{"rendered":"<p>Pok\u00e9mon &#8211; Giratina | 1:4 Resin Statue | von Genesis Studio I do ship EU-wide, please contact me, should questions arise. Tolle Pok\u00e9mon Statue Wunderbar verarbeitete und sehr detaillierte Giratina Statue aus Polystone &#8211; k\u00fcnstlichem Stein-Harz-Gemisch. Besonderheiten: 200 St\u00fcck weltweit Release-Status: Preorder. Statue wird sch\u00e4tzungsweise am Ende Q4 2022 fertiggestellt und wir erwarten sie bei [&hellip;]<\/p>\n","protected":false},"featured_media":11681,"comment_status":"closed","ping_status":"closed","template":"","meta":[],"product_brand":[],"product_cat":[24,125,568,84],"product_tag":[147,251,211,213,212,154,136,137],"class_list":{"0":"post-11655","1":"product","2":"type-product","3":"status-publish","4":"has-post-thumbnail","6":"product_cat-action-figuren","7":"product_cat-pokemon","8":"product_cat-preorder","9":"product_cat-statuen-anime-comic-universum","10":"product_tag-collectibles","11":"product_tag-collectibles-kaufen","12":"product_tag-pokemon","13":"product_tag-pokemon-collectibles","14":"product_tag-pokemon-statuen","15":"product_tag-resin-collectibles","16":"product_tag-resin-statuen","17":"product_tag-resin-statuen-kaufen","18":"pa_brand-genesis-studio","19":"pa_scale-1_to_4","21":"first","22":"instock","23":"taxable","24":"shipping-taxable","25":"product-type-variable"},"_links":{"self":[{"href":"https:\/\/store.handsomecake.com\/en\/wp-json\/wp\/v2\/product\/11655","targetHints":{"allow":["GET"]}}],"collection":[{"href":"https:\/\/store.handsomecake.com\/en\/wp-json\/wp\/v2\/product"}],"about":[{"href":"https:\/\/store.handsomecake.com\/en\/wp-json\/wp\/v2\/types\/product"}],"replies":[{"embeddable":true,"href":"https:\/\/store.handsomecake.com\/en\/wp-json\/wp\/v2\/comments?post=11655"}],"wp:featuredmedia":[{"embeddable":true,"href":"https:\/\/store.handsomecake.com\/en\/wp-json\/wp\/v2\/media\/11681"}],"wp:attachment":[{"href":"https:\/\/store.handsomecake.com\/en\/wp-json\/wp\/v2\/media?parent=11655"}],"wp:term":[{"taxonomy":"product_brand","embeddable":true,"href":"https:\/\/store.handsomecake.com\/en\/wp-json\/wp\/v2\/product_brand?post=11655"},{"taxonomy":"product_cat","embeddable":true,"href":"https:\/\/store.handsomecake.com\/en\/wp-json\/wp\/v2\/product_cat?post=11655"},{"taxonomy":"product_tag","embeddable":true,"href":"https:\/\/store.handsomecake.com\/en\/wp-json\/wp\/v2\/product_tag?post=11655"}],"curies":[{"name":"wp","href":"https:\/\/api.w.org\/{rel}","templated":true}]}}