{"id":11566,"date":"2022-05-26T18:55:08","date_gmt":"2022-05-26T18:55:08","guid":{"rendered":"https:\/\/store.handsomecake.com\/product\/one-piece-god-usopp-16-resin-statue-von-box-studio\/"},"modified":"2024-06-12T15:14:40","modified_gmt":"2024-06-12T15:14:40","slug":"one-piece-god-usopp-16-resin-statue-von-box-studio","status":"publish","type":"product","link":"https:\/\/store.handsomecake.com\/en\/product\/one-piece-god-usopp-16-resin-statue-von-box-studio\/","title":{"rendered":"One Piece &#8211; God Usopp | 1:6 Resin Statue | von Box Studio"},"content":{"rendered":"<p>One Piece &#8211; God Usopp | 1:6 Resin Statue | von Box Studio<\/p>\n<p>I do ship EU-wide, please contact me, should questions arise.<\/p>\n<p>Tolle Statue von &#8222;Scharfsch\u00fctzen&#8220; der Strohhutbande<br \/>\nWunderbar verarbeitete und sehr detaillierte God Usopp Statue aus Polystone &#8211; k\u00fcnstlichem Stein-Harz-Gemisch.<\/p>\n<p><strong>Besonderheiten:<\/strong><\/p>\n<ul>\n<li>99 St\u00fcck weltweit<\/li>\n<\/ul>\n<p><strong>Release-Status:<\/strong><\/p>\n<ul>\n<li>Preorder. Statue wird sch\u00e4tzungsweise Q1 2023 fertiggestellt und wir erwarten sie bei uns im Lager gegen Ende Mai 2023.<\/li>\n<\/ul>\n<p>Wie immer bei meinen Aktionen &#8211; s\u00e4mtliche Geb\u00fchren sind, im Gegensatz zu anderen Angeboten, bereits inkludiert. Versand erfolgt ausschlie\u00dflich aus Deutschland, es fallen keine Zoll- und Importgeb\u00fchren an. Ihr kauft keine Katze im Sack \ud83d\ude42<\/p>\n<p>Ma\u00dfe der Statue:<\/p>\n<ul>\n<li>Gr\u00f6\u00dfe: ca. H56cm x W56cm x D57cm<\/li>\n<li>Gewicht: TBA, gesch\u00e4tzt: ca. 14kg<\/li>\n<\/ul>\n<p>You are not prepared! \ud83d\ude42<\/p>","protected":false},"excerpt":{"rendered":"<p>One Piece &#8211; God Usopp | 1:6 Resin Statue | von Box Studio I do ship EU-wide, please contact me, should questions arise. Tolle Statue von &#8222;Scharfsch\u00fctzen&#8220; der Strohhutbande Wunderbar verarbeitete und sehr detaillierte God Usopp Statue aus Polystone &#8211; k\u00fcnstlichem Stein-Harz-Gemisch. Besonderheiten: 99 St\u00fcck weltweit Release-Status: Preorder. Statue wird sch\u00e4tzungsweise Q1 2023 fertiggestellt und [&hellip;]<\/p>\n","protected":false},"featured_media":11594,"comment_status":"closed","ping_status":"closed","template":"","meta":[],"product_brand":[],"product_cat":[24,89,568,84],"product_tag":[506,507,663,664,662,640,147,251,469,470,529,531,621,619,620,530,532,503,504,505,164,501,502,165,154,136,137,379,381,665,380,382],"class_list":{"0":"post-11566","1":"product","2":"type-product","3":"status-publish","4":"has-post-thumbnail","6":"product_cat-action-figuren","7":"product_cat-one-piece","8":"product_cat-preorder","9":"product_cat-statuen-anime-comic-universum","10":"product_tag-ace-portgas-collectible","11":"product_tag-ace-portgas-statue","12":"product_tag-anime-figur-shop","13":"product_tag-anime-figuren-one-piece","14":"product_tag-anime-statue-shop","15":"product_tag-anime-statuen","16":"product_tag-collectibles","17":"product_tag-collectibles-kaufen","18":"product_tag-lifesize-collectibles","19":"product_tag-lifesize-statuen","20":"product_tag-luffy","21":"product_tag-luffy-collectible","22":"product_tag-luffy-d-monkey","23":"product_tag-luffy-figure","24":"product_tag-luffy-figurine","25":"product_tag-luffy-one-piece","26":"product_tag-luffy-statue","27":"product_tag-one-piece-ace-portgas","28":"product_tag-one-piece-ace-portgas-collectible","29":"product_tag-one-piece-ace-statue","30":"product_tag-one-piece-collectibles","31":"product_tag-one-piece-lifesize","32":"product_tag-one-piece-resin","33":"product_tag-one-piece-statue","34":"product_tag-resin-collectibles","35":"product_tag-resin-statuen","36":"product_tag-resin-statuen-kaufen","37":"product_tag-statue-collectible","38":"product_tag-statue-collectibles","39":"product_tag-statuen-shop","40":"product_tag-statues-collectible","41":"product_tag-statues-collectibles","42":"pa_brand-box-studio","43":"pa_scale-1_to_6","45":"first","46":"instock","47":"taxable","48":"shipping-taxable","49":"product-type-variable"},"_links":{"self":[{"href":"https:\/\/store.handsomecake.com\/en\/wp-json\/wp\/v2\/product\/11566","targetHints":{"allow":["GET"]}}],"collection":[{"href":"https:\/\/store.handsomecake.com\/en\/wp-json\/wp\/v2\/product"}],"about":[{"href":"https:\/\/store.handsomecake.com\/en\/wp-json\/wp\/v2\/types\/product"}],"replies":[{"embeddable":true,"href":"https:\/\/store.handsomecake.com\/en\/wp-json\/wp\/v2\/comments?post=11566"}],"wp:featuredmedia":[{"embeddable":true,"href":"https:\/\/store.handsomecake.com\/en\/wp-json\/wp\/v2\/media\/11594"}],"wp:attachment":[{"href":"https:\/\/store.handsomecake.com\/en\/wp-json\/wp\/v2\/media?parent=11566"}],"wp:term":[{"taxonomy":"product_brand","embeddable":true,"href":"https:\/\/store.handsomecake.com\/en\/wp-json\/wp\/v2\/product_brand?post=11566"},{"taxonomy":"product_cat","embeddable":true,"href":"https:\/\/store.handsomecake.com\/en\/wp-json\/wp\/v2\/product_cat?post=11566"},{"taxonomy":"product_tag","embeddable":true,"href":"https:\/\/store.handsomecake.com\/en\/wp-json\/wp\/v2\/product_tag?post=11566"}],"curies":[{"name":"wp","href":"https:\/\/api.w.org\/{rel}","templated":true}]}}