{"id":1156,"date":"2020-10-23T22:23:36","date_gmt":"2020-10-23T22:23:36","guid":{"rendered":"https:\/\/store.handsomecake.com\/product\/dragon-ball-z-android-18-14-resin-statue-vom-green-leaf-studio\/"},"modified":"2024-06-12T14:31:44","modified_gmt":"2024-06-12T14:31:44","slug":"dragon-ball-z-android-18-14-resin-statue-vom-green-leaf-studio","status":"publish","type":"product","link":"https:\/\/store.handsomecake.com\/en\/product\/dragon-ball-z-android-18-14-resin-statue-vom-green-leaf-studio\/","title":{"rendered":"Dragon Ball Z &#8211; Android 18 | 1:4 Resin Statue | vom Green Leaf Studio"},"content":{"rendered":"<p>Dragon Ball Z &#8211; Android 18 &#8218; 1:4 Resin Statue &#8218; vom Green Leaf Studio<\/p>\n<p>I do ship EU-wide, please contact me, should questions arise.<\/p>\n<p>Tolle Statue der sp\u00e4teren Ehefrau von Krillin \ud83d\ude42<\/p>\n<p>Wunderbar verarbeitete und sehr detaillierte Android 18 Statue aus Polystone &#8211; k\u00fcnstlichem Stein-Harz-Gemisch.<\/p>\n<p>Besonderheiten:<\/p>\n<ul>\n<li>Statue kommt in 2 Varianten &#8211; blau-graue und r\u00f6tlichere Kleidung. Bitte gebt bei der Bestellung an, welche ihr haben m\u00f6chtet.<\/li>\n<\/ul>\n<p>Release-Status:<\/p>\n<ul>\n<li>Released und nach sp\u00e4testens 40 Tagen bei euch (normalerweise sogar fr\u00fcher)<\/li>\n<\/ul>\n<p>Wie immer bei meinen Aktionen &#8211; s\u00e4mtliche Geb\u00fchren sind, im Gegensatz zu anderen Angeboten, bereits inkludiert. Versand erfolgt ausschlie\u00dflich aus Deutschland, es fallen keine Zoll- und Importgeb\u00fchren an. Ihr kauft keine Katze im Sack \ud83d\ude42<\/p>\n<p>Preis-Hinweis:<br \/>\nSolltet ihr die Statue direkt \u00fcber unseren Online-Shop (einfach den Benutzernamen googeln) kaufen, so erhaltet ihr auf jeden Fall die Tiefstpreisgarantie &#8211; sollte beispielsweise der Versand, Zoll oder die Einfuhrumsatzsteuer am Ende, also wenn die Statue bei uns im Warenlager angekommen ist, geringer ausfallen, so leiten wir die Preisreduzierung 1:1 an euch weiter! Der Catfish Arthas war z.b. urspr\u00fcnglich f\u00fcr 1850\u20ac drin, Endpreis war 1569\u20ac.<\/p>\n<p>Ma\u00dfe der Statue:<br \/>\nGr\u00f6\u00dfe: ca. 58cm x 23cm x 25cm<br \/>\nGewicht: ca. 5kg<\/p>\n<p>You are not prepared! \ud83d\ude42<\/p>","protected":false},"excerpt":{"rendered":"<p>Dragon Ball Z &#8211; Android 18 &#8218; 1:4 Resin Statue &#8218; vom Green Leaf Studio I do ship EU-wide, please contact me, should questions arise. Tolle Statue der sp\u00e4teren Ehefrau von Krillin \ud83d\ude42 Wunderbar verarbeitete und sehr detaillierte Android 18 Statue aus Polystone &#8211; k\u00fcnstlichem Stein-Harz-Gemisch. Besonderheiten: Statue kommt in 2 Varianten &#8211; blau-graue und [&hellip;]<\/p>\n","protected":false},"featured_media":1157,"comment_status":"closed","ping_status":"closed","template":"","meta":[],"product_brand":[],"product_cat":[87,84],"product_tag":[259,261,260,147,251,190,191,97,154,136,137],"class_list":{"0":"post-1156","1":"product","2":"type-product","3":"status-publish","4":"has-post-thumbnail","6":"product_cat-dragon-ball","7":"product_cat-statuen-anime-comic-universum","8":"product_tag-android-18","9":"product_tag-android-18-collectible","10":"product_tag-android-18-statue","11":"product_tag-collectibles","12":"product_tag-collectibles-kaufen","13":"product_tag-dragon-ball-collectibles","14":"product_tag-dragon-ball-resin","15":"product_tag-dragon-ball-statue","16":"product_tag-resin-collectibles","17":"product_tag-resin-statuen","18":"product_tag-resin-statuen-kaufen","19":"pa_scale-1_to_4","21":"first","22":"outofstock","23":"product-type-simple"},"_links":{"self":[{"href":"https:\/\/store.handsomecake.com\/en\/wp-json\/wp\/v2\/product\/1156","targetHints":{"allow":["GET"]}}],"collection":[{"href":"https:\/\/store.handsomecake.com\/en\/wp-json\/wp\/v2\/product"}],"about":[{"href":"https:\/\/store.handsomecake.com\/en\/wp-json\/wp\/v2\/types\/product"}],"replies":[{"embeddable":true,"href":"https:\/\/store.handsomecake.com\/en\/wp-json\/wp\/v2\/comments?post=1156"}],"wp:featuredmedia":[{"embeddable":true,"href":"https:\/\/store.handsomecake.com\/en\/wp-json\/wp\/v2\/media\/1157"}],"wp:attachment":[{"href":"https:\/\/store.handsomecake.com\/en\/wp-json\/wp\/v2\/media?parent=1156"}],"wp:term":[{"taxonomy":"product_brand","embeddable":true,"href":"https:\/\/store.handsomecake.com\/en\/wp-json\/wp\/v2\/product_brand?post=1156"},{"taxonomy":"product_cat","embeddable":true,"href":"https:\/\/store.handsomecake.com\/en\/wp-json\/wp\/v2\/product_cat?post=1156"},{"taxonomy":"product_tag","embeddable":true,"href":"https:\/\/store.handsomecake.com\/en\/wp-json\/wp\/v2\/product_tag?post=1156"}],"curies":[{"name":"wp","href":"https:\/\/api.w.org\/{rel}","templated":true}]}}