{"id":11541,"date":"2022-05-26T03:55:27","date_gmt":"2022-05-26T03:55:27","guid":{"rendered":"https:\/\/store.handsomecake.com\/product\/one-piece-monkey-d-luffy-boa-hancock-14-resin-statue-von-bingo-studio\/"},"modified":"2024-06-12T15:14:22","modified_gmt":"2024-06-12T15:14:22","slug":"one-piece-monkey-d-luffy-boa-hancock-14-resin-statue-von-bingo-studio","status":"publish","type":"product","link":"https:\/\/store.handsomecake.com\/en\/product\/one-piece-monkey-d-luffy-boa-hancock-14-resin-statue-von-bingo-studio\/","title":{"rendered":"One Piece &#8211; Monkey D. Luffy &amp; Boa Hancock | 1:4 Resin Statue | von Bingo Studio"},"content":{"rendered":"<p>One Piece &#8211; Monkey D. Luffy &amp; Boa Hancock | 1:4 Resin Statue | von Bingo Studio<\/p>\n<p>EU Taxfree! I do ship EU-wide, please contact me, should questions arise.<\/p>\n<p>Tolle Statue des Kapit\u00e4ns der Kuja Piraten und Mugiwara Luffy<br \/>\nWunderbar verarbeitete und sehr detaillierte Statue von Monkey D. Luffy &amp; Boa Hancock aus Polystone &#8211; k\u00fcnstlichem Stein-Harz-Gemisch.<\/p>\n<p><strong>Besonderheiten:<\/strong><\/p>\n<ul>\n<li>DX Version: austauschbare Kopf von Luffy, mit LED<\/li>\n<li>weltweit 50 St\u00fcck<\/li>\n<li>auch Standard Version verf\u00fcgbar(weltweit 200 St\u00fcck)<\/li>\n<\/ul>\n<p><strong>Release-Status:<\/strong><\/p>\n<ul>\n<li>Preorder. Release ca. Q2 2023 erwartet, bei uns im Lager voraussichtlich Ende August 2023.<\/li>\n<\/ul>\n<p>Wie immer bei meinen Artikeln &#8211; s\u00e4mtliche Geb\u00fchren sind, im Gegensatz zu anderen Angeboten, bereits inkludiert. Versand erfolgt ausschlie\u00dflich aus Deutschland, es fallen keine Zoll- und Importgeb\u00fchren an. Ihr kauft keine Katze im Sack \ud83d\ude42<\/p>\n<p><strong>Ma\u00dfe der Statue:<\/strong><\/p>\n<ul>\n<li>Gr\u00f6\u00dfe: ca. 124cm x 70.5cm x 48cm [Deluxe Version]<\/li>\n<li>Gr\u00f6\u00dfe: ca. 40cm x 39.5cm x cm [Standard Version]<\/li>\n<li>Gewicht: ca. 20kg (gesch\u00e4tzt)<\/li>\n<\/ul>\n<p>&nbsp;<\/p>\n<p>You are not prepared! \ud83d\ude42<\/p>\n<p>&nbsp;<\/p>\n","protected":false},"excerpt":{"rendered":"<p>One Piece &#8211; Monkey D. Luffy &amp; Boa Hancock | 1:4 Resin Statue | von Bingo Studio EU Taxfree! I do ship EU-wide, please contact me, should questions arise. Tolle Statue des Kapit\u00e4ns der Kuja Piraten und Mugiwara Luffy Wunderbar verarbeitete und sehr detaillierte Statue von Monkey D. Luffy &amp; Boa Hancock aus Polystone &#8211; [&hellip;]<\/p>\n","protected":false},"featured_media":11596,"comment_status":"closed","ping_status":"closed","template":"","meta":[],"product_brand":[],"product_cat":[24,89,568,84],"product_tag":[612,664,666,717,794,662,640,658,479,147,251,795,529,531,530,532,164,502,165,154,255,136,137,379,381,552,380],"class_list":{"0":"post-11541","1":"product","2":"type-product","3":"status-publish","4":"has-post-thumbnail","6":"product_cat-action-figuren","7":"product_cat-one-piece","8":"product_cat-preorder","9":"product_cat-statuen-anime-comic-universum","10":"product_tag-anime","11":"product_tag-anime-figuren-one-piece","12":"product_tag-anime-figuren-shop","13":"product_tag-anime-shop","14":"product_tag-anime-statue","15":"product_tag-anime-statue-shop","16":"product_tag-anime-statuen","17":"product_tag-anime-toys","18":"product_tag-collectible","19":"product_tag-collectibles","20":"product_tag-collectibles-kaufen","21":"product_tag-handsomecake","22":"product_tag-luffy","23":"product_tag-luffy-collectible","24":"product_tag-luffy-one-piece","25":"product_tag-luffy-statue","26":"product_tag-one-piece-collectibles","27":"product_tag-one-piece-resin","28":"product_tag-one-piece-statue","29":"product_tag-resin-collectibles","30":"product_tag-resin-collectibles-kaufen","31":"product_tag-resin-statuen","32":"product_tag-resin-statuen-kaufen","33":"product_tag-statue-collectible","34":"product_tag-statue-collectibles","35":"product_tag-statue-collector","36":"product_tag-statues-collectible","37":"pa_brand-bingo-studio","38":"pa_scale-1_to_4","40":"first","41":"instock","42":"taxable","43":"shipping-taxable","44":"product-type-variable"},"_links":{"self":[{"href":"https:\/\/store.handsomecake.com\/en\/wp-json\/wp\/v2\/product\/11541","targetHints":{"allow":["GET"]}}],"collection":[{"href":"https:\/\/store.handsomecake.com\/en\/wp-json\/wp\/v2\/product"}],"about":[{"href":"https:\/\/store.handsomecake.com\/en\/wp-json\/wp\/v2\/types\/product"}],"replies":[{"embeddable":true,"href":"https:\/\/store.handsomecake.com\/en\/wp-json\/wp\/v2\/comments?post=11541"}],"wp:featuredmedia":[{"embeddable":true,"href":"https:\/\/store.handsomecake.com\/en\/wp-json\/wp\/v2\/media\/11596"}],"wp:attachment":[{"href":"https:\/\/store.handsomecake.com\/en\/wp-json\/wp\/v2\/media?parent=11541"}],"wp:term":[{"taxonomy":"product_brand","embeddable":true,"href":"https:\/\/store.handsomecake.com\/en\/wp-json\/wp\/v2\/product_brand?post=11541"},{"taxonomy":"product_cat","embeddable":true,"href":"https:\/\/store.handsomecake.com\/en\/wp-json\/wp\/v2\/product_cat?post=11541"},{"taxonomy":"product_tag","embeddable":true,"href":"https:\/\/store.handsomecake.com\/en\/wp-json\/wp\/v2\/product_tag?post=11541"}],"curies":[{"name":"wp","href":"https:\/\/api.w.org\/{rel}","templated":true}]}}