{"id":11529,"date":"2022-05-26T03:52:46","date_gmt":"2022-05-26T03:52:46","guid":{"rendered":"https:\/\/store.handsomecake.com\/product\/one-piece-ace-d-portgas-14-resin-statue-von-hb-studio\/"},"modified":"2024-06-12T15:14:27","modified_gmt":"2024-06-12T15:14:27","slug":"one-piece-ace-d-portgas-14-resin-statue-von-hb-studio","status":"publish","type":"product","link":"https:\/\/store.handsomecake.com\/en\/product\/one-piece-ace-d-portgas-14-resin-statue-von-hb-studio\/","title":{"rendered":"One Piece &#8211; Ace D. Portgas | 1:4 Resin Statue | von HB Studio"},"content":{"rendered":"<p>One Piece &#8211; Ace D. Portgas | 1:4 Resin Statue | von HB Studio<\/p>\n<p>EU Taxfree! I do ship EU-wide, please contact me, should questions arise.<\/p>\n<p>Tolle Statue unseres geliebten Kampfbruders von Luffy<br \/>\nWunderbar verarbeitete und sehr detaillierte Statue von Ace aus Polystone &#8211; k\u00fcnstlichem Stein-Harz-Gemisch.<\/p>\n<p><strong>Besonderheiten<\/strong>:<\/p>\n<ul>\n<li>\u00a0weltweit nur 88 St\u00fcck<\/li>\n<li>es gibt noch Gr\u00f6\u00dfe 1:6<\/li>\n<\/ul>\n<p><strong>Release-Status:<\/strong><\/p>\n<ul>\n<li>Preorder. Release ca. Q4 2022 erwartet, bei uns im Lager voraussichtlich Ende Februar 2023.<\/li>\n<\/ul>\n<p>Wie immer bei meinen Artikeln &#8211; s\u00e4mtliche Geb\u00fchren sind, im Gegensatz zu anderen Angeboten, bereits inkludiert. Versand erfolgt ausschlie\u00dflich aus Deutschland, es fallen keine Zoll- und Importgeb\u00fchren an. Ihr kauft keine Katze im Sack \ud83d\ude42<\/p>\n<p><strong>Ma\u00dfe der Statue:<\/strong><\/p>\n<ul>\n<li>Gr\u00f6\u00dfe: ca. 59cm x 28cm x 30cm<\/li>\n<li>Gewicht: ca. 14kg (gesch\u00e4tzt)<\/li>\n<\/ul>\n<p>You are not prepared! \ud83d\ude42<\/p>","protected":false},"excerpt":{"rendered":"<p>One Piece &#8211; Ace D. Portgas | 1:4 Resin Statue | von HB Studio EU Taxfree! I do ship EU-wide, please contact me, should questions arise. Tolle Statue unseres geliebten Kampfbruders von Luffy Wunderbar verarbeitete und sehr detaillierte Statue von Ace aus Polystone &#8211; k\u00fcnstlichem Stein-Harz-Gemisch. Besonderheiten: \u00a0weltweit nur 88 St\u00fcck es gibt noch Gr\u00f6\u00dfe [&hellip;]<\/p>\n","protected":false},"featured_media":11564,"comment_status":"closed","ping_status":"closed","template":"","meta":[],"product_brand":[],"product_cat":[24,89,568,84],"product_tag":[612,664,666,717,794,662,640,658,479,147,251,795,529,531,530,532,164,502,165,154,255,136,137,379,381,552,380],"class_list":{"0":"post-11529","1":"product","2":"type-product","3":"status-publish","4":"has-post-thumbnail","6":"product_cat-action-figuren","7":"product_cat-one-piece","8":"product_cat-preorder","9":"product_cat-statuen-anime-comic-universum","10":"product_tag-anime","11":"product_tag-anime-figuren-one-piece","12":"product_tag-anime-figuren-shop","13":"product_tag-anime-shop","14":"product_tag-anime-statue","15":"product_tag-anime-statue-shop","16":"product_tag-anime-statuen","17":"product_tag-anime-toys","18":"product_tag-collectible","19":"product_tag-collectibles","20":"product_tag-collectibles-kaufen","21":"product_tag-handsomecake","22":"product_tag-luffy","23":"product_tag-luffy-collectible","24":"product_tag-luffy-one-piece","25":"product_tag-luffy-statue","26":"product_tag-one-piece-collectibles","27":"product_tag-one-piece-resin","28":"product_tag-one-piece-statue","29":"product_tag-resin-collectibles","30":"product_tag-resin-collectibles-kaufen","31":"product_tag-resin-statuen","32":"product_tag-resin-statuen-kaufen","33":"product_tag-statue-collectible","34":"product_tag-statue-collectibles","35":"product_tag-statue-collector","36":"product_tag-statues-collectible","37":"pa_brand-hb-studio","38":"pa_scale-1_to_4","40":"first","41":"outofstock","42":"taxable","43":"shipping-taxable","44":"product-type-variable"},"_links":{"self":[{"href":"https:\/\/store.handsomecake.com\/en\/wp-json\/wp\/v2\/product\/11529","targetHints":{"allow":["GET"]}}],"collection":[{"href":"https:\/\/store.handsomecake.com\/en\/wp-json\/wp\/v2\/product"}],"about":[{"href":"https:\/\/store.handsomecake.com\/en\/wp-json\/wp\/v2\/types\/product"}],"replies":[{"embeddable":true,"href":"https:\/\/store.handsomecake.com\/en\/wp-json\/wp\/v2\/comments?post=11529"}],"wp:featuredmedia":[{"embeddable":true,"href":"https:\/\/store.handsomecake.com\/en\/wp-json\/wp\/v2\/media\/11564"}],"wp:attachment":[{"href":"https:\/\/store.handsomecake.com\/en\/wp-json\/wp\/v2\/media?parent=11529"}],"wp:term":[{"taxonomy":"product_brand","embeddable":true,"href":"https:\/\/store.handsomecake.com\/en\/wp-json\/wp\/v2\/product_brand?post=11529"},{"taxonomy":"product_cat","embeddable":true,"href":"https:\/\/store.handsomecake.com\/en\/wp-json\/wp\/v2\/product_cat?post=11529"},{"taxonomy":"product_tag","embeddable":true,"href":"https:\/\/store.handsomecake.com\/en\/wp-json\/wp\/v2\/product_tag?post=11529"}],"curies":[{"name":"wp","href":"https:\/\/api.w.org\/{rel}","templated":true}]}}