{"id":1148,"date":"2020-10-23T22:23:25","date_gmt":"2020-10-23T22:23:25","guid":{"rendered":"https:\/\/store.handsomecake.com\/product\/pokemon-statue-gba-pikachu-vom-mfc-studio-original\/"},"modified":"2024-06-12T14:31:40","modified_gmt":"2024-06-12T14:31:40","slug":"pokemon-statue-gba-pikachu-vom-mfc-studio-original","status":"publish","type":"product","link":"https:\/\/store.handsomecake.com\/en\/product\/pokemon-statue-gba-pikachu-vom-mfc-studio-original\/","title":{"rendered":"Pokemon Statue &#8218;GBA pikachu&#8216; vom MFC Studio | Original"},"content":{"rendered":"<p>Pokemon Statue &#8218;GBA pikachu&#8216; vom MFC Studio &#8218; Original<br \/>\nBei diesem Artikel handelt es sich um das Original (achtet bitte darauf, da ich auch die Replika im Angebot habe) der Resin Statue &#8218;GBA Pikachu&#8216; vom MFC Studio.<\/p>\n<p>Versand ist (im Gegensatz zu anderen Auktionen) nat\u00fcrlich aus Deutschland&#8230;<\/p>\n<p>Beschreibung:<br \/>\nH\u00f6he: 20cm<br \/>\nGewicht: ca. 1.6 kg<br \/>\nMaterial: Resin<\/p>\n<p>Paket:<br \/>\n1 x Original der Statue &#8218;GBA Pikachu&#8216; vom MFC Studio mit Box<\/p>\n<p>Wir versenden weltweit, die Preise f\u00fcr den weltweiten Versand sind nur Richtwerte und k\u00f6nnen individuell angefragt werden. F\u00fcr deutschlandweiten und EU-weiten Versand sind die Preise genau.<\/p>","protected":false},"excerpt":{"rendered":"<p>Pokemon Statue &#8218;GBA pikachu&#8216; vom MFC Studio &#8218; Original Bei diesem Artikel handelt es sich um das Original (achtet bitte darauf, da ich auch die Replika im Angebot habe) der Resin Statue &#8218;GBA Pikachu&#8216; vom MFC Studio. Versand ist (im Gegensatz zu anderen Auktionen) nat\u00fcrlich aus Deutschland&#8230; Beschreibung: H\u00f6he: 20cm Gewicht: ca. 1.6 kg Material: [&hellip;]<\/p>\n","protected":false},"featured_media":1149,"comment_status":"closed","ping_status":"closed","template":"","meta":[],"product_brand":[],"product_cat":[125,84],"product_tag":[147,251,211,213,212,154,136,137],"class_list":{"0":"post-1148","1":"product","2":"type-product","3":"status-publish","4":"has-post-thumbnail","6":"product_cat-pokemon","7":"product_cat-statuen-anime-comic-universum","8":"product_tag-collectibles","9":"product_tag-collectibles-kaufen","10":"product_tag-pokemon","11":"product_tag-pokemon-collectibles","12":"product_tag-pokemon-statuen","13":"product_tag-resin-collectibles","14":"product_tag-resin-statuen","15":"product_tag-resin-statuen-kaufen","16":"pa_brand-mfc-studio","18":"first","19":"outofstock","20":"product-type-simple"},"_links":{"self":[{"href":"https:\/\/store.handsomecake.com\/en\/wp-json\/wp\/v2\/product\/1148","targetHints":{"allow":["GET"]}}],"collection":[{"href":"https:\/\/store.handsomecake.com\/en\/wp-json\/wp\/v2\/product"}],"about":[{"href":"https:\/\/store.handsomecake.com\/en\/wp-json\/wp\/v2\/types\/product"}],"replies":[{"embeddable":true,"href":"https:\/\/store.handsomecake.com\/en\/wp-json\/wp\/v2\/comments?post=1148"}],"wp:featuredmedia":[{"embeddable":true,"href":"https:\/\/store.handsomecake.com\/en\/wp-json\/wp\/v2\/media\/1149"}],"wp:attachment":[{"href":"https:\/\/store.handsomecake.com\/en\/wp-json\/wp\/v2\/media?parent=1148"}],"wp:term":[{"taxonomy":"product_brand","embeddable":true,"href":"https:\/\/store.handsomecake.com\/en\/wp-json\/wp\/v2\/product_brand?post=1148"},{"taxonomy":"product_cat","embeddable":true,"href":"https:\/\/store.handsomecake.com\/en\/wp-json\/wp\/v2\/product_cat?post=1148"},{"taxonomy":"product_tag","embeddable":true,"href":"https:\/\/store.handsomecake.com\/en\/wp-json\/wp\/v2\/product_tag?post=1148"}],"curies":[{"name":"wp","href":"https:\/\/api.w.org\/{rel}","templated":true}]}}