{"id":11438,"date":"2022-05-24T00:28:39","date_gmt":"2022-05-24T00:28:39","guid":{"rendered":"https:\/\/store.handsomecake.com\/product\/one-piece-monkey-d-luffy-11-resin-lifesize-bust-von-evil-studio\/"},"modified":"2025-03-24T15:05:20","modified_gmt":"2025-03-24T15:05:20","slug":"one-piece-monkey-d-luffy-11-resin-lifesize-bust-von-evil-studio","status":"publish","type":"product","link":"https:\/\/store.handsomecake.com\/en\/product\/one-piece-monkey-d-luffy-11-resin-lifesize-bust-von-evil-studio\/","title":{"rendered":"One Piece &#8211; Monkey D. Luffy | 1:1 Resin Lifesize Bust | von Evil Studio"},"content":{"rendered":"<p>One Piece &#8211; Monkey D. Luffy | 1:1 Resin Lifesize Bust | von Evil Studio<\/p>\n<p>EU Taxfree! I do ship EU-wide, please contact me, should questions arise.<\/p>\n<p>Tolle Statue von dem zuk\u00fcnftigen Piratenk\u00f6nig<br \/>\nWunderbar verarbeitete und sehr detaillierte Statue von Monkey D. Luffy aus Polystone &#8211; k\u00fcnstlichem Stein-Harz-Gemisch.<\/p>\n<p><strong>Besonderheiten:<\/strong><\/p>\n<ul>\n<li>1:1 Variante (es gibt noch 1:4)<\/li>\n<li>66 St\u00fcck weltweit<\/li>\n<\/ul>\n<p><strong>Release-Status:<\/strong><\/p>\n<ul>\n<li>Preorder. Statue wird voraussichtlich Q1 2023 erscheinen und wir erwarten sie voraussichtlich Ende Mai 2023 im Warenlager.<\/li>\n<\/ul>\n<p>Wie immer bei meinen Artikeln &#8211; s\u00e4mtliche Geb\u00fchren sind, im Gegensatz zu anderen Angeboten, bereits inkludiert. Versand erfolgt ausschlie\u00dflich aus Deutschland, es fallen keine Zoll- und Importgeb\u00fchren an. Ihr kauft keine Katze im Sack \ud83d\ude42<\/p>\n<p><strong>Ma\u00dfe der Statue:<\/strong><\/p>\n<ul>\n<li>H\u00f6he: ca. 100cm<\/li>\n<li>Gewicht: ca. 22kg (gesch\u00e4tzt)<\/li>\n<\/ul>\n<p>You are not prepared! \ud83d\ude42<\/p>","protected":false},"excerpt":{"rendered":"<p>One Piece &#8211; Monkey D. Luffy | 1:1 Resin Lifesize Bust | von Evil Studio EU Taxfree! I do ship EU-wide, please contact me, should questions arise. Tolle Statue von dem zuk\u00fcnftigen Piratenk\u00f6nig Wunderbar verarbeitete und sehr detaillierte Statue von Monkey D. Luffy aus Polystone &#8211; k\u00fcnstlichem Stein-Harz-Gemisch. Besonderheiten: 1:1 Variante (es gibt noch 1:4) [&hellip;]<\/p>\n","protected":false},"featured_media":11439,"comment_status":"closed","ping_status":"closed","template":"","meta":[],"product_brand":[],"product_cat":[24,89,568,84],"product_tag":[612,664,666,717,794,662,640,658,479,147,251,795,514,469,470,529,531,530,532,164,502,165,154,255,136,137,379,381,552,380],"class_list":{"0":"post-11438","1":"product","2":"type-product","3":"status-publish","4":"has-post-thumbnail","6":"product_cat-action-figuren","7":"product_cat-one-piece","8":"product_cat-preorder","9":"product_cat-statuen-anime-comic-universum","10":"product_tag-anime","11":"product_tag-anime-figuren-one-piece","12":"product_tag-anime-figuren-shop","13":"product_tag-anime-shop","14":"product_tag-anime-statue","15":"product_tag-anime-statue-shop","16":"product_tag-anime-statuen","17":"product_tag-anime-toys","18":"product_tag-collectible","19":"product_tag-collectibles","20":"product_tag-collectibles-kaufen","21":"product_tag-handsomecake","22":"product_tag-lifesize","23":"product_tag-lifesize-collectibles","24":"product_tag-lifesize-statuen","25":"product_tag-luffy","26":"product_tag-luffy-collectible","27":"product_tag-luffy-one-piece","28":"product_tag-luffy-statue","29":"product_tag-one-piece-collectibles","30":"product_tag-one-piece-resin","31":"product_tag-one-piece-statue","32":"product_tag-resin-collectibles","33":"product_tag-resin-collectibles-kaufen","34":"product_tag-resin-statuen","35":"product_tag-resin-statuen-kaufen","36":"product_tag-statue-collectible","37":"product_tag-statue-collectibles","38":"product_tag-statue-collector","39":"product_tag-statues-collectible","40":"pa_brand-evil-studio","41":"pa_scale-1_to_1","43":"first","44":"outofstock","45":"taxable","46":"shipping-taxable","47":"product-type-simple"},"_links":{"self":[{"href":"https:\/\/store.handsomecake.com\/en\/wp-json\/wp\/v2\/product\/11438","targetHints":{"allow":["GET"]}}],"collection":[{"href":"https:\/\/store.handsomecake.com\/en\/wp-json\/wp\/v2\/product"}],"about":[{"href":"https:\/\/store.handsomecake.com\/en\/wp-json\/wp\/v2\/types\/product"}],"replies":[{"embeddable":true,"href":"https:\/\/store.handsomecake.com\/en\/wp-json\/wp\/v2\/comments?post=11438"}],"wp:featuredmedia":[{"embeddable":true,"href":"https:\/\/store.handsomecake.com\/en\/wp-json\/wp\/v2\/media\/11439"}],"wp:attachment":[{"href":"https:\/\/store.handsomecake.com\/en\/wp-json\/wp\/v2\/media?parent=11438"}],"wp:term":[{"taxonomy":"product_brand","embeddable":true,"href":"https:\/\/store.handsomecake.com\/en\/wp-json\/wp\/v2\/product_brand?post=11438"},{"taxonomy":"product_cat","embeddable":true,"href":"https:\/\/store.handsomecake.com\/en\/wp-json\/wp\/v2\/product_cat?post=11438"},{"taxonomy":"product_tag","embeddable":true,"href":"https:\/\/store.handsomecake.com\/en\/wp-json\/wp\/v2\/product_tag?post=11438"}],"curies":[{"name":"wp","href":"https:\/\/api.w.org\/{rel}","templated":true}]}}