{"id":11426,"date":"2022-05-24T00:17:17","date_gmt":"2022-05-24T00:17:17","guid":{"rendered":"https:\/\/store.handsomecake.com\/product\/yu-gi-oh-yami-yugi-14-resin-statue-von-third-space-studio\/"},"modified":"2024-06-12T15:13:49","modified_gmt":"2024-06-12T15:13:49","slug":"yu-gi-oh-yami-yugi-14-resin-statue-von-third-space-studio","status":"publish","type":"product","link":"https:\/\/store.handsomecake.com\/en\/product\/yu-gi-oh-yami-yugi-14-resin-statue-von-third-space-studio\/","title":{"rendered":"Yu-Gi-Oh &#8211; Yami Yugi | 1:4 Resin Statue | von Third Space Studio"},"content":{"rendered":"<p>Yu-Gi-Oh &#8211; Yami Yugi | 1:4 Resin Statue | von Third Space Studio<\/p>\n<p>I do ship EU-wide, please contact me, should questions arise.<\/p>\n<p>Tolle Statue von dem gro\u00dfen Pharao der 18.Dynastie<br \/>\nWunderbar verarbeitete und sehr detaillierte Statue von Yami Yugi aus Polystone &#8211; k\u00fcnstlichem Stein-Harz-Gemisch.<\/p>\n<p><strong>Besonderheiten:<\/strong><\/p>\n<ul>\n<li>weltweit auf 99 St\u00fcck begrenzt<\/li>\n<\/ul>\n<p><strong>Release-Status:<\/strong><\/p>\n<ul>\n<li>Preorder. Statue wird sch\u00e4tzungsweise am Ende Q1 2023 fertiggestellt und wir erwarten sie bei uns im Lager gegen Ende Mai 2023.<\/li>\n<\/ul>\n<p>Wie immer bei meinen Aktionen &#8211; s\u00e4mtliche Geb\u00fchren sind, im Gegensatz zu anderen Angeboten, bereits inkludiert. Versand erfolgt ausschlie\u00dflich aus Deutschland, es fallen keine Zoll- und Importgeb\u00fchren an. Ihr kauft keine Katze im Sack \ud83d\ude42<\/p>\n<p><strong>Ma\u00dfe der Statue:<\/strong><\/p>\n<ul>\n<li>Gr\u00f6\u00dfe: ca. H53cm x W48cm x D39cm<\/li>\n<li>Gewicht: TBA, gesch\u00e4tzt: ca. 12kg<\/li>\n<\/ul>\n<p>You are not prepared! \ud83d\ude42<\/p>","protected":false},"excerpt":{"rendered":"<p>Yu-Gi-Oh &#8211; Yami Yugi | 1:4 Resin Statue | von Third Space Studio I do ship EU-wide, please contact me, should questions arise. Tolle Statue von dem gro\u00dfen Pharao der 18.Dynastie Wunderbar verarbeitete und sehr detaillierte Statue von Yami Yugi aus Polystone &#8211; k\u00fcnstlichem Stein-Harz-Gemisch. Besonderheiten: weltweit auf 99 St\u00fcck begrenzt Release-Status: Preorder. Statue wird [&hellip;]<\/p>\n","protected":false},"featured_media":11427,"comment_status":"closed","ping_status":"closed","template":"","meta":[],"product_brand":[],"product_cat":[24,568,84],"product_tag":[],"class_list":{"0":"post-11426","1":"product","2":"type-product","3":"status-publish","4":"has-post-thumbnail","6":"product_cat-action-figuren","7":"product_cat-preorder","8":"product_cat-statuen-anime-comic-universum","9":"pa_brand-third-space-studio","10":"pa_scale-1_to_4","12":"first","13":"outofstock","14":"taxable","15":"shipping-taxable","16":"product-type-variable"},"_links":{"self":[{"href":"https:\/\/store.handsomecake.com\/en\/wp-json\/wp\/v2\/product\/11426","targetHints":{"allow":["GET"]}}],"collection":[{"href":"https:\/\/store.handsomecake.com\/en\/wp-json\/wp\/v2\/product"}],"about":[{"href":"https:\/\/store.handsomecake.com\/en\/wp-json\/wp\/v2\/types\/product"}],"replies":[{"embeddable":true,"href":"https:\/\/store.handsomecake.com\/en\/wp-json\/wp\/v2\/comments?post=11426"}],"wp:featuredmedia":[{"embeddable":true,"href":"https:\/\/store.handsomecake.com\/en\/wp-json\/wp\/v2\/media\/11427"}],"wp:attachment":[{"href":"https:\/\/store.handsomecake.com\/en\/wp-json\/wp\/v2\/media?parent=11426"}],"wp:term":[{"taxonomy":"product_brand","embeddable":true,"href":"https:\/\/store.handsomecake.com\/en\/wp-json\/wp\/v2\/product_brand?post=11426"},{"taxonomy":"product_cat","embeddable":true,"href":"https:\/\/store.handsomecake.com\/en\/wp-json\/wp\/v2\/product_cat?post=11426"},{"taxonomy":"product_tag","embeddable":true,"href":"https:\/\/store.handsomecake.com\/en\/wp-json\/wp\/v2\/product_tag?post=11426"}],"curies":[{"name":"wp","href":"https:\/\/api.w.org\/{rel}","templated":true}]}}