{"id":1131,"date":"2020-10-23T22:22:52","date_gmt":"2020-10-23T22:22:52","guid":{"rendered":"https:\/\/store.handsomecake.com\/product\/one-piece-roroana-zoro-14-resin-statue-von-pt-studios\/"},"modified":"2024-06-12T14:31:32","modified_gmt":"2024-06-12T14:31:32","slug":"one-piece-roroana-zoro-14-resin-statue-von-pt-studios","status":"publish","type":"product","link":"https:\/\/store.handsomecake.com\/en\/product\/one-piece-roroana-zoro-14-resin-statue-von-pt-studios\/","title":{"rendered":"One Piece &#8211; Roroana Zoro | 1:4 Resin Statue | von PT Studios"},"content":{"rendered":"<p>One Piece &#8211; Roroana Zoro &#8218; 1:4 Resin Statue &#8218; von PT Studios<\/p>\n<p>I do ship EU-wide, please contact me, should questions arise.<\/p>\n<p>Tolle Statue unseres geliebten Schwertmeisters<\/p>\n<p>Wunderbar verarbeitete und sehr detaillierte Roroana Statue aus Polystone &#8211; k\u00fcnstlichem Stein-Harz-Gemisch.<\/p>\n<p>Besonderheiten:<\/p>\n<ul>\n<li>keine<\/li>\n<\/ul>\n<p>Release-Status:<\/p>\n<ul>\n<li>Released und nach sp\u00e4testens 40 Tagen bei euch (normalerweise sogar fr\u00fcher)<\/li>\n<\/ul>\n<p>Wie immer bei meinen Aktionen &#8211; s\u00e4mtliche Geb\u00fchren sind, im Gegensatz zu anderen Angeboten, bereits inkludiert. Versand erfolgt ausschlie\u00dflich aus Deutschland, es fallen keine Zoll- und Importgeb\u00fchren an. Ihr kauft keine Katze im Sack \ud83d\ude42<\/p>\n<p>Preis-Hinweis:<br \/>\nSolltet ihr die Statue direkt \u00fcber unseren Online-Shop (einfach den Benutzernamen googeln) kaufen, so erhaltet ihr auf jeden Fall die Tiefstpreisgarantie &#8211; sollte beispielsweise der Versand, Zoll oder die Einfuhrumsatzsteuer am Ende, also wenn die Statue bei uns im Warenlager angekommen ist, geringer ausfallen, so leiten wir die Preisreduzierung 1:1 an euch weiter! Der Catfish Arthas war z.b. urspr\u00fcnglich f\u00fcr 1850\u20ac drin, Endpreis war 1569\u20ac.<\/p>\n<p>Ma\u00dfe der Statue:<br \/>\nGr\u00f6\u00dfe: ca. 56cm x 45cm x 31cm<br \/>\nGewicht: ca. 13.2 kg<\/p>\n<p>You are not prepared! \ud83d\ude42<\/p>","protected":false},"excerpt":{"rendered":"<p>One Piece &#8211; Roroana Zoro &#8218; 1:4 Resin Statue &#8218; von PT Studios I do ship EU-wide, please contact me, should questions arise. Tolle Statue unseres geliebten Schwertmeisters Wunderbar verarbeitete und sehr detaillierte Roroana Statue aus Polystone &#8211; k\u00fcnstlichem Stein-Harz-Gemisch. Besonderheiten: keine Release-Status: Released und nach sp\u00e4testens 40 Tagen bei euch (normalerweise sogar fr\u00fcher) Wie [&hellip;]<\/p>\n","protected":false},"featured_media":1132,"comment_status":"closed","ping_status":"closed","template":"","meta":[],"product_brand":[],"product_cat":[89,84],"product_tag":[147,251,164,256,166,167,154,255,136,137,177,178,179],"class_list":{"0":"post-1131","1":"product","2":"type-product","3":"status-publish","4":"has-post-thumbnail","6":"product_cat-one-piece","7":"product_cat-statuen-anime-comic-universum","8":"product_tag-collectibles","9":"product_tag-collectibles-kaufen","10":"product_tag-one-piece-collectibles","11":"product_tag-one-piece-collectibles-kaufen","12":"product_tag-one-piece-statuen","13":"product_tag-one-piece-statuen-kaufen","14":"product_tag-resin-collectibles","15":"product_tag-resin-collectibles-kaufen","16":"product_tag-resin-statuen","17":"product_tag-resin-statuen-kaufen","18":"product_tag-roroana-zoro","19":"product_tag-roroana-zoro-collectible","20":"product_tag-roroana-zoro-statue","21":"pa_brand-pt-studios","22":"pa_scale-1_to_4","24":"first","25":"instock","26":"product-type-simple"},"_links":{"self":[{"href":"https:\/\/store.handsomecake.com\/en\/wp-json\/wp\/v2\/product\/1131","targetHints":{"allow":["GET"]}}],"collection":[{"href":"https:\/\/store.handsomecake.com\/en\/wp-json\/wp\/v2\/product"}],"about":[{"href":"https:\/\/store.handsomecake.com\/en\/wp-json\/wp\/v2\/types\/product"}],"replies":[{"embeddable":true,"href":"https:\/\/store.handsomecake.com\/en\/wp-json\/wp\/v2\/comments?post=1131"}],"wp:featuredmedia":[{"embeddable":true,"href":"https:\/\/store.handsomecake.com\/en\/wp-json\/wp\/v2\/media\/1132"}],"wp:attachment":[{"href":"https:\/\/store.handsomecake.com\/en\/wp-json\/wp\/v2\/media?parent=1131"}],"wp:term":[{"taxonomy":"product_brand","embeddable":true,"href":"https:\/\/store.handsomecake.com\/en\/wp-json\/wp\/v2\/product_brand?post=1131"},{"taxonomy":"product_cat","embeddable":true,"href":"https:\/\/store.handsomecake.com\/en\/wp-json\/wp\/v2\/product_cat?post=1131"},{"taxonomy":"product_tag","embeddable":true,"href":"https:\/\/store.handsomecake.com\/en\/wp-json\/wp\/v2\/product_tag?post=1131"}],"curies":[{"name":"wp","href":"https:\/\/api.w.org\/{rel}","templated":true}]}}