{"id":11304,"date":"2022-05-20T00:29:26","date_gmt":"2022-05-20T00:29:26","guid":{"rendered":"https:\/\/store.handsomecake.com\/product\/resident-evil-4-ada-wong-14-resin-statue-von-puffer-studio\/"},"modified":"2025-09-05T11:27:22","modified_gmt":"2025-09-05T11:27:22","slug":"resident-evil-4-ada-wong-14-resin-statue-von-puffer-studio","status":"publish","type":"product","link":"https:\/\/store.handsomecake.com\/en\/product\/resident-evil-4-ada-wong-14-resin-statue-von-puffer-studio\/","title":{"rendered":"Resident Evil 4 &#8211; Ada Wong | 1:4 Resin Statue | von Puffer Studio"},"content":{"rendered":"<p>Resident Evil 4 &#8211; Ada Wong | 1:4 Resin Statue | von Puffer Studio<\/p>\n<p>I do ship EU-wide, please contact me, should questions arise.<\/p>\n<p>Tolle Statue der schleierhaften Antiheldin<br \/>\nWunderbar verarbeitete und sehr detaillierte Ada Wong Statue aus Polystone &#8211; k\u00fcnstlichem Stein-Harz-Gemisch.<\/p>\n<p><strong>Besonderheiten:<\/strong><\/p>\n<ul>\n<li>EX Version mit austauschbarer Spitzenunterw\u00e4sche und nacktem K\u00f6rper<\/li>\n<li>198 St\u00fcck weltweit<\/li>\n<li>\u00a0Regular Version auch verf\u00fcgbar<\/li>\n<\/ul>\n<p><strong>Release-Status:<\/strong><\/p>\n<ul>\n<li>Preorder. Statue wird voraussichtlich Ende Q1 2023 erscheinen. Wir erwarten sie sch\u00e4tzungsweise Ende Mai 2023 bei uns im Warenlager.<\/li>\n<\/ul>\n<p>Wie immer bei meinen Artikeln &#8211; s\u00e4mtliche Geb\u00fchren sind, im Gegensatz zu anderen Angeboten, bereits inkludiert. Versand erfolgt ausschlie\u00dflich aus Deutschland, es fallen keine Zoll- und Importgeb\u00fchren an. Ihr kauft keine Katze im Sack \ud83d\ude42<\/p>\n<p><strong>Ma\u00dfe der Statue:<\/strong><\/p>\n<ul>\n<li>Gr\u00f6\u00dfe: ca. 57cm x 30cm x 35cm<\/li>\n<li>Gewicht: 12 kg<\/li>\n<\/ul>\n<p>You are not prepared! \ud83d\ude42<\/p>","protected":false},"excerpt":{"rendered":"<p>Resident Evil 4 &#8211; Ada Wong | 1:4 Resin Statue | von Puffer Studio I do ship EU-wide, please contact me, should questions arise. Tolle Statue der schleierhaften Antiheldin Wunderbar verarbeitete und sehr detaillierte Ada Wong Statue aus Polystone &#8211; k\u00fcnstlichem Stein-Harz-Gemisch. Besonderheiten: EX Version mit austauschbarer Spitzenunterw\u00e4sche und nacktem K\u00f6rper 198 St\u00fcck weltweit \u00a0Regular [&hellip;]<\/p>\n","protected":false},"featured_media":11305,"comment_status":"closed","ping_status":"closed","template":"","meta":[],"product_brand":[],"product_cat":[24,568,82,81],"product_tag":[473,474,476,475,612,659,666,717,147,795,215,217,216,187,189,188,1324,154,136,137,379,381,380,382,718],"class_list":{"0":"post-11304","1":"product","2":"type-product","3":"status-publish","4":"has-post-thumbnail","6":"product_cat-action-figuren","7":"product_cat-preorder","8":"product_cat-resident-evil","9":"product_cat-statuen-computerspieluniversum","10":"product_tag-ada-wong","11":"product_tag-ada-wong-collectible","12":"product_tag-ada-wong-resin-statue","13":"product_tag-ada-wong-statue","14":"product_tag-anime","15":"product_tag-anime-figuren","16":"product_tag-anime-figuren-shop","17":"product_tag-anime-shop","18":"product_tag-collectibles","19":"product_tag-handsomecake","20":"product_tag-jill-valentine","21":"product_tag-jill-valentine-collectibles","22":"product_tag-jill-valentine-statue","23":"product_tag-resident-evil","24":"product_tag-resident-evil-collectibles","25":"product_tag-resident-evil-statuen","26":"product_tag-resident-evil-toys","27":"product_tag-resin-collectibles","28":"product_tag-resin-statuen","29":"product_tag-resin-statuen-kaufen","30":"product_tag-statue-collectible","31":"product_tag-statue-collectibles","32":"product_tag-statues-collectible","33":"product_tag-statues-collectibles","34":"product_tag-toys","35":"pa_brand-puffer-studio","36":"pa_scale-1_to_4","38":"first","39":"instock","40":"taxable","41":"shipping-taxable","42":"product-type-variable"},"_links":{"self":[{"href":"https:\/\/store.handsomecake.com\/en\/wp-json\/wp\/v2\/product\/11304","targetHints":{"allow":["GET"]}}],"collection":[{"href":"https:\/\/store.handsomecake.com\/en\/wp-json\/wp\/v2\/product"}],"about":[{"href":"https:\/\/store.handsomecake.com\/en\/wp-json\/wp\/v2\/types\/product"}],"replies":[{"embeddable":true,"href":"https:\/\/store.handsomecake.com\/en\/wp-json\/wp\/v2\/comments?post=11304"}],"wp:featuredmedia":[{"embeddable":true,"href":"https:\/\/store.handsomecake.com\/en\/wp-json\/wp\/v2\/media\/11305"}],"wp:attachment":[{"href":"https:\/\/store.handsomecake.com\/en\/wp-json\/wp\/v2\/media?parent=11304"}],"wp:term":[{"taxonomy":"product_brand","embeddable":true,"href":"https:\/\/store.handsomecake.com\/en\/wp-json\/wp\/v2\/product_brand?post=11304"},{"taxonomy":"product_cat","embeddable":true,"href":"https:\/\/store.handsomecake.com\/en\/wp-json\/wp\/v2\/product_cat?post=11304"},{"taxonomy":"product_tag","embeddable":true,"href":"https:\/\/store.handsomecake.com\/en\/wp-json\/wp\/v2\/product_tag?post=11304"}],"curies":[{"name":"wp","href":"https:\/\/api.w.org\/{rel}","templated":true}]}}