{"id":11298,"date":"2022-05-20T00:27:19","date_gmt":"2022-05-20T00:27:19","guid":{"rendered":"https:\/\/store.handsomecake.com\/product\/pokemon-charizard-16-resin-statue-von-monster-studio\/"},"modified":"2024-11-19T21:50:32","modified_gmt":"2024-11-19T21:50:32","slug":"pokemon-charizard-16-resin-statue-von-monster-studio","status":"publish","type":"product","link":"https:\/\/store.handsomecake.com\/en\/product\/pokemon-charizard-16-resin-statue-von-monster-studio\/","title":{"rendered":"Pok\u00e9mon &#8211; Charizard | 1:6 Resin Statue | von Monster Studio"},"content":{"rendered":"<p>Pok\u00e9mon &#8211; Charizard | 1:6 Resin Statue | von Monster Studio<\/p>\n<p>I do ship EU-wide, please contact me, should questions arise.<\/p>\n<p>Tolle Pok\u00e9mon Statue<br \/>\nWunderbar verarbeitete und sehr detaillierte Charizard Statue aus Polystone &#8211; k\u00fcnstlichem Stein-Harz-Gemisch.<\/p>\n<p><strong>Besonderheiten:<\/strong><\/p>\n<ul>\n<li>\u00a0EX Version mit Charmander<\/li>\n<li>mit LED<\/li>\n<li>188 St\u00fcck weltweit<\/li>\n<\/ul>\n<p><strong>Release-Status:<\/strong><\/p>\n<ul>\n<li>In Stock<\/li>\n<\/ul>\n<p>Wie immer bei meinen Aktionen &#8211; s\u00e4mtliche Geb\u00fchren sind, im Gegensatz zu anderen Angeboten, bereits inkludiert. Versand erfolgt ausschlie\u00dflich aus Deutschland, es fallen keine Zoll- und Importgeb\u00fchren an. Ihr kauft keine Katze im Sack \ud83d\ude42<\/p>\n<p><strong>Ma\u00dfe der Statue:<\/strong><\/p>\n<ul>\n<li>Gr\u00f6\u00dfe: ca. H35cm x W29cm x D37cm<\/li>\n<li>Gewicht: TBA, gesch\u00e4tzt: ca. 8kg<\/li>\n<\/ul>\n<p>You are not prepared! \ud83d\ude42<\/p>","protected":false},"excerpt":{"rendered":"<p>Pok\u00e9mon &#8211; Charizard | 1:6 Resin Statue | von Monster Studio I do ship EU-wide, please contact me, should questions arise. Tolle Pok\u00e9mon Statue Wunderbar verarbeitete und sehr detaillierte Charizard Statue aus Polystone &#8211; k\u00fcnstlichem Stein-Harz-Gemisch. Besonderheiten: \u00a0EX Version mit Charmander mit LED 188 St\u00fcck weltweit Release-Status: Lagernd vor Ort Wie immer bei meinen Aktionen [&hellip;]<\/p>\n","protected":false},"featured_media":11299,"comment_status":"closed","ping_status":"closed","template":"","meta":[],"product_brand":[],"product_cat":[826,125,84],"product_tag":[147,251,211,213,212,154,136,137],"class_list":{"0":"post-11298","1":"product","2":"type-product","3":"status-publish","4":"has-post-thumbnail","6":"product_cat-lagernd-vor-ort","7":"product_cat-pokemon","8":"product_cat-statuen-anime-comic-universum","9":"product_tag-collectibles","10":"product_tag-collectibles-kaufen","11":"product_tag-pokemon","12":"product_tag-pokemon-collectibles","13":"product_tag-pokemon-statuen","14":"product_tag-resin-collectibles","15":"product_tag-resin-statuen","16":"product_tag-resin-statuen-kaufen","18":"first","19":"instock","20":"taxable","21":"shipping-taxable","22":"product-type-simple"},"_links":{"self":[{"href":"https:\/\/store.handsomecake.com\/en\/wp-json\/wp\/v2\/product\/11298","targetHints":{"allow":["GET"]}}],"collection":[{"href":"https:\/\/store.handsomecake.com\/en\/wp-json\/wp\/v2\/product"}],"about":[{"href":"https:\/\/store.handsomecake.com\/en\/wp-json\/wp\/v2\/types\/product"}],"replies":[{"embeddable":true,"href":"https:\/\/store.handsomecake.com\/en\/wp-json\/wp\/v2\/comments?post=11298"}],"wp:featuredmedia":[{"embeddable":true,"href":"https:\/\/store.handsomecake.com\/en\/wp-json\/wp\/v2\/media\/11299"}],"wp:attachment":[{"href":"https:\/\/store.handsomecake.com\/en\/wp-json\/wp\/v2\/media?parent=11298"}],"wp:term":[{"taxonomy":"product_brand","embeddable":true,"href":"https:\/\/store.handsomecake.com\/en\/wp-json\/wp\/v2\/product_brand?post=11298"},{"taxonomy":"product_cat","embeddable":true,"href":"https:\/\/store.handsomecake.com\/en\/wp-json\/wp\/v2\/product_cat?post=11298"},{"taxonomy":"product_tag","embeddable":true,"href":"https:\/\/store.handsomecake.com\/en\/wp-json\/wp\/v2\/product_tag?post=11298"}],"curies":[{"name":"wp","href":"https:\/\/api.w.org\/{rel}","templated":true}]}}