{"id":11281,"date":"2022-05-19T20:01:41","date_gmt":"2022-05-19T20:01:41","guid":{"rendered":"https:\/\/store.handsomecake.com\/product\/final-fantasy-vincent-14-resin-statue-von-solar-studio\/"},"modified":"2025-03-08T19:20:23","modified_gmt":"2025-03-08T19:20:23","slug":"final-fantasy-vincent-14-resin-statue-von-solar-studio","status":"publish","type":"product","link":"https:\/\/store.handsomecake.com\/en\/product\/final-fantasy-vincent-14-resin-statue-von-solar-studio\/","title":{"rendered":"Final Fantasy &#8211; Vincent | 1:4 Resin Statue | von Solar Studio"},"content":{"rendered":"<p>Final Fantasy &#8211; Vincent |\u00a01:4 Resin Statue |\u00a0von Solar Studio<br \/>\nEU Taxfree! I do ship EU-wide, please contact me, should questions arise.<\/p>\n<p>Tolle Statue des Hauptprotagonisten aus Dirge of Cerberus<br \/>\nWunderbar verarbeitete und sehr detaillierte Vincent Statue aus Polystone &#8211; k\u00fcnstlichem Stein-Harz-Gemisch.<\/p>\n<p><strong>Besonderheiten:<\/strong><\/p>\n<ul>\n<li>weltweit auf 100 St\u00fcck begrenzt<\/li>\n<\/ul>\n<p><strong>Release-Status:<\/strong><\/p>\n<ul>\n<li>Preorder. Statue wird voraussichtlich Ende Q1 2023 released und wir erwarten sie sch\u00e4tzungsweise Ende Mai 2023 bei uns im Lager.<\/li>\n<\/ul>\n<p>Wie immer bei meinen Artikeln &#8211; s\u00e4mtliche Geb\u00fchren sind, im Gegensatz zu anderen Angeboten, bereits inkludiert. Versand erfolgt ausschlie\u00dflich aus Deutschland, es fallen keine Zoll- und Importgeb\u00fchren an. Ihr kauft keine Katze im Sack \ud83d\ude42<\/p>\n<p>Ma\u00dfe der Statue:<br \/>\nGr\u00f6\u00dfe: H58cm x Wcm x Dcm<br \/>\nGewicht: ca. 13 kg gesch\u00e4tzt<\/p>\n<p>You are not prepared! \ud83d\ude42<\/p>","protected":false},"excerpt":{"rendered":"<p>Final Fantasy &#8211; Vincent |\u00a01:4 Resin Statue |\u00a0von Solar Studio EU Taxfree! I do ship EU-wide, please contact me, should questions arise. Tolle Statue des Hauptprotagonisten aus Dirge of Cerberus Wunderbar verarbeitete und sehr detaillierte Vincent Statue aus Polystone &#8211; k\u00fcnstlichem Stein-Harz-Gemisch. Besonderheiten: weltweit auf 100 St\u00fcck begrenzt Release-Status: Preorder. Statue wird voraussichtlich Ende Q1 [&hellip;]<\/p>\n","protected":false},"featured_media":11282,"comment_status":"closed","ping_status":"closed","template":"","meta":[],"product_brand":[],"product_cat":[197,826,81],"product_tag":[612,663,664,794,662,640,658,147,251,198,201,199,822,823,200,795,154,136,137,379,381,665,380,382,718],"class_list":{"0":"post-11281","1":"product","2":"type-product","3":"status-publish","4":"has-post-thumbnail","6":"product_cat-final-fantasy","7":"product_cat-lagernd-vor-ort","8":"product_cat-statuen-computerspieluniversum","9":"product_tag-anime","10":"product_tag-anime-figur-shop","11":"product_tag-anime-figuren-one-piece","12":"product_tag-anime-statue","13":"product_tag-anime-statue-shop","14":"product_tag-anime-statuen","15":"product_tag-anime-toys","16":"product_tag-collectibles","17":"product_tag-collectibles-kaufen","18":"product_tag-final-fantasy","19":"product_tag-final-fantasy-7-remake","20":"product_tag-final-fantasy-collectibles","21":"product_tag-final-fantasy-resin","22":"product_tag-final-fantasy-resin-statue","23":"product_tag-final-fantasy-statuen","24":"product_tag-handsomecake","25":"product_tag-resin-collectibles","26":"product_tag-resin-statuen","27":"product_tag-resin-statuen-kaufen","28":"product_tag-statue-collectible","29":"product_tag-statue-collectibles","30":"product_tag-statuen-shop","31":"product_tag-statues-collectible","32":"product_tag-statues-collectibles","33":"product_tag-toys","35":"first","36":"instock","37":"taxable","38":"shipping-taxable","39":"product-type-simple"},"_links":{"self":[{"href":"https:\/\/store.handsomecake.com\/en\/wp-json\/wp\/v2\/product\/11281","targetHints":{"allow":["GET"]}}],"collection":[{"href":"https:\/\/store.handsomecake.com\/en\/wp-json\/wp\/v2\/product"}],"about":[{"href":"https:\/\/store.handsomecake.com\/en\/wp-json\/wp\/v2\/types\/product"}],"replies":[{"embeddable":true,"href":"https:\/\/store.handsomecake.com\/en\/wp-json\/wp\/v2\/comments?post=11281"}],"wp:featuredmedia":[{"embeddable":true,"href":"https:\/\/store.handsomecake.com\/en\/wp-json\/wp\/v2\/media\/11282"}],"wp:attachment":[{"href":"https:\/\/store.handsomecake.com\/en\/wp-json\/wp\/v2\/media?parent=11281"}],"wp:term":[{"taxonomy":"product_brand","embeddable":true,"href":"https:\/\/store.handsomecake.com\/en\/wp-json\/wp\/v2\/product_brand?post=11281"},{"taxonomy":"product_cat","embeddable":true,"href":"https:\/\/store.handsomecake.com\/en\/wp-json\/wp\/v2\/product_cat?post=11281"},{"taxonomy":"product_tag","embeddable":true,"href":"https:\/\/store.handsomecake.com\/en\/wp-json\/wp\/v2\/product_tag?post=11281"}],"curies":[{"name":"wp","href":"https:\/\/api.w.org\/{rel}","templated":true}]}}