{"id":11252,"date":"2022-05-18T23:30:59","date_gmt":"2022-05-18T23:30:59","guid":{"rendered":"https:\/\/store.handsomecake.com\/product\/bleach-yoruichi-shihouin-14-resin-statue-von-rd-studio\/"},"modified":"2025-09-01T11:27:40","modified_gmt":"2025-09-01T11:27:40","slug":"bleach-yoruichi-shihouin-14-resin-statue-von-rd-studio","status":"publish","type":"product","link":"https:\/\/store.handsomecake.com\/en\/product\/bleach-yoruichi-shihouin-14-resin-statue-von-rd-studio\/","title":{"rendered":"Bleach &#8211; Yoruichi Shihouin | 1:4 Resin Statue | von RD Studio"},"content":{"rendered":"<p>Bleach &#8211; Yoruichi Shihouin | 1:4 Resin Statue | von RD Studio<\/p>\n<p>EU Taxfree! I do ship EU-wide, please contact me, should questions arise.<\/p>\n<p>Tolle Statue der ehemaligen Kommandantin der 2.Kompanie der Gotei 13<br \/>\nWunderbar verarbeitete und sehr detaillierte Statue von Yoruichi Shihouin aus Polystone &#8211; k\u00fcnstlichem Stein-Harz-Gemisch.<\/p>\n<p><strong>Besonderheiten:<\/strong><\/p>\n<ul>\n<li>auch Gr\u00f6\u00dfe 1:6 verf\u00fcgbar<\/li>\n<li>Sockel mit LED<\/li>\n<\/ul>\n<p><strong>Release-Status:<\/strong><\/p>\n<ul>\n<li>In China released. Ab Bestellzeitpunkt in ca. 3-4 Monaten bei euch.<\/li>\n<\/ul>\n<p>Wie immer bei meinen Artikeln &#8211; s\u00e4mtliche Geb\u00fchren sind, im Gegensatz zu anderen Angeboten, bereits inkludiert. Versand erfolgt ausschlie\u00dflich aus Deutschland, es fallen keine Zoll- und Importgeb\u00fchren an. Ihr kauft keine Katze im Sack \ud83d\ude42<\/p>\n<p><strong>Ma\u00dfe der Statue:<\/strong><\/p>\n<ul>\n<li>\u00a0Gr\u00f6\u00dfe 1\/4: ca. 60.8cm x 45cm x 48cm<\/li>\n<li>Gr\u00f6\u00dfe 1\/4: ca. 40.2cm x 29.8cm x 31.7 cm<\/li>\n<li>Gewicht: ca. 12kg (gesch\u00e4tzt)<\/li>\n<\/ul>\n<p>You are not prepared! \ud83d\ude42<\/p>","protected":false},"excerpt":{"rendered":"<p>Bleach &#8211; Yoruichi Shihouin | 1:4 Resin Statue | von RD Studio EU Taxfree! I do ship EU-wide, please contact me, should questions arise. Tolle Statue der ehemaligen Kommandantin der 2.Kompanie der Gotei 13 Wunderbar verarbeitete und sehr detaillierte Statue von Yoruichi Shihouin aus Polystone &#8211; k\u00fcnstlichem Stein-Harz-Gemisch. Besonderheiten: auch Gr\u00f6\u00dfe 1:6 verf\u00fcgbar Sockel mit [&hellip;]<\/p>\n","protected":false},"featured_media":11253,"comment_status":"closed","ping_status":"closed","template":"","meta":[],"product_brand":[],"product_cat":[24,84,567],"product_tag":[612,659,666,658,991,992,995,993,994,996,147,251,383,553,795,997,998,999,1000,1001,154,136,554,379,381,552,547,2212,2213],"class_list":{"0":"post-11252","1":"product","2":"type-product","3":"status-publish","4":"has-post-thumbnail","6":"product_cat-action-figuren","7":"product_cat-statuen-anime-comic-universum","8":"product_cat-in_stock_warehouse_china","9":"product_tag-anime","10":"product_tag-anime-figuren","11":"product_tag-anime-figuren-shop","12":"product_tag-anime-toys","13":"product_tag-bleach-statue","14":"product_tag-bleach-collectibles","15":"product_tag-bleach","16":"product_tag-bleach-resin","17":"product_tag-bleach-statues","18":"product_tag-bleach-toys","19":"product_tag-collectibles","20":"product_tag-collectibles-kaufen","21":"product_tag-collector","22":"product_tag-figure-collector","23":"product_tag-handsomecake","24":"product_tag-ichigo-kurosaki","25":"product_tag-ichigo-kurosaki-collectibles","26":"product_tag-ichigo-kurosaki-resin","27":"product_tag-ichigo-kurosaki-statues","28":"product_tag-ichigo-kurosaki-toys","29":"product_tag-resin-collectibles","30":"product_tag-resin-statuen","31":"product_tag-resin-statues","32":"product_tag-statue-collectible","33":"product_tag-statue-collectibles","34":"product_tag-statue-collector","35":"product_tag-statues-collector","36":"product_tag-yoruichi","37":"product_tag-yoruichi-statue","38":"pa_brand-rd-studio","39":"pa_scale-1_to_4","40":"pa_scale-1_to_6","42":"first","43":"instock","44":"taxable","45":"shipping-taxable","46":"product-type-variable"},"_links":{"self":[{"href":"https:\/\/store.handsomecake.com\/en\/wp-json\/wp\/v2\/product\/11252","targetHints":{"allow":["GET"]}}],"collection":[{"href":"https:\/\/store.handsomecake.com\/en\/wp-json\/wp\/v2\/product"}],"about":[{"href":"https:\/\/store.handsomecake.com\/en\/wp-json\/wp\/v2\/types\/product"}],"replies":[{"embeddable":true,"href":"https:\/\/store.handsomecake.com\/en\/wp-json\/wp\/v2\/comments?post=11252"}],"wp:featuredmedia":[{"embeddable":true,"href":"https:\/\/store.handsomecake.com\/en\/wp-json\/wp\/v2\/media\/11253"}],"wp:attachment":[{"href":"https:\/\/store.handsomecake.com\/en\/wp-json\/wp\/v2\/media?parent=11252"}],"wp:term":[{"taxonomy":"product_brand","embeddable":true,"href":"https:\/\/store.handsomecake.com\/en\/wp-json\/wp\/v2\/product_brand?post=11252"},{"taxonomy":"product_cat","embeddable":true,"href":"https:\/\/store.handsomecake.com\/en\/wp-json\/wp\/v2\/product_cat?post=11252"},{"taxonomy":"product_tag","embeddable":true,"href":"https:\/\/store.handsomecake.com\/en\/wp-json\/wp\/v2\/product_tag?post=11252"}],"curies":[{"name":"wp","href":"https:\/\/api.w.org\/{rel}","templated":true}]}}