{"id":11235,"date":"2022-05-18T15:27:16","date_gmt":"2022-05-18T15:27:16","guid":{"rendered":"https:\/\/store.handsomecake.com\/product\/naruto-shikamaru-nara-16-resin-statue-von-lm-studio\/"},"modified":"2024-06-12T15:12:11","modified_gmt":"2024-06-12T15:12:11","slug":"naruto-shikamaru-nara-16-resin-statue-von-lm-studio","status":"publish","type":"product","link":"https:\/\/store.handsomecake.com\/en\/product\/naruto-shikamaru-nara-16-resin-statue-von-lm-studio\/","title":{"rendered":"Naruto \u2013 Shikamaru Nara | 1:6 Resin Statue | von LM Studio"},"content":{"rendered":"<p>Naruto \u2013 Shikamaru Nara | 1:6 Resin Statue | von LM Studio<\/p>\n<p>I do ship EU-wide, please contact me, should questions arise.<\/p>\n<p>Tolle Naruto Statue<br \/>\nWunderbar verarbeitete und sehr detaillierte Shikamaru Nara Statue aus Polystone &#8211; k\u00fcnstlichem Stein-Harz-Gemisch.<\/p>\n<p><strong>Besonderheiten:<\/strong><\/p>\n<ul>\n<li>mit LED<\/li>\n<li>188 St\u00fcck weltweit<\/li>\n<\/ul>\n<p><strong>Release-Status:<\/strong><\/p>\n<ul>\n<li>Preorder. Statue wird sch\u00e4tzungsweise Q2 2023 fertiggestellt und wir erwarten sie bei uns im Lager gegen Ende Juli 2023.<\/li>\n<li><\/li>\n<\/ul>\n<p>Wie immer bei meinen Aktionen &#8211; s\u00e4mtliche Geb\u00fchren sind, im Gegensatz zu anderen Angeboten, bereits inkludiert. Versand erfolgt ausschlie\u00dflich aus Deutschland, es fallen keine Zoll- und Importgeb\u00fchren an. Ihr kauft keine Katze im Sack \ud83d\ude42<\/p>\n<p><strong>Ma\u00dfe der Statue:<\/strong><\/p>\n<ul>\n<li>Gr\u00f6\u00dfe: ca. H35cm * W34cm * D29cm<\/li>\n<li>Gewicht: TBA, gesch\u00e4tzt: ca. 8kg<\/li>\n<\/ul>\n<p>You are not prepared! \ud83d\ude42<\/p>","protected":false},"excerpt":{"rendered":"<p>Naruto \u2013 Shikamaru Nara | 1:6 Resin Statue | von LM Studio I do ship EU-wide, please contact me, should questions arise. Tolle Naruto Statue Wunderbar verarbeitete und sehr detaillierte Shikamaru Nara Statue aus Polystone &#8211; k\u00fcnstlichem Stein-Harz-Gemisch. Besonderheiten: mit LED 188 St\u00fcck weltweit Release-Status: Preorder. Statue wird sch\u00e4tzungsweise Q2 2023 fertiggestellt und wir erwarten [&hellip;]<\/p>\n","protected":false},"featured_media":15887,"comment_status":"closed","ping_status":"closed","template":"","meta":[],"product_brand":[],"product_cat":[24,88,568,84],"product_tag":[656,659,660,657,640,658,147,251,297,298,168,296,1040,1041,1042,169,170,154,136,137],"class_list":{"0":"post-11235","1":"product","2":"type-product","3":"status-publish","4":"has-post-thumbnail","6":"product_cat-action-figuren","7":"product_cat-naruto","8":"product_cat-preorder","9":"product_cat-statuen-anime-comic-universum","10":"product_tag-anime-collectibles","11":"product_tag-anime-figuren","12":"product_tag-anime-figuren-naruto","13":"product_tag-anime-figures","14":"product_tag-anime-statuen","15":"product_tag-anime-toys","16":"product_tag-collectibles","17":"product_tag-collectibles-kaufen","18":"product_tag-naruto-akatsuki","19":"product_tag-naruto-akatsuki-nagato","20":"product_tag-naruto-collectibles","21":"product_tag-naruto-collectibles-kaufen","22":"product_tag-naruto-itachi","23":"product_tag-naruto-itachi-collectibles","24":"product_tag-naruto-itachi-statue","25":"product_tag-naruto-statuen","26":"product_tag-naruto-statuen-kaufen","27":"product_tag-resin-collectibles","28":"product_tag-resin-statuen","29":"product_tag-resin-statuen-kaufen","30":"pa_brand-lm-studio","31":"pa_scale-1_to_6","33":"first","34":"instock","35":"taxable","36":"shipping-taxable","37":"product-type-variable"},"_links":{"self":[{"href":"https:\/\/store.handsomecake.com\/en\/wp-json\/wp\/v2\/product\/11235","targetHints":{"allow":["GET"]}}],"collection":[{"href":"https:\/\/store.handsomecake.com\/en\/wp-json\/wp\/v2\/product"}],"about":[{"href":"https:\/\/store.handsomecake.com\/en\/wp-json\/wp\/v2\/types\/product"}],"replies":[{"embeddable":true,"href":"https:\/\/store.handsomecake.com\/en\/wp-json\/wp\/v2\/comments?post=11235"}],"wp:featuredmedia":[{"embeddable":true,"href":"https:\/\/store.handsomecake.com\/en\/wp-json\/wp\/v2\/media\/15887"}],"wp:attachment":[{"href":"https:\/\/store.handsomecake.com\/en\/wp-json\/wp\/v2\/media?parent=11235"}],"wp:term":[{"taxonomy":"product_brand","embeddable":true,"href":"https:\/\/store.handsomecake.com\/en\/wp-json\/wp\/v2\/product_brand?post=11235"},{"taxonomy":"product_cat","embeddable":true,"href":"https:\/\/store.handsomecake.com\/en\/wp-json\/wp\/v2\/product_cat?post=11235"},{"taxonomy":"product_tag","embeddable":true,"href":"https:\/\/store.handsomecake.com\/en\/wp-json\/wp\/v2\/product_tag?post=11235"}],"curies":[{"name":"wp","href":"https:\/\/api.w.org\/{rel}","templated":true}]}}