{"id":1118,"date":"2020-10-23T22:22:32","date_gmt":"2020-10-23T22:22:32","guid":{"rendered":"https:\/\/store.handsomecake.com\/product\/nier-automata-yorha-modell-b-nr-2-14-resin-statue-vom-moonlight-studio\/"},"modified":"2024-06-12T14:31:27","modified_gmt":"2024-06-12T14:31:27","slug":"nier-automata-yorha-modell-b-nr-2-14-resin-statue-vom-moonlight-studio","status":"publish","type":"product","link":"https:\/\/store.handsomecake.com\/en\/product\/nier-automata-yorha-modell-b-nr-2-14-resin-statue-vom-moonlight-studio\/","title":{"rendered":"Nier Automata &#8211; YorHa Modell B Nr. 2 | 1:4 Resin Statue | vom Moonlight Studio"},"content":{"rendered":"<p>Nier Automata &#8211; YorHa Modell B Nr. 2 &#8218; 1:4 Resin Statue &#8218; vom Moonlight Studio<\/p>\n<p>I do ship EU-wide, please contact me, should questions arise.<\/p>\n<p>Tolle Statue der postapokalyptischen Android-K\u00e4mpferin<\/p>\n<p>Wunderbar verarbeitete und sehr detaillierte 2B Statue aus Polystone &#8211; k\u00fcnstlichem Stein-Harz-Gemisch.<\/p>\n<p>Besonderheiten:<\/p>\n<ul>\n<li>2 Kopfvarianten &#8211; mit Augenbinde und ohne<\/li>\n<\/ul>\n<p>Release-Status:<\/p>\n<ul>\n<li>Released und nach sp\u00e4testens 40 Tagen bei euch (normalerweise sogar fr\u00fcher)<\/li>\n<\/ul>\n<p>Wie immer bei meinen Aktionen &#8211; s\u00e4mtliche Geb\u00fchren sind, im Gegensatz zu anderen Angeboten, bereits inkludiert. Versand erfolgt ausschlie\u00dflich aus Deutschland, es fallen keine Zoll- und Importgeb\u00fchren an. Ihr kauft keine Katze im Sack \ud83d\ude42<\/p>\n<p>Preis-Hinweis:<br \/>\nSolltet ihr die Statue direkt \u00fcber unseren Online-Shop (einfach den Benutzernamen googeln) kaufen, so erhaltet ihr auf jeden Fall die Tiefstpreisgarantie &#8211; sollte beispielsweise der Versand, Zoll oder die Einfuhrumsatzsteuer am Ende, also wenn die Statue bei uns im Warenlager angekommen ist, geringer ausfallen, so leiten wir die Preisreduzierung 1:1 an euch weiter! Der Catfish Arthas war z.b. urspr\u00fcnglich f\u00fcr 1850\u20ac drin, Endpreis war 1569\u20ac.<\/p>\n<p>Ma\u00dfe der Statue:<br \/>\nGr\u00f6\u00dfe: ca. H51cm<br \/>\nGewicht: ca. 11kg<\/p>\n<p>You are not prepared! \ud83d\ude42<\/p>","protected":false},"excerpt":{"rendered":"<p>Nier Automata &#8211; YorHa Modell B Nr. 2 &#8218; 1:4 Resin Statue &#8218; vom Moonlight Studio I do ship EU-wide, please contact me, should questions arise. Tolle Statue der postapokalyptischen Android-K\u00e4mpferin Wunderbar verarbeitete und sehr detaillierte 2B Statue aus Polystone &#8211; k\u00fcnstlichem Stein-Harz-Gemisch. Besonderheiten: 2 Kopfvarianten &#8211; mit Augenbinde und ohne Release-Status: Released und nach [&hellip;]<\/p>\n","protected":false},"featured_media":1119,"comment_status":"closed","ping_status":"closed","template":"","meta":[],"product_brand":[],"product_cat":[641,81,567],"product_tag":[147,251,252,253,254,154,136,137],"class_list":{"0":"post-1118","1":"product","2":"type-product","3":"status-publish","4":"has-post-thumbnail","6":"product_cat-nier-automata","7":"product_cat-statuen-computerspieluniversum","8":"product_cat-in_stock_warehouse_china","9":"product_tag-collectibles","10":"product_tag-collectibles-kaufen","11":"product_tag-nier-automata","12":"product_tag-nier-automata-collectibles","13":"product_tag-nier-automata-statuen","14":"product_tag-resin-collectibles","15":"product_tag-resin-statuen","16":"product_tag-resin-statuen-kaufen","17":"pa_brand-moonlight-studio","18":"pa_scale-1_to_4","20":"first","21":"outofstock","22":"product-type-simple"},"_links":{"self":[{"href":"https:\/\/store.handsomecake.com\/en\/wp-json\/wp\/v2\/product\/1118","targetHints":{"allow":["GET"]}}],"collection":[{"href":"https:\/\/store.handsomecake.com\/en\/wp-json\/wp\/v2\/product"}],"about":[{"href":"https:\/\/store.handsomecake.com\/en\/wp-json\/wp\/v2\/types\/product"}],"replies":[{"embeddable":true,"href":"https:\/\/store.handsomecake.com\/en\/wp-json\/wp\/v2\/comments?post=1118"}],"wp:featuredmedia":[{"embeddable":true,"href":"https:\/\/store.handsomecake.com\/en\/wp-json\/wp\/v2\/media\/1119"}],"wp:attachment":[{"href":"https:\/\/store.handsomecake.com\/en\/wp-json\/wp\/v2\/media?parent=1118"}],"wp:term":[{"taxonomy":"product_brand","embeddable":true,"href":"https:\/\/store.handsomecake.com\/en\/wp-json\/wp\/v2\/product_brand?post=1118"},{"taxonomy":"product_cat","embeddable":true,"href":"https:\/\/store.handsomecake.com\/en\/wp-json\/wp\/v2\/product_cat?post=1118"},{"taxonomy":"product_tag","embeddable":true,"href":"https:\/\/store.handsomecake.com\/en\/wp-json\/wp\/v2\/product_tag?post=1118"}],"curies":[{"name":"wp","href":"https:\/\/api.w.org\/{rel}","templated":true}]}}