{"id":11156,"date":"2022-05-16T14:13:32","date_gmt":"2022-05-16T14:13:32","guid":{"rendered":"https:\/\/store.handsomecake.com\/product\/my-dress-up-darling-kitagawa-marin-14-resin-statue-von-hobbyhouse-studio\/"},"modified":"2024-06-19T12:45:19","modified_gmt":"2024-06-19T12:45:19","slug":"my-dress-up-darling-kitagawa-marin-14-resin-statue-von-hobbyhouse-studio","status":"publish","type":"product","link":"https:\/\/store.handsomecake.com\/en\/product\/my-dress-up-darling-kitagawa-marin-14-resin-statue-von-hobbyhouse-studio\/","title":{"rendered":"My Dress-Up Darling &#8211; Kitagawa Marin | 1:4 Resin Statue | von HobbyHouse Studio"},"content":{"rendered":"<p>My Dress-Up Darling &#8211; Kitagawa Marin | 1:4 Resin Statue | von HobbyHouse Studio<\/p>\n<p>EU Taxfree! I do ship EU-wide, please contact me, should questions arise.<\/p>\n<p>Tolle Statue von Sono Bisque Doll wa Koi wo suru<br \/>\nWunderbar verarbeitete und sehr detaillierte Statue von Marin Kitagawa aus Polystone &#8211; k\u00fcnstlichem Stein-Harz-Gemisch.<\/p>\n<p><strong>Besonderheiten:<\/strong><\/p>\n<ul>\n<li>weltweit nur 188 St\u00fcck<\/li>\n<li>2 Sets von Unterw\u00e4sche<\/li>\n<\/ul>\n<p><strong>Release-Status:<\/strong><\/p>\n<ul>\n<li>Lagernd vor Ort. Versandfertig in ca. 5 Werktagen.<\/li>\n<\/ul>\n<p>Wie immer bei meinen Artikeln &#8211; s\u00e4mtliche Geb\u00fchren sind, im Gegensatz zu anderen Angeboten, bereits inkludiert. Versand erfolgt ausschlie\u00dflich aus Deutschland, es fallen keine Zoll- und Importgeb\u00fchren an. Ihr kauft keine Katze im Sack \ud83d\ude42<\/p>\n<p><strong>Ma\u00dfe der Statue:<\/strong><\/p>\n<ul>\n<li>Gr\u00f6\u00dfe: ca. 48.5cm x 18cm x 18cm<\/li>\n<li>Gewicht: ca. 8kg (gesch\u00e4tzt)<\/li>\n<\/ul>\n<p>You are not prepared! \ud83d\ude42<\/p>","protected":false},"excerpt":{"rendered":"<p>My Dress-Up Darling &#8211; Kitagawa Marin | 1:4 Resin Statue | von HobbyHouse Studio EU Taxfree! I do ship EU-wide, please contact me, should questions arise. Tolle Statue von Sono Bisque Doll wa Koi wo suru Wunderbar verarbeitete und sehr detaillierte Statue von Marin Kitagawa aus Polystone &#8211; k\u00fcnstlichem Stein-Harz-Gemisch. Besonderheiten: weltweit nur 188 St\u00fcck [&hellip;]<\/p>\n","protected":false},"featured_media":11408,"comment_status":"closed","ping_status":"closed","template":"","meta":[],"product_brand":[],"product_cat":[24,826,84],"product_tag":[612,656,659,1344,657,640,658,147,251,1348,795,1346,1345,1349,1347,154,136,137,1350],"class_list":{"0":"post-11156","1":"product","2":"type-product","3":"status-publish","4":"has-post-thumbnail","6":"product_cat-action-figuren","7":"product_cat-lagernd-vor-ort","8":"product_cat-statuen-anime-comic-universum","9":"product_tag-anime","10":"product_tag-anime-collectibles","11":"product_tag-anime-figuren","12":"product_tag-anime-figuren-kitagawa","13":"product_tag-anime-figures","14":"product_tag-anime-statuen","15":"product_tag-anime-toys","16":"product_tag-collectibles","17":"product_tag-collectibles-kaufen","18":"product_tag-dress-up-darling-collectibles","19":"product_tag-handsomecake","20":"product_tag-kitagawa","21":"product_tag-marin-kitagawa","22":"product_tag-marin-kitagawa-kaufen","23":"product_tag-my-dress-up-darling-anime","24":"product_tag-resin-collectibles","25":"product_tag-resin-statuen","26":"product_tag-resin-statuen-kaufen","27":"product_tag-sono-bisque-doll-wa-koi-wo-suru","28":"pa_brand-hobbyhouse-studio","29":"pa_scale-1_to_4","31":"first","32":"outofstock","33":"taxable","34":"shipping-taxable","35":"product-type-simple"},"_links":{"self":[{"href":"https:\/\/store.handsomecake.com\/en\/wp-json\/wp\/v2\/product\/11156","targetHints":{"allow":["GET"]}}],"collection":[{"href":"https:\/\/store.handsomecake.com\/en\/wp-json\/wp\/v2\/product"}],"about":[{"href":"https:\/\/store.handsomecake.com\/en\/wp-json\/wp\/v2\/types\/product"}],"replies":[{"embeddable":true,"href":"https:\/\/store.handsomecake.com\/en\/wp-json\/wp\/v2\/comments?post=11156"}],"wp:featuredmedia":[{"embeddable":true,"href":"https:\/\/store.handsomecake.com\/en\/wp-json\/wp\/v2\/media\/11408"}],"wp:attachment":[{"href":"https:\/\/store.handsomecake.com\/en\/wp-json\/wp\/v2\/media?parent=11156"}],"wp:term":[{"taxonomy":"product_brand","embeddable":true,"href":"https:\/\/store.handsomecake.com\/en\/wp-json\/wp\/v2\/product_brand?post=11156"},{"taxonomy":"product_cat","embeddable":true,"href":"https:\/\/store.handsomecake.com\/en\/wp-json\/wp\/v2\/product_cat?post=11156"},{"taxonomy":"product_tag","embeddable":true,"href":"https:\/\/store.handsomecake.com\/en\/wp-json\/wp\/v2\/product_tag?post=11156"}],"curies":[{"name":"wp","href":"https:\/\/api.w.org\/{rel}","templated":true}]}}