{"id":11141,"date":"2022-05-13T17:26:01","date_gmt":"2022-05-13T17:26:01","guid":{"rendered":"https:\/\/store.handsomecake.com\/product\/naruto-kisame-hoshigaki-akatsuki-16-resin-statue-von-zuoban-studio\/"},"modified":"2024-09-23T21:06:15","modified_gmt":"2024-09-23T21:06:15","slug":"naruto-kisame-hoshigaki-akatsuki-16-resin-statue-von-zuoban-studio","status":"publish","type":"product","link":"https:\/\/store.handsomecake.com\/en\/product\/naruto-kisame-hoshigaki-akatsuki-16-resin-statue-von-zuoban-studio\/","title":{"rendered":"Naruto &#8211; Kisame Hoshigaki &#8211; Akatsuki | 1:6 Resin Statue | von ZuoBan Studio"},"content":{"rendered":"<p>Naruto &#8211; Kisame Hoshigaki &#8211; Akatsuki | 1:6 Resin Statue | von ZuoBan Studio<\/p>\n<p>I do ship EU-wide, please contact me, should questions arise.<\/p>\n<p>Tolle Kisame Hoshigaki aus Kirigakure Statue<br \/>\nWunderbar verarbeitete und sehr detaillierte Kisame Statue aus Polystone &#8211; k\u00fcnstlichem Stein-Harz-Gemisch.<\/p>\n<p><strong>Besonderheiten:<\/strong><\/p>\n<ul>\n<li>328 St\u00fcck weltweit<\/li>\n<\/ul>\n<p><strong>Release-Status:<\/strong><\/p>\n<ul>\n<li>Preorder. Statue wird sch\u00e4tzungsweise Q4 2022 fertiggestellt und wir erwarten sie bei uns im Lager gegen Ende Februar 2023.<\/li>\n<\/ul>\n<p>Wie immer bei meinen Aktionen &#8211; s\u00e4mtliche Geb\u00fchren sind, im Gegensatz zu anderen Angeboten, bereits inkludiert. Versand erfolgt ausschlie\u00dflich aus Deutschland, es fallen keine Zoll- und Importgeb\u00fchren an. Ihr kauft keine Katze im Sack \ud83d\ude42<\/p>\n<p><strong>Ma\u00dfe der Statue:<\/strong><\/p>\n<ul>\n<li>Gr\u00f6\u00dfe: ca. H45cm * W34cm * D33cm<\/li>\n<li>Gewicht: TBA, gesch\u00e4tzt: ca. 6kg<\/li>\n<\/ul>\n<p>You are not prepared! \ud83d\ude42<\/p>","protected":false},"excerpt":{"rendered":"<p>Naruto &#8211; Kisame Hoshigaki &#8211; Akatsuki | 1:6 Resin Statue | von ZuoBan Studio I do ship EU-wide, please contact me, should questions arise. Tolle Kisame Hoshigaki aus Kirigakure Statue Wunderbar verarbeitete und sehr detaillierte Kisame Statue aus Polystone &#8211; k\u00fcnstlichem Stein-Harz-Gemisch. Besonderheiten: 328 St\u00fcck weltweit Release-Status: Preorder. Statue wird sch\u00e4tzungsweise Q4 2022 fertiggestellt und [&hellip;]<\/p>\n","protected":false},"featured_media":11142,"comment_status":"closed","ping_status":"closed","template":"","meta":[],"product_brand":[],"product_cat":[24,88,568],"product_tag":[612,656,659,660,657,640,658,147,251,795,297,298,1341,168,296,1339,1340,169,170,154,136,137],"class_list":{"0":"post-11141","1":"product","2":"type-product","3":"status-publish","4":"has-post-thumbnail","6":"product_cat-action-figuren","7":"product_cat-naruto","8":"product_cat-preorder","9":"product_tag-anime","10":"product_tag-anime-collectibles","11":"product_tag-anime-figuren","12":"product_tag-anime-figuren-naruto","13":"product_tag-anime-figures","14":"product_tag-anime-statuen","15":"product_tag-anime-toys","16":"product_tag-collectibles","17":"product_tag-collectibles-kaufen","18":"product_tag-handsomecake","19":"product_tag-naruto-akatsuki","20":"product_tag-naruto-akatsuki-nagato","21":"product_tag-naruto-akatsuki-statue","22":"product_tag-naruto-collectibles","23":"product_tag-naruto-collectibles-kaufen","24":"product_tag-naruto-kisame","25":"product_tag-naruto-kisame-collectibles","26":"product_tag-naruto-statuen","27":"product_tag-naruto-statuen-kaufen","28":"product_tag-resin-collectibles","29":"product_tag-resin-statuen","30":"product_tag-resin-statuen-kaufen","31":"pa_brand-zuoban-studio","32":"pa_scale-1_to_6","34":"first","35":"outofstock","36":"taxable","37":"shipping-taxable","38":"product-type-variable"},"_links":{"self":[{"href":"https:\/\/store.handsomecake.com\/en\/wp-json\/wp\/v2\/product\/11141","targetHints":{"allow":["GET"]}}],"collection":[{"href":"https:\/\/store.handsomecake.com\/en\/wp-json\/wp\/v2\/product"}],"about":[{"href":"https:\/\/store.handsomecake.com\/en\/wp-json\/wp\/v2\/types\/product"}],"replies":[{"embeddable":true,"href":"https:\/\/store.handsomecake.com\/en\/wp-json\/wp\/v2\/comments?post=11141"}],"wp:featuredmedia":[{"embeddable":true,"href":"https:\/\/store.handsomecake.com\/en\/wp-json\/wp\/v2\/media\/11142"}],"wp:attachment":[{"href":"https:\/\/store.handsomecake.com\/en\/wp-json\/wp\/v2\/media?parent=11141"}],"wp:term":[{"taxonomy":"product_brand","embeddable":true,"href":"https:\/\/store.handsomecake.com\/en\/wp-json\/wp\/v2\/product_brand?post=11141"},{"taxonomy":"product_cat","embeddable":true,"href":"https:\/\/store.handsomecake.com\/en\/wp-json\/wp\/v2\/product_cat?post=11141"},{"taxonomy":"product_tag","embeddable":true,"href":"https:\/\/store.handsomecake.com\/en\/wp-json\/wp\/v2\/product_tag?post=11141"}],"curies":[{"name":"wp","href":"https:\/\/api.w.org\/{rel}","templated":true}]}}