{"id":11054,"date":"2022-05-10T14:33:00","date_gmt":"2022-05-10T14:33:00","guid":{"rendered":"https:\/\/store.handsomecake.com\/product\/final-fantasy-tifa-lockhart-14-resin-statue-von-ea-studio\/"},"modified":"2024-08-12T16:08:02","modified_gmt":"2024-08-12T16:08:02","slug":"final-fantasy-tifa-lockhart-14-resin-statue-von-ea-studio","status":"publish","type":"product","link":"https:\/\/store.handsomecake.com\/en\/product\/final-fantasy-tifa-lockhart-14-resin-statue-von-ea-studio\/","title":{"rendered":"Final Fantasy &#8211; Tifa Lockhart | 1:4 Resin Statue | von EA Studio"},"content":{"rendered":"<p>Final Fantasy &#8211; Tifa Lockhart &#8218; 1:4 Resin Statue &#8218; von EA Studio<\/p>\n<p>EU Taxfree! I do ship EU-wide, please contact me, should questions arise.<\/p>\n<p>Tolle Statue der Kindheitsfreundin von Cloud aus seiner Nibelheim Zeit.<br \/>\nWunderbar verarbeitete und sehr detaillierte Tifa Statue aus Polystone &#8211; k\u00fcnstlichem Stein-Harz-Gemisch.<\/p>\n<p><strong>Besonderheiten:<\/strong><\/p>\n<ul>\n<li>EX Variante mit 2 K\u00f6rpern (regular body+normal nude)<\/li>\n<li>weltweit auf 298 St\u00fcck begrenzt<\/li>\n<\/ul>\n<p><strong>Release-Status:<\/strong><\/p>\n<ul>\n<li>Preorder. Statue wird voraussichtlich Ende Q1 2023 released und wir erwarten sie sch\u00e4tzungsweise Ende Mai 2023 bei uns im Lager.<\/li>\n<\/ul>\n<p>Wie immer bei meinen Aktionen &#8211; s\u00e4mtliche Geb\u00fchren sind, im Gegensatz zu anderen Angeboten, bereits inkludiert. Versand erfolgt ausschlie\u00dflich aus Deutschland, es fallen keine Zoll- und Importgeb\u00fchren an. Ihr kauft keine Katze im Sack \ud83d\ude42<\/p>\n<p><strong>Ma\u00dfe der Statue:<\/strong><\/p>\n<ul>\n<li>Gr\u00f6\u00dfe: H36cm x W41cm x D36cm<\/li>\n<li>Gewicht: ca. 5 kg<\/li>\n<\/ul>\n<p>You are not prepared! \ud83d\ude42<\/p>","protected":false},"excerpt":{"rendered":"<p>Final Fantasy &#8211; Tifa Lockhart &#8218; 1:4 Resin Statue &#8218; von EA Studio EU Taxfree! I do ship EU-wide, please contact me, should questions arise. Tolle Statue der Kindheitsfreundin von Cloud aus seiner Nibelheim Zeit. Wunderbar verarbeitete und sehr detaillierte Tifa Statue aus Polystone &#8211; k\u00fcnstlichem Stein-Harz-Gemisch. Besonderheiten: EX Variante mit 2 K\u00f6rpern (regular body+normal [&hellip;]<\/p>\n","protected":false},"featured_media":11055,"comment_status":"closed","ping_status":"closed","template":"","meta":[],"product_brand":[],"product_cat":[197,568],"product_tag":[612,666,717,794,662,640,658,147,251,198,201,199,822,200,1109,1110,795,154,255,136,137,379,381,552,665,380,382,547,1111,257,258,1112,1113,718],"class_list":{"0":"post-11054","1":"product","2":"type-product","3":"status-publish","4":"has-post-thumbnail","6":"product_cat-final-fantasy","7":"product_cat-preorder","8":"product_tag-anime","9":"product_tag-anime-figuren-shop","10":"product_tag-anime-shop","11":"product_tag-anime-statue","12":"product_tag-anime-statue-shop","13":"product_tag-anime-statuen","14":"product_tag-anime-toys","15":"product_tag-collectibles","16":"product_tag-collectibles-kaufen","17":"product_tag-final-fantasy","18":"product_tag-final-fantasy-7-remake","19":"product_tag-final-fantasy-collectibles","20":"product_tag-final-fantasy-resin","21":"product_tag-final-fantasy-statuen","22":"product_tag-final-fantasy-tifa","23":"product_tag-final-fantasy-tifa-toy","24":"product_tag-handsomecake","25":"product_tag-resin-collectibles","26":"product_tag-resin-collectibles-kaufen","27":"product_tag-resin-statuen","28":"product_tag-resin-statuen-kaufen","29":"product_tag-statue-collectible","30":"product_tag-statue-collectibles","31":"product_tag-statue-collector","32":"product_tag-statuen-shop","33":"product_tag-statues-collectible","34":"product_tag-statues-collectibles","35":"product_tag-statues-collector","36":"product_tag-tifa-collectible","37":"product_tag-tifa-lockhart","38":"product_tag-tifa-lockhart-collectible","39":"product_tag-tifa-statue","40":"product_tag-tifa-toys","41":"product_tag-toys","42":"pa_brand-ea-studio","43":"pa_scale-1_to_4","45":"first","46":"outofstock","47":"taxable","48":"shipping-taxable","49":"product-type-variable"},"_links":{"self":[{"href":"https:\/\/store.handsomecake.com\/en\/wp-json\/wp\/v2\/product\/11054","targetHints":{"allow":["GET"]}}],"collection":[{"href":"https:\/\/store.handsomecake.com\/en\/wp-json\/wp\/v2\/product"}],"about":[{"href":"https:\/\/store.handsomecake.com\/en\/wp-json\/wp\/v2\/types\/product"}],"replies":[{"embeddable":true,"href":"https:\/\/store.handsomecake.com\/en\/wp-json\/wp\/v2\/comments?post=11054"}],"wp:featuredmedia":[{"embeddable":true,"href":"https:\/\/store.handsomecake.com\/en\/wp-json\/wp\/v2\/media\/11055"}],"wp:attachment":[{"href":"https:\/\/store.handsomecake.com\/en\/wp-json\/wp\/v2\/media?parent=11054"}],"wp:term":[{"taxonomy":"product_brand","embeddable":true,"href":"https:\/\/store.handsomecake.com\/en\/wp-json\/wp\/v2\/product_brand?post=11054"},{"taxonomy":"product_cat","embeddable":true,"href":"https:\/\/store.handsomecake.com\/en\/wp-json\/wp\/v2\/product_cat?post=11054"},{"taxonomy":"product_tag","embeddable":true,"href":"https:\/\/store.handsomecake.com\/en\/wp-json\/wp\/v2\/product_tag?post=11054"}],"curies":[{"name":"wp","href":"https:\/\/api.w.org\/{rel}","templated":true}]}}