{"id":11027,"date":"2022-05-06T10:35:49","date_gmt":"2022-05-06T10:35:49","guid":{"rendered":"https:\/\/store.handsomecake.com\/product\/studio-ghibli-my-neighbour-totoro-resin-statue-von-up-studio\/"},"modified":"2025-09-02T23:27:36","modified_gmt":"2025-09-02T23:27:36","slug":"studio-ghibli-my-neighbour-totoro-resin-statue-von-up-studio","status":"publish","type":"product","link":"https:\/\/store.handsomecake.com\/en\/product\/studio-ghibli-my-neighbour-totoro-resin-statue-von-up-studio\/","title":{"rendered":"Studio Ghibli &#8211; My Neighbour Totoro | Resin Statue | von UP Studio"},"content":{"rendered":"<p>Studio Ghibli &#8211; My Neighbour Totoro |\u00a0Resin Statue |\u00a0von UP Studio<br \/>\nI do ship EU-wide, please contact me, should questions arise.<\/p>\n<p>M\u00e4rchenhafte Statue aus dem Studio Ghibli Meisterwerk &#8211; Mein Nachbar Totoro<br \/>\nWunderbar verarbeitete und sehr detaillierte My Neighbour Totoro Statue aus Polystone &#8211; k\u00fcnstlichem Stein-Harz-Gemisch.<\/p>\n<p><strong>Besonderheiten:<\/strong><\/p>\n<ul>\n<li>LED in Katzenaugen, Haus und Mond<\/li>\n<li>ES &#8211; TBA<\/li>\n<\/ul>\n<p><strong>Release-Status:<\/strong><\/p>\n<ul>\n<li>Preorder. Statue wird sch\u00e4tzungsweise Ende Q1 2023 fertiggestellt und wir erwarten sie bei uns im Lager gegen Ende Mai 2023.<\/li>\n<\/ul>\n<p>Wie immer bei meinen Artikeln &#8211; s\u00e4mtliche Geb\u00fchren sind, im Gegensatz zu anderen Angeboten, bereits inkludiert. Versand erfolgt ausschlie\u00dflich aus Deutschland, es fallen keine Zoll- und Importgeb\u00fchren an. Ihr kauft keine Katze im Sack \ud83d\ude42<\/p>\n<p>Ma\u00dfe der Statue:<br \/>\nGr\u00f6\u00dfe: ca. H58cm x W32cm x D55cm<\/p>\n<p>Gewicht: TBA, gesch\u00e4tzt: ca. 18kg<\/p>\n<p>You are not prepared! \ud83d\ude42<\/p>","protected":false},"excerpt":{"rendered":"<p>Studio Ghibli &#8211; My Neighbour Totoro |\u00a0Resin Statue |\u00a0von UP Studio I do ship EU-wide, please contact me, should questions arise. M\u00e4rchenhafte Statue aus dem Studio Ghibli Meisterwerk &#8211; Mein Nachbar Totoro Wunderbar verarbeitete und sehr detaillierte My Neighbour Totoro Statue aus Polystone &#8211; k\u00fcnstlichem Stein-Harz-Gemisch. Besonderheiten: LED in Katzenaugen, Haus und Mond ES &#8211; [&hellip;]<\/p>\n","protected":false},"featured_media":11028,"comment_status":"closed","ping_status":"closed","template":"","meta":[],"product_brand":[],"product_cat":[568,184,84],"product_tag":[612,656,659,666,708,1312,795,1313,704,707,706,705,1314,1311,1261,379,381,665,380,382,547,1257,1262,1258,1259,1260],"class_list":{"0":"post-11027","1":"product","2":"type-product","3":"status-publish","4":"has-post-thumbnail","6":"product_cat-preorder","7":"product_cat-sonstige-resin-statuen","8":"product_cat-statuen-anime-comic-universum","9":"product_tag-anime","10":"product_tag-anime-collectibles","11":"product_tag-anime-figuren","12":"product_tag-anime-figuren-shop","13":"product_tag-anime-statuen-shop","14":"product_tag-das-wandelnde-schloss","15":"product_tag-handsomecake","16":"product_tag-hayao-miyazaki","17":"product_tag-kitsune","18":"product_tag-kitsune-collectibles","19":"product_tag-kitsune-figure","20":"product_tag-kitsune-statue","21":"product_tag-miyazaki","22":"product_tag-moving-castle","23":"product_tag-my-neighbor-totoro","24":"product_tag-statue-collectible","25":"product_tag-statue-collectibles","26":"product_tag-statuen-shop","27":"product_tag-statues-collectible","28":"product_tag-statues-collectibles","29":"product_tag-statues-collector","30":"product_tag-studio-ghibli","31":"product_tag-studio-ghibli-figur","32":"product_tag-totoro","33":"product_tag-totoro-figurine","34":"product_tag-totoro-toys","35":"pa_brand-up-studio","36":"pa_scale-1_to_10","38":"first","39":"instock","40":"taxable","41":"shipping-taxable","42":"product-type-variable"},"_links":{"self":[{"href":"https:\/\/store.handsomecake.com\/en\/wp-json\/wp\/v2\/product\/11027","targetHints":{"allow":["GET"]}}],"collection":[{"href":"https:\/\/store.handsomecake.com\/en\/wp-json\/wp\/v2\/product"}],"about":[{"href":"https:\/\/store.handsomecake.com\/en\/wp-json\/wp\/v2\/types\/product"}],"replies":[{"embeddable":true,"href":"https:\/\/store.handsomecake.com\/en\/wp-json\/wp\/v2\/comments?post=11027"}],"wp:featuredmedia":[{"embeddable":true,"href":"https:\/\/store.handsomecake.com\/en\/wp-json\/wp\/v2\/media\/11028"}],"wp:attachment":[{"href":"https:\/\/store.handsomecake.com\/en\/wp-json\/wp\/v2\/media?parent=11027"}],"wp:term":[{"taxonomy":"product_brand","embeddable":true,"href":"https:\/\/store.handsomecake.com\/en\/wp-json\/wp\/v2\/product_brand?post=11027"},{"taxonomy":"product_cat","embeddable":true,"href":"https:\/\/store.handsomecake.com\/en\/wp-json\/wp\/v2\/product_cat?post=11027"},{"taxonomy":"product_tag","embeddable":true,"href":"https:\/\/store.handsomecake.com\/en\/wp-json\/wp\/v2\/product_tag?post=11027"}],"curies":[{"name":"wp","href":"https:\/\/api.w.org\/{rel}","templated":true}]}}