{"id":10989,"date":"2022-05-02T19:38:30","date_gmt":"2022-05-02T19:38:30","guid":{"rendered":"https:\/\/store.handsomecake.com\/product\/resident-evil-ada-wong-14-resin-statue-von-sky-sun-light-weapons-studio\/"},"modified":"2025-06-17T15:28:37","modified_gmt":"2025-06-17T15:28:37","slug":"resident-evil-ada-wong-14-resin-statue-von-sky-sun-light-weapons-studio","status":"publish","type":"product","link":"https:\/\/store.handsomecake.com\/en\/product\/resident-evil-ada-wong-14-resin-statue-von-sky-sun-light-weapons-studio\/","title":{"rendered":"Resident Evil &#8211; Ada Wong | 1:4 Resin Statue | von Sky Sun ft. Light Weapons Studio"},"content":{"rendered":"<p>Resident Evil &#8211; Ada Wong | 1:4 Resin Statue | von Sky Sun ft. Light Weapons Studio<br \/>\nI do ship EU-wide, please contact me, should questions arise.<\/p>\n<p>Tolle Statue der schleierhaften Antiheldin<br \/>\nWunderbar verarbeitete und sehr detaillierte Ada Wong Statue aus Polystone &#8211; k\u00fcnstlichem Stein-Harz-Gemisch.<\/p>\n<p><strong>Besonderheiten:<\/strong><\/p>\n<ul>\n<li>Deluxe Version (mit Zombies)<\/li>\n<\/ul>\n<p><strong>Release-Status:<\/strong><\/p>\n<ul>\n<li>Lagernd vor Ort. Versandfertig in ca. 5 Werktagen.<\/li>\n<\/ul>\n<p>Wie immer bei meinen Artikeln &#8211; s\u00e4mtliche Geb\u00fchren sind, im Gegensatz zu anderen Angeboten, bereits inkludiert. Versand erfolgt ausschlie\u00dflich aus Deutschland, es fallen keine Zoll- und Importgeb\u00fchren an. Ihr kauft keine Katze im Sack \ud83d\ude42<\/p>\n<p>Ma\u00dfe der Statue:<br \/>\nGr\u00f6\u00dfe: ca. 51cm x 35cm x 32cm<br \/>\nGewicht: 14 kg<\/p>\n<p>You are not prepared! \ud83d\ude42<\/p>","protected":false},"excerpt":{"rendered":"<p>Resident Evil &#8211; Ada Wong | 1:4 Resin Statue | von Sky Sun ft. Light Weapons Studio I do ship EU-wide, please contact me, should questions arise. Tolle Statue der schleierhaften Antiheldin Wunderbar verarbeitete und sehr detaillierte Ada Wong Statue aus Polystone &#8211; k\u00fcnstlichem Stein-Harz-Gemisch. Besonderheiten: Deluxe Version (mit Zombies) Release-Status: Lagernd vor Ort. Versandfertig [&hellip;]<\/p>\n","protected":false},"featured_media":10991,"comment_status":"closed","ping_status":"closed","template":"","meta":[],"product_brand":[],"product_cat":[826,82,81],"product_tag":[473,474,476,475,612,659,666,717,147,795,215,217,216,187,189,188,1324,154,136,137,379,381,380,382,718],"class_list":{"0":"post-10989","1":"product","2":"type-product","3":"status-publish","4":"has-post-thumbnail","6":"product_cat-lagernd-vor-ort","7":"product_cat-resident-evil","8":"product_cat-statuen-computerspieluniversum","9":"product_tag-ada-wong","10":"product_tag-ada-wong-collectible","11":"product_tag-ada-wong-resin-statue","12":"product_tag-ada-wong-statue","13":"product_tag-anime","14":"product_tag-anime-figuren","15":"product_tag-anime-figuren-shop","16":"product_tag-anime-shop","17":"product_tag-collectibles","18":"product_tag-handsomecake","19":"product_tag-jill-valentine","20":"product_tag-jill-valentine-collectibles","21":"product_tag-jill-valentine-statue","22":"product_tag-resident-evil","23":"product_tag-resident-evil-collectibles","24":"product_tag-resident-evil-statuen","25":"product_tag-resident-evil-toys","26":"product_tag-resin-collectibles","27":"product_tag-resin-statuen","28":"product_tag-resin-statuen-kaufen","29":"product_tag-statue-collectible","30":"product_tag-statue-collectibles","31":"product_tag-statues-collectible","32":"product_tag-statues-collectibles","33":"product_tag-toys","34":"pa_brand-light-weapon-studio","35":"pa_scale-1_to_4","37":"first","38":"instock","39":"taxable","40":"shipping-taxable","41":"product-type-variable"},"_links":{"self":[{"href":"https:\/\/store.handsomecake.com\/en\/wp-json\/wp\/v2\/product\/10989","targetHints":{"allow":["GET"]}}],"collection":[{"href":"https:\/\/store.handsomecake.com\/en\/wp-json\/wp\/v2\/product"}],"about":[{"href":"https:\/\/store.handsomecake.com\/en\/wp-json\/wp\/v2\/types\/product"}],"replies":[{"embeddable":true,"href":"https:\/\/store.handsomecake.com\/en\/wp-json\/wp\/v2\/comments?post=10989"}],"wp:featuredmedia":[{"embeddable":true,"href":"https:\/\/store.handsomecake.com\/en\/wp-json\/wp\/v2\/media\/10991"}],"wp:attachment":[{"href":"https:\/\/store.handsomecake.com\/en\/wp-json\/wp\/v2\/media?parent=10989"}],"wp:term":[{"taxonomy":"product_brand","embeddable":true,"href":"https:\/\/store.handsomecake.com\/en\/wp-json\/wp\/v2\/product_brand?post=10989"},{"taxonomy":"product_cat","embeddable":true,"href":"https:\/\/store.handsomecake.com\/en\/wp-json\/wp\/v2\/product_cat?post=10989"},{"taxonomy":"product_tag","embeddable":true,"href":"https:\/\/store.handsomecake.com\/en\/wp-json\/wp\/v2\/product_tag?post=10989"}],"curies":[{"name":"wp","href":"https:\/\/api.w.org\/{rel}","templated":true}]}}