{"id":10980,"date":"2022-05-02T19:37:24","date_gmt":"2022-05-02T19:37:24","guid":{"rendered":"https:\/\/store.handsomecake.com\/product\/dragon-ball-trunks-14-resin-statue-von-nec-studio\/"},"modified":"2024-06-12T15:10:06","modified_gmt":"2024-06-12T15:10:06","slug":"dragon-ball-trunks-14-resin-statue-von-nec-studio","status":"publish","type":"product","link":"https:\/\/store.handsomecake.com\/en\/product\/dragon-ball-trunks-14-resin-statue-von-nec-studio\/","title":{"rendered":"Dragon Ball &#8211; Trunks | 1:4 Resin Statue | von NEC Studio"},"content":{"rendered":"<p>Dragon Ball &#8211; Trunks | 1:4 Resin Statue |\u00a0von NEC Studio<br \/>\nI do ship EU-wide, please contact me, should questions arise.<\/p>\n<p>Tolle Statue des Sohns von Vegeta und Bulma<br \/>\nWunderbar verarbeitete und sehr detaillierte Trunks Statue aus Polystone &#8211; k\u00fcnstlichem Stein-Harz-Gemisch.<\/p>\n<p><strong>Besonderheiten:<\/strong><\/p>\n<ul>\n<li>Deluxe Version mit insgesamt:\n<ul>\n<li>lila Kopf<\/li>\n<li>SSJ Kopf<\/li>\n<li>Oberk\u00f6rper in Jacke<\/li>\n<li>Oberk\u00f6rper in Weste<\/li>\n<li>kleiner Sockel f\u00fcr den 2. Oberk\u00f6rper<\/li>\n<li>3 austauschbare Arme (Schwert haltend, Schwert in der Scheide)<\/li>\n<\/ul>\n<\/li>\n<li>Regul\u00e4re Version mit insgesamt:\n<ul>\n<li>Lila Kopf<\/li>\n<li>Oberk\u00f6rper in Jacke<\/li>\n<li>Waffenarmvarianten &#8211; Waffe in der Scheide &amp; Arm locker h\u00e4ngend, Waffe in der Hand<\/li>\n<\/ul>\n<\/li>\n<\/ul>\n<p><strong>Release-Status:<\/strong><\/p>\n<ul>\n<li>Vorbestellung, Release erwartet Ende Q1 2023, Collectible bei uns im Lager sch\u00e4tzungsweise Ende Mai 2023.<\/li>\n<\/ul>\n<p>Wie immer bei meinen Artikeln &#8211; s\u00e4mtliche Geb\u00fchren sind, im Gegensatz zu anderen Angeboten, bereits inkludiert. Versand erfolgt ausschlie\u00dflich aus Deutschland, es fallen keine Zoll- und Importgeb\u00fchren an. Ihr kauft keine Katze im Sack \ud83d\ude42<\/p>\n<p>Ma\u00dfe der Statue:<br \/>\nGr\u00f6\u00dfe:<br \/>\n1:4 &#8211; ca. H72 cm x 47 cm x 53 cm<br \/>\nGewicht: TBA, gesch\u00e4tzt 22kg<\/p>\n<p>You are not prepared! \ud83d\ude42<\/p>","protected":false},"excerpt":{"rendered":"<p>Dragon Ball &#8211; Trunks | 1:4 Resin Statue |\u00a0von NEC Studio I do ship EU-wide, please contact me, should questions arise. Tolle Statue des Sohns von Vegeta und Bulma Wunderbar verarbeitete und sehr detaillierte Trunks Statue aus Polystone &#8211; k\u00fcnstlichem Stein-Harz-Gemisch. Besonderheiten: Deluxe Version mit insgesamt: lila Kopf SSJ Kopf Oberk\u00f6rper in Jacke Oberk\u00f6rper in [&hellip;]<\/p>\n","protected":false},"featured_media":10981,"comment_status":"closed","ping_status":"closed","template":"","meta":[],"product_brand":[],"product_cat":[87,568,84],"product_tag":[666,717,640,658,479,147,251,738,190,741,332,787,739,154,255,136,137,379,381,552,380,382,547,718,788,789,790,791,792],"class_list":{"0":"post-10980","1":"product","2":"type-product","3":"status-publish","4":"has-post-thumbnail","6":"product_cat-dragon-ball","7":"product_cat-preorder","8":"product_cat-statuen-anime-comic-universum","9":"product_tag-anime-figuren-shop","10":"product_tag-anime-shop","11":"product_tag-anime-statuen","12":"product_tag-anime-toys","13":"product_tag-collectible","14":"product_tag-collectibles","15":"product_tag-collectibles-kaufen","16":"product_tag-dragon-ball","17":"product_tag-dragon-ball-collectibles","18":"product_tag-dragon-ball-statuen","19":"product_tag-dragon-ball-trunks","20":"product_tag-dragon-ball-trunks-toy","21":"product_tag-dragon-ball-z","22":"product_tag-resin-collectibles","23":"product_tag-resin-collectibles-kaufen","24":"product_tag-resin-statuen","25":"product_tag-resin-statuen-kaufen","26":"product_tag-statue-collectible","27":"product_tag-statue-collectibles","28":"product_tag-statue-collector","29":"product_tag-statues-collectible","30":"product_tag-statues-collectibles","31":"product_tag-statues-collector","32":"product_tag-toys","33":"product_tag-trunks","34":"product_tag-trunks-collectible","35":"product_tag-trunks-figur","36":"product_tag-trunks-figurine","37":"product_tag-trunks-toys","38":"pa_brand-nec-studio","39":"pa_scale-1_to_4","41":"first","42":"instock","43":"taxable","44":"shipping-taxable","45":"product-type-variable"},"_links":{"self":[{"href":"https:\/\/store.handsomecake.com\/en\/wp-json\/wp\/v2\/product\/10980","targetHints":{"allow":["GET"]}}],"collection":[{"href":"https:\/\/store.handsomecake.com\/en\/wp-json\/wp\/v2\/product"}],"about":[{"href":"https:\/\/store.handsomecake.com\/en\/wp-json\/wp\/v2\/types\/product"}],"replies":[{"embeddable":true,"href":"https:\/\/store.handsomecake.com\/en\/wp-json\/wp\/v2\/comments?post=10980"}],"wp:featuredmedia":[{"embeddable":true,"href":"https:\/\/store.handsomecake.com\/en\/wp-json\/wp\/v2\/media\/10981"}],"wp:attachment":[{"href":"https:\/\/store.handsomecake.com\/en\/wp-json\/wp\/v2\/media?parent=10980"}],"wp:term":[{"taxonomy":"product_brand","embeddable":true,"href":"https:\/\/store.handsomecake.com\/en\/wp-json\/wp\/v2\/product_brand?post=10980"},{"taxonomy":"product_cat","embeddable":true,"href":"https:\/\/store.handsomecake.com\/en\/wp-json\/wp\/v2\/product_cat?post=10980"},{"taxonomy":"product_tag","embeddable":true,"href":"https:\/\/store.handsomecake.com\/en\/wp-json\/wp\/v2\/product_tag?post=10980"}],"curies":[{"name":"wp","href":"https:\/\/api.w.org\/{rel}","templated":true}]}}