{"id":10974,"date":"2022-05-02T19:36:23","date_gmt":"2022-05-02T19:36:23","guid":{"rendered":"https:\/\/store.handsomecake.com\/product\/resident-evil-ada-wong-14-resin-statue-von-big-boss-studio\/"},"modified":"2024-06-12T15:10:10","modified_gmt":"2024-06-12T15:10:10","slug":"resident-evil-ada-wong-14-resin-statue-von-big-boss-studio","status":"publish","type":"product","link":"https:\/\/store.handsomecake.com\/en\/product\/resident-evil-ada-wong-14-resin-statue-von-big-boss-studio\/","title":{"rendered":"Resident Evil &#8211; Ada Wong | 1:4 Resin Statue | von Big Boss Studio"},"content":{"rendered":"<p>Resident Evil &#8211; Ada Wong |\u00a01:4 Resin Statue |\u00a0von Big Boss Studio<br \/>\nI do ship EU-wide, please contact me, should questions arise.<\/p>\n<p>Tolle Statue der schleierhaften Antiheldin<br \/>\nWunderbar verarbeitete und sehr detaillierte Ada Wong Statue aus Polystone &#8211; k\u00fcnstlichem Stein-Harz-Gemisch.<\/p>\n<p><strong>Besonderheiten:<\/strong><\/p>\n<ul>\n<li>2 austauschbare K\u00f6pfe (Computer- und Manga-Version)<\/li>\n<li>extra Nacktk\u00f6rper inklusive<\/li>\n<li>188 St\u00fcck weltweit<\/li>\n<\/ul>\n<p><strong>Release-Status:<\/strong><\/p>\n<ul>\n<li>Preorder. Statue wird voraussichtlich Ende Q1 2023 erscheinen. Wir erwarten sie sch\u00e4tzungsweise Ende Mai 2023 bei uns im Warenlager.<\/li>\n<\/ul>\n<p>Wie immer bei meinen Artikeln &#8211; s\u00e4mtliche Geb\u00fchren sind, im Gegensatz zu anderen Angeboten, bereits inkludiert. Versand erfolgt ausschlie\u00dflich aus Deutschland, es fallen keine Zoll- und Importgeb\u00fchren an. Ihr kauft keine Katze im Sack \ud83d\ude42<\/p>\n<p>Ma\u00dfe der Statue:<br \/>\nGr\u00f6\u00dfe: ca. 55cm x 32cm x 23cm<br \/>\nGewicht: 12 kg<\/p>\n<p>You are not prepared! \ud83d\ude42<\/p>","protected":false},"excerpt":{"rendered":"<p>Resident Evil &#8211; Ada Wong |\u00a01:4 Resin Statue |\u00a0von Big Boss Studio I do ship EU-wide, please contact me, should questions arise. Tolle Statue der schleierhaften Antiheldin Wunderbar verarbeitete und sehr detaillierte Ada Wong Statue aus Polystone &#8211; k\u00fcnstlichem Stein-Harz-Gemisch. Besonderheiten: 2 austauschbare K\u00f6pfe (Computer- und Manga-Version) extra Nacktk\u00f6rper inklusive 188 St\u00fcck weltweit Release-Status: Preorder. [&hellip;]<\/p>\n","protected":false},"featured_media":11004,"comment_status":"closed","ping_status":"closed","template":"","meta":[],"product_brand":[],"product_cat":[568,82,81],"product_tag":[473,474,476,475,612,659,666,717,147,795,215,217,216,187,189,188,1324,154,136,137,379,381,380,382,718],"class_list":{"0":"post-10974","1":"product","2":"type-product","3":"status-publish","4":"has-post-thumbnail","6":"product_cat-preorder","7":"product_cat-resident-evil","8":"product_cat-statuen-computerspieluniversum","9":"product_tag-ada-wong","10":"product_tag-ada-wong-collectible","11":"product_tag-ada-wong-resin-statue","12":"product_tag-ada-wong-statue","13":"product_tag-anime","14":"product_tag-anime-figuren","15":"product_tag-anime-figuren-shop","16":"product_tag-anime-shop","17":"product_tag-collectibles","18":"product_tag-handsomecake","19":"product_tag-jill-valentine","20":"product_tag-jill-valentine-collectibles","21":"product_tag-jill-valentine-statue","22":"product_tag-resident-evil","23":"product_tag-resident-evil-collectibles","24":"product_tag-resident-evil-statuen","25":"product_tag-resident-evil-toys","26":"product_tag-resin-collectibles","27":"product_tag-resin-statuen","28":"product_tag-resin-statuen-kaufen","29":"product_tag-statue-collectible","30":"product_tag-statue-collectibles","31":"product_tag-statues-collectible","32":"product_tag-statues-collectibles","33":"product_tag-toys","34":"pa_brand-big-boss-studio","35":"pa_scale-1_to_4","37":"first","38":"instock","39":"taxable","40":"shipping-taxable","41":"product-type-variable"},"_links":{"self":[{"href":"https:\/\/store.handsomecake.com\/en\/wp-json\/wp\/v2\/product\/10974","targetHints":{"allow":["GET"]}}],"collection":[{"href":"https:\/\/store.handsomecake.com\/en\/wp-json\/wp\/v2\/product"}],"about":[{"href":"https:\/\/store.handsomecake.com\/en\/wp-json\/wp\/v2\/types\/product"}],"replies":[{"embeddable":true,"href":"https:\/\/store.handsomecake.com\/en\/wp-json\/wp\/v2\/comments?post=10974"}],"wp:featuredmedia":[{"embeddable":true,"href":"https:\/\/store.handsomecake.com\/en\/wp-json\/wp\/v2\/media\/11004"}],"wp:attachment":[{"href":"https:\/\/store.handsomecake.com\/en\/wp-json\/wp\/v2\/media?parent=10974"}],"wp:term":[{"taxonomy":"product_brand","embeddable":true,"href":"https:\/\/store.handsomecake.com\/en\/wp-json\/wp\/v2\/product_brand?post=10974"},{"taxonomy":"product_cat","embeddable":true,"href":"https:\/\/store.handsomecake.com\/en\/wp-json\/wp\/v2\/product_cat?post=10974"},{"taxonomy":"product_tag","embeddable":true,"href":"https:\/\/store.handsomecake.com\/en\/wp-json\/wp\/v2\/product_tag?post=10974"}],"curies":[{"name":"wp","href":"https:\/\/api.w.org\/{rel}","templated":true}]}}