{"id":10879,"date":"2022-04-25T09:56:44","date_gmt":"2022-04-25T09:56:44","guid":{"rendered":"https:\/\/store.handsomecake.com\/product\/nier-automata-yorha-no-2-type-a-b-14-resin-statue-von-joy-station\/"},"modified":"2025-04-09T00:26:05","modified_gmt":"2025-04-09T00:26:05","slug":"nier-automata-yorha-no-2-type-a-b-14-resin-statue-von-joy-station","status":"publish","type":"product","link":"https:\/\/store.handsomecake.com\/en\/product\/nier-automata-yorha-no-2-type-a-b-14-resin-statue-von-joy-station\/","title":{"rendered":"Nier Automata &#8211; YoRHa No.2 Type A &#038; B | 1:4 Resin Statue | von JOY Station"},"content":{"rendered":"<p>Nier Automata &#8211; YoRHa No.2 Type A &amp; B |\u00a01:4 Resin Statue |\u00a0von JOY Station<br \/>\nEU Taxfree! I do ship EU-wide, please contact me, should questions arise.<\/p>\n<p>Tolle Statue unserer geliebten Androidk\u00e4mpferinnen<br \/>\nWunderbar verarbeitete und sehr detaillierte Statue von YoRHa No.2 Type A &amp; B aus Polystone &#8211; k\u00fcnstlichem Stein-Harz-Gemisch.<\/p>\n<p><strong>Besonderheiten:<\/strong><\/p>\n<ul>\n<li>F\u00fcr Yorha Type B zus\u00e4tzlicher nackter Oberk\u00f6rper dabei<\/li>\n<li>weltweit auf 198 St\u00fcck begrenzt<\/li>\n<\/ul>\n<p><strong>Release-Status:<\/strong><\/p>\n<ul>\n<li>Preorder. Voraussichtliches Release-Datum: Q1 2023. Wir erwarten die Statue bei uns im Lager sch\u00e4tzungsweise Ende Mai 2023.<\/li>\n<\/ul>\n<p>Wie immer bei meinen Artikeln &#8211; s\u00e4mtliche Geb\u00fchren sind, im Gegensatz zu anderen Angeboten, bereits inkludiert. Versand erfolgt ausschlie\u00dflich aus Deutschland, es fallen keine Zoll- und Importgeb\u00fchren an. Ihr kauft keine Katze im Sack \ud83d\ude42<\/p>\n<p>Ma\u00dfe der Statue:<br \/>\nGr\u00f6\u00dfe: H58cm x 45cm x 40cm<br \/>\nGewicht: TBA, gesch\u00e4tzt ca. 18 kg<\/p>\n<p>You are not prepared! \ud83d\ude42<\/p>","protected":false},"excerpt":{"rendered":"<p>Nier Automata &#8211; YoRHa No.2 Type A &amp; B |\u00a01:4 Resin Statue |\u00a0von JOY Station EU Taxfree! I do ship EU-wide, please contact me, should questions arise. Tolle Statue unserer geliebten Androidk\u00e4mpferinnen Wunderbar verarbeitete und sehr detaillierte Statue von YoRHa No.2 Type A &amp; B aus Polystone &#8211; k\u00fcnstlichem Stein-Harz-Gemisch. Besonderheiten: F\u00fcr Yorha Type B [&hellip;]<\/p>\n","protected":false},"featured_media":10880,"comment_status":"closed","ping_status":"closed","template":"","meta":[],"product_brand":[],"product_cat":[641,568,81],"product_tag":[666,717,640,658,479,147,251,795,763,252,253,254,765,154,255,136,137,379,381,552,380,382,547,718,768,770,771,767,769,766],"class_list":{"0":"post-10879","1":"product","2":"type-product","3":"status-publish","4":"has-post-thumbnail","6":"product_cat-nier-automata","7":"product_cat-preorder","8":"product_cat-statuen-computerspieluniversum","9":"product_tag-anime-figuren-shop","10":"product_tag-anime-shop","11":"product_tag-anime-statuen","12":"product_tag-anime-toys","13":"product_tag-collectible","14":"product_tag-collectibles","15":"product_tag-collectibles-kaufen","16":"product_tag-handsomecake","17":"product_tag-nier","18":"product_tag-nier-automata","19":"product_tag-nier-automata-collectibles","20":"product_tag-nier-automata-statuen","21":"product_tag-nier-automata-statuen-kaufen","22":"product_tag-resin-collectibles","23":"product_tag-resin-collectibles-kaufen","24":"product_tag-resin-statuen","25":"product_tag-resin-statuen-kaufen","26":"product_tag-statue-collectible","27":"product_tag-statue-collectibles","28":"product_tag-statue-collector","29":"product_tag-statues-collectible","30":"product_tag-statues-collectibles","31":"product_tag-statues-collector","32":"product_tag-toys","33":"product_tag-yorha-collectible","34":"product_tag-yorha-figure","35":"product_tag-yorha-figurine","36":"product_tag-yorha-statue","37":"product_tag-yorha-toy","38":"product_tag-yorha-type-b","39":"pa_brand-joy-station-collectibles","40":"pa_scale-1_to_4","42":"first","43":"instock","44":"taxable","45":"shipping-taxable","46":"product-type-variable"},"_links":{"self":[{"href":"https:\/\/store.handsomecake.com\/en\/wp-json\/wp\/v2\/product\/10879","targetHints":{"allow":["GET"]}}],"collection":[{"href":"https:\/\/store.handsomecake.com\/en\/wp-json\/wp\/v2\/product"}],"about":[{"href":"https:\/\/store.handsomecake.com\/en\/wp-json\/wp\/v2\/types\/product"}],"replies":[{"embeddable":true,"href":"https:\/\/store.handsomecake.com\/en\/wp-json\/wp\/v2\/comments?post=10879"}],"wp:featuredmedia":[{"embeddable":true,"href":"https:\/\/store.handsomecake.com\/en\/wp-json\/wp\/v2\/media\/10880"}],"wp:attachment":[{"href":"https:\/\/store.handsomecake.com\/en\/wp-json\/wp\/v2\/media?parent=10879"}],"wp:term":[{"taxonomy":"product_brand","embeddable":true,"href":"https:\/\/store.handsomecake.com\/en\/wp-json\/wp\/v2\/product_brand?post=10879"},{"taxonomy":"product_cat","embeddable":true,"href":"https:\/\/store.handsomecake.com\/en\/wp-json\/wp\/v2\/product_cat?post=10879"},{"taxonomy":"product_tag","embeddable":true,"href":"https:\/\/store.handsomecake.com\/en\/wp-json\/wp\/v2\/product_tag?post=10879"}],"curies":[{"name":"wp","href":"https:\/\/api.w.org\/{rel}","templated":true}]}}