{"id":10810,"date":"2022-04-20T09:38:35","date_gmt":"2022-04-20T09:38:35","guid":{"rendered":"https:\/\/store.handsomecake.com\/product\/marvel-moon-knight-14-resin-statue-von-mfa-collectibles\/"},"modified":"2024-06-12T15:09:21","modified_gmt":"2024-06-12T15:09:21","slug":"marvel-moon-knight-14-resin-statue-von-mfa-collectibles","status":"publish","type":"product","link":"https:\/\/store.handsomecake.com\/en\/product\/marvel-moon-knight-14-resin-statue-von-mfa-collectibles\/","title":{"rendered":"Marvel &#8211; Moon Knight | 1:4 Resin Statue | von MFA Collectibles"},"content":{"rendered":"<p>Marvel &#8211; Moon Knight |\u00a01:4 Resin Statue |\u00a0von CustomDesign Studios<br \/>\nEU Taxfree! I do ship EU-wide, please contact me, should questions arise.<\/p>\n<p>Tolle Statue unseres geliebten und schizophrenen Nachthelden<br \/>\nWunderbar verarbeitete und sehr detaillierte Statue von Moon Knight aus Polystone &#8211; k\u00fcnstlichem Stein-Harz-Gemisch.<\/p>\n<p><strong>Besonderheiten:<\/strong><\/p>\n<ul>\n<li>4 austauschbare K\u00f6pfe<\/li>\n<li>2 austauschbare Waffen<\/li>\n<li>30 St\u00fcck weltweit<\/li>\n<\/ul>\n<p><strong>Release-Status:<\/strong><\/p>\n<ul>\n<li>In Stock<\/li>\n<\/ul>\n<p>Wie immer bei meinen Artikeln &#8211; s\u00e4mtliche Geb\u00fchren sind, im Gegensatz zu anderen Angeboten, bereits inkludiert. Versand erfolgt ausschlie\u00dflich aus Deutschland, es fallen keine Zoll- und Importgeb\u00fchren an. Ihr kauft keine Katze im Sack \ud83d\ude42<\/p>\n<p>Ma\u00dfe der Statue:<br \/>\nGr\u00f6\u00dfe: 73cm x 65cm x 50cm<br \/>\nGewicht: TBA, gesch\u00e4tzt: ca. 24 kg<\/p>\n<p>You are not prepared! \ud83d\ude42<\/p>","protected":false},"excerpt":{"rendered":"<p>Marvel &#8211; Moon Knight |\u00a01:4 Resin Statue |\u00a0von CustomDesign Studios EU Taxfree! I do ship EU-wide, please contact me, should questions arise. Tolle Statue unseres geliebten und schizophrenen Nachthelden Wunderbar verarbeitete und sehr detaillierte Statue von Moon Knight aus Polystone &#8211; k\u00fcnstlichem Stein-Harz-Gemisch. Besonderheiten: 4 austauschbare K\u00f6pfe 2 austauschbare Waffen 30 St\u00fcck weltweit Release-Status: Lagernd [&hellip;]<\/p>\n","protected":false},"featured_media":10811,"comment_status":"closed","ping_status":"closed","template":"","meta":[],"product_brand":[],"product_cat":[826,269,84],"product_tag":[666,717,640,658,147,251,553,795,271,272,273,862,898,1288,1289,1290,1291,1292,1293,154,136,137,554,379,381,552,380,382,547,718],"class_list":{"0":"post-10810","1":"product","2":"type-product","3":"status-publish","4":"has-post-thumbnail","6":"product_cat-lagernd-vor-ort","7":"product_cat-marvel","8":"product_cat-statuen-anime-comic-universum","9":"product_tag-anime-figuren-shop","10":"product_tag-anime-shop","11":"product_tag-anime-statuen","12":"product_tag-anime-toys","13":"product_tag-collectibles","14":"product_tag-collectibles-kaufen","15":"product_tag-figure-collector","16":"product_tag-handsomecake","17":"product_tag-marvel","18":"product_tag-marvel-collectibles","19":"product_tag-marvel-collectibles-kaufen","20":"product_tag-marvel-collector","21":"product_tag-marvel-toys","22":"product_tag-moon-knight","23":"product_tag-moon-knight-collectible","24":"product_tag-moon-knight-collectibles","25":"product_tag-moon-knight-collector","26":"product_tag-moon-knight-statue","27":"product_tag-moon-knight-toys","28":"product_tag-resin-collectibles","29":"product_tag-resin-statuen","30":"product_tag-resin-statuen-kaufen","31":"product_tag-resin-statues","32":"product_tag-statue-collectible","33":"product_tag-statue-collectibles","34":"product_tag-statue-collector","35":"product_tag-statues-collectible","36":"product_tag-statues-collectibles","37":"product_tag-statues-collector","38":"product_tag-toys","40":"first","41":"instock","42":"taxable","43":"shipping-taxable","44":"product-type-simple"},"_links":{"self":[{"href":"https:\/\/store.handsomecake.com\/en\/wp-json\/wp\/v2\/product\/10810","targetHints":{"allow":["GET"]}}],"collection":[{"href":"https:\/\/store.handsomecake.com\/en\/wp-json\/wp\/v2\/product"}],"about":[{"href":"https:\/\/store.handsomecake.com\/en\/wp-json\/wp\/v2\/types\/product"}],"replies":[{"embeddable":true,"href":"https:\/\/store.handsomecake.com\/en\/wp-json\/wp\/v2\/comments?post=10810"}],"wp:featuredmedia":[{"embeddable":true,"href":"https:\/\/store.handsomecake.com\/en\/wp-json\/wp\/v2\/media\/10811"}],"wp:attachment":[{"href":"https:\/\/store.handsomecake.com\/en\/wp-json\/wp\/v2\/media?parent=10810"}],"wp:term":[{"taxonomy":"product_brand","embeddable":true,"href":"https:\/\/store.handsomecake.com\/en\/wp-json\/wp\/v2\/product_brand?post=10810"},{"taxonomy":"product_cat","embeddable":true,"href":"https:\/\/store.handsomecake.com\/en\/wp-json\/wp\/v2\/product_cat?post=10810"},{"taxonomy":"product_tag","embeddable":true,"href":"https:\/\/store.handsomecake.com\/en\/wp-json\/wp\/v2\/product_tag?post=10810"}],"curies":[{"name":"wp","href":"https:\/\/api.w.org\/{rel}","templated":true}]}}