{"id":10791,"date":"2022-04-19T08:51:49","date_gmt":"2022-04-19T08:51:49","guid":{"rendered":"https:\/\/store.handsomecake.com\/product\/diablo-imperius-15-resin-statue-von-mayflies-studio\/"},"modified":"2025-02-04T09:00:22","modified_gmt":"2025-02-04T09:00:22","slug":"diablo-imperius-15-resin-statue-von-mayflies-studio","status":"publish","type":"product","link":"https:\/\/store.handsomecake.com\/en\/product\/diablo-imperius-15-resin-statue-von-mayflies-studio\/","title":{"rendered":"Diablo &#8211; Imperius | 1:5 Resin Statue | von Mayflies Studio"},"content":{"rendered":"<p>Diablo &#8211; Imperius |\u00a01:5 Resin Statue |\u00a0von Mayflies Studio<br \/>\nEU Taxfree! I do ship EU-wide, please contact me, should questions arise.<\/p>\n<p>Tolle Statue vom Erzengels des Heldenmuts<br \/>\nWunderbar verarbeitete und sehr detaillierte Imperius Statue aus Polystone &#8211; k\u00fcnstlichem Stein-Harz-Gemisch.<\/p>\n<p><strong>Besonderheiten:<\/strong><\/p>\n<ul>\n<li>keine<\/li>\n<li>199 St\u00fcck weltweit<\/li>\n<\/ul>\n<p><strong>Release-Status:<\/strong><\/p>\n<ul>\n<li>In Stock<\/li>\n<\/ul>\n<p>Wie immer bei meinen Artikeln &#8211; s\u00e4mtliche Geb\u00fchren sind, im Gegensatz zu anderen Angeboten, bereits inkludiert. Versand erfolgt ausschlie\u00dflich aus Deutschland, es fallen keine Zoll- und Importgeb\u00fchren an. Ihr kauft keine Katze im Sack \ud83d\ude42<\/p>\n<p>Ma\u00dfe der Statue:<br \/>\nGr\u00f6\u00dfe: ca. 55cm x 50cm x 69cm<br \/>\nGewicht: ca. 16 kg (gesch\u00e4tzt)<\/p>\n<p>You are not prepared! \ud83d\ude42<\/p>","protected":false},"excerpt":{"rendered":"<p>Diablo &#8211; Imperius |\u00a01:5 Resin Statue |\u00a0von Mayflies Studio EU Taxfree! I do ship EU-wide, please contact me, should questions arise. Tolle Statue vom Erzengels des Heldenmuts Wunderbar verarbeitete und sehr detaillierte Imperius Statue aus Polystone &#8211; k\u00fcnstlichem Stein-Harz-Gemisch. Besonderheiten: keine 199 St\u00fcck weltweit Release-Status: Lagernd vor Ort Wie immer bei meinen Artikeln &#8211; s\u00e4mtliche [&hellip;]<\/p>\n","protected":false},"featured_media":10792,"comment_status":"closed","ping_status":"closed","template":"","meta":[],"product_brand":[],"product_cat":[315,826,81],"product_tag":[571,573,575,578,580,579,572,576,577,147,251,383,317,570,318,583,1145,322,582,553,795,1287,154,136,137,554,379,381,552,547],"class_list":{"0":"post-10791","1":"product","2":"type-product","3":"status-publish","4":"has-post-thumbnail","6":"product_cat-diablo","7":"product_cat-lagernd-vor-ort","8":"product_cat-statuen-computerspieluniversum","9":"product_tag-blizzard","10":"product_tag-blizzard-collectibles","11":"product_tag-blizzard-figures","12":"product_tag-blizzard-games","13":"product_tag-blizzard-gaming","14":"product_tag-blizzard-gear","15":"product_tag-blizzard-statues","16":"product_tag-blizzard-toy","17":"product_tag-blizzard-toys","18":"product_tag-collectibles","19":"product_tag-collectibles-kaufen","20":"product_tag-collector","21":"product_tag-diablo","22":"product_tag-diablo-3","23":"product_tag-diablo-collectibles","24":"product_tag-diablo-collection","25":"product_tag-diablo-cosplay","26":"product_tag-diablo-imperius","27":"product_tag-diablo-statue","28":"product_tag-figure-collector","29":"product_tag-handsomecake","30":"product_tag-imperius","31":"product_tag-resin-collectibles","32":"product_tag-resin-statuen","33":"product_tag-resin-statuen-kaufen","34":"product_tag-resin-statues","35":"product_tag-statue-collectible","36":"product_tag-statue-collectibles","37":"product_tag-statue-collector","38":"product_tag-statues-collector","40":"first","41":"instock","42":"taxable","43":"shipping-taxable","44":"product-type-simple"},"_links":{"self":[{"href":"https:\/\/store.handsomecake.com\/en\/wp-json\/wp\/v2\/product\/10791","targetHints":{"allow":["GET"]}}],"collection":[{"href":"https:\/\/store.handsomecake.com\/en\/wp-json\/wp\/v2\/product"}],"about":[{"href":"https:\/\/store.handsomecake.com\/en\/wp-json\/wp\/v2\/types\/product"}],"replies":[{"embeddable":true,"href":"https:\/\/store.handsomecake.com\/en\/wp-json\/wp\/v2\/comments?post=10791"}],"wp:featuredmedia":[{"embeddable":true,"href":"https:\/\/store.handsomecake.com\/en\/wp-json\/wp\/v2\/media\/10792"}],"wp:attachment":[{"href":"https:\/\/store.handsomecake.com\/en\/wp-json\/wp\/v2\/media?parent=10791"}],"wp:term":[{"taxonomy":"product_brand","embeddable":true,"href":"https:\/\/store.handsomecake.com\/en\/wp-json\/wp\/v2\/product_brand?post=10791"},{"taxonomy":"product_cat","embeddable":true,"href":"https:\/\/store.handsomecake.com\/en\/wp-json\/wp\/v2\/product_cat?post=10791"},{"taxonomy":"product_tag","embeddable":true,"href":"https:\/\/store.handsomecake.com\/en\/wp-json\/wp\/v2\/product_tag?post=10791"}],"curies":[{"name":"wp","href":"https:\/\/api.w.org\/{rel}","templated":true}]}}