{"id":10773,"date":"2022-04-14T21:22:52","date_gmt":"2022-04-14T21:22:52","guid":{"rendered":"https:\/\/store.handsomecake.com\/product\/marvel-thanos-13-5-resin-statue-von-exoresin\/"},"modified":"2024-06-12T15:09:10","modified_gmt":"2024-06-12T15:09:10","slug":"marvel-thanos-13-5-resin-statue-von-exoresin","status":"publish","type":"product","link":"https:\/\/store.handsomecake.com\/en\/product\/marvel-thanos-13-5-resin-statue-von-exoresin\/","title":{"rendered":"Marvel &#8211; Thanos | 1:3.5 Resin Statue | von Exoresin"},"content":{"rendered":"<p>Marvel &#8211; Thanos |\u00a01:3.5 Resin Statue |\u00a0von Exoresin<br \/>\nEU Taxfree! I do ship EU-wide, please contact me, should questions arise.<\/p>\n<p>Tolle Statue des Titanen und Superschurken<br \/>\nWunderbar verarbeitete und sehr detaillierte Statue von Thanos aus Polystone &#8211; k\u00fcnstlichem Stein-Harz-Gemisch.<\/p>\n<p><strong>Besonderheiten:<\/strong><\/p>\n<ul>\n<li>2 austauschbare K\u00f6pfe<\/li>\n<li>2 austauschbare Armsets<\/li>\n<li>80 St\u00fcck weltweit<\/li>\n<\/ul>\n<p><strong>Release-Status:<\/strong><\/p>\n<ul>\n<li>Preorder. Statue wird voraussichtlich Q1 2023 released. Wir erwarten sie bei uns im Lager gegen Ende Mai 2023.<\/li>\n<\/ul>\n<p>Wie immer bei meinen Artikeln\u00a0&#8211; s\u00e4mtliche Geb\u00fchren sind, im Gegensatz zu anderen Angeboten, bereits inkludiert. Versand erfolgt ausschlie\u00dflich aus Deutschland, es fallen keine Zoll- und Importgeb\u00fchren an. Ihr kauft keine Katze im Sack \ud83d\ude42<\/p>\n<p>Ma\u00dfe der Statue:<br \/>\nGr\u00f6\u00dfe: 80cm x 54cm x 55cm<br \/>\nGewicht: TBA, gesch\u00e4tzt: ca. 35 kg<\/p>\n<p>You are not prepared! \ud83d\ude42<\/p>","protected":false},"excerpt":{"rendered":"<p>Marvel &#8211; Thanos |\u00a01:3.5 Resin Statue |\u00a0von Exoresin EU Taxfree! I do ship EU-wide, please contact me, should questions arise. Tolle Statue des Titanen und Superschurken Wunderbar verarbeitete und sehr detaillierte Statue von Thanos aus Polystone &#8211; k\u00fcnstlichem Stein-Harz-Gemisch. Besonderheiten: 2 austauschbare K\u00f6pfe 2 austauschbare Armsets 80 St\u00fcck weltweit Release-Status: Preorder. Statue wird voraussichtlich Q1 [&hellip;]<\/p>\n","protected":false},"featured_media":10774,"comment_status":"closed","ping_status":"closed","template":"","meta":[],"product_brand":[],"product_cat":[269,568,84],"product_tag":[666,717,640,658,147,251,553,795,271,272,273,862,898,1286,137,554,379,381,552,380,382,547,1280,1281,1282,1283,1284,1285,718],"class_list":{"0":"post-10773","1":"product","2":"type-product","3":"status-publish","4":"has-post-thumbnail","6":"product_cat-marvel","7":"product_cat-preorder","8":"product_cat-statuen-anime-comic-universum","9":"product_tag-anime-figuren-shop","10":"product_tag-anime-shop","11":"product_tag-anime-statuen","12":"product_tag-anime-toys","13":"product_tag-collectibles","14":"product_tag-collectibles-kaufen","15":"product_tag-figure-collector","16":"product_tag-handsomecake","17":"product_tag-marvel","18":"product_tag-marvel-collectibles","19":"product_tag-marvel-collectibles-kaufen","20":"product_tag-marvel-collector","21":"product_tag-marvel-toys","22":"product_tag-resin-collectibles-resin-statuen","23":"product_tag-resin-statuen-kaufen","24":"product_tag-resin-statues","25":"product_tag-statue-collectible","26":"product_tag-statue-collectibles","27":"product_tag-statue-collector","28":"product_tag-statues-collectible","29":"product_tag-statues-collectibles","30":"product_tag-statues-collector","31":"product_tag-thanos","32":"product_tag-thanos-collectible","33":"product_tag-thanos-collectibles","34":"product_tag-thanos-collector","35":"product_tag-thanos-statue","36":"product_tag-thanos-toys","37":"product_tag-toys","38":"pa_brand-exoresin","39":"pa_scale-1_to_3_5","41":"first","42":"outofstock","43":"taxable","44":"shipping-taxable","45":"product-type-variable"},"_links":{"self":[{"href":"https:\/\/store.handsomecake.com\/en\/wp-json\/wp\/v2\/product\/10773","targetHints":{"allow":["GET"]}}],"collection":[{"href":"https:\/\/store.handsomecake.com\/en\/wp-json\/wp\/v2\/product"}],"about":[{"href":"https:\/\/store.handsomecake.com\/en\/wp-json\/wp\/v2\/types\/product"}],"replies":[{"embeddable":true,"href":"https:\/\/store.handsomecake.com\/en\/wp-json\/wp\/v2\/comments?post=10773"}],"wp:featuredmedia":[{"embeddable":true,"href":"https:\/\/store.handsomecake.com\/en\/wp-json\/wp\/v2\/media\/10774"}],"wp:attachment":[{"href":"https:\/\/store.handsomecake.com\/en\/wp-json\/wp\/v2\/media?parent=10773"}],"wp:term":[{"taxonomy":"product_brand","embeddable":true,"href":"https:\/\/store.handsomecake.com\/en\/wp-json\/wp\/v2\/product_brand?post=10773"},{"taxonomy":"product_cat","embeddable":true,"href":"https:\/\/store.handsomecake.com\/en\/wp-json\/wp\/v2\/product_cat?post=10773"},{"taxonomy":"product_tag","embeddable":true,"href":"https:\/\/store.handsomecake.com\/en\/wp-json\/wp\/v2\/product_tag?post=10773"}],"curies":[{"name":"wp","href":"https:\/\/api.w.org\/{rel}","templated":true}]}}