{"id":1074,"date":"2020-10-20T20:02:53","date_gmt":"2020-10-20T20:02:53","guid":{"rendered":"https:\/\/store.handsomecake.com\/?post_type=product&#038;p=1074"},"modified":"2024-08-09T17:53:33","modified_gmt":"2024-08-09T17:53:33","slug":"divinity-general-dik-ching-1-4-resin-statue-von-mona-studio","status":"publish","type":"product","link":"https:\/\/store.handsomecake.com\/en\/product\/divinity-general-dik-ching-1-4-resin-statue-von-mona-studio\/","title":{"rendered":"Divinity General &#8211; Dik Ching | 1:4 Resin Statue | von MONA Studio"},"content":{"rendered":"<p>Weiterer toller Zugang vom Wonderfestival 2020 in Shanghai.<\/p>\n<p>Wir konnten uns zwei Exemplare zusichern.<\/p>\n<p>Voraussichtliches Releasedatum: Q2 2021<br \/>\nBei uns im Lager voraussichtlich: Ende Juli 2021<\/p>\n<p>Ma\u00dfe:<br \/>\nGewicht &#8211; TBA, wir gehen von ca. 20kg aus<br \/>\nGr\u00f6\u00dfe &#8211; <strong>H44*W40*D33cm<br \/>\nLimitierung: TBA<\/strong><\/p>","protected":false},"excerpt":{"rendered":"<p>Weiterer toller Zugang vom Wonderfestival 2020 in Shanghai. Wir konnten uns zwei Exemplare zusichern. Voraussichtliches Releasedatum: Q2 2021 Bei uns im Lager voraussichtlich: Ende Juli 2021 Ma\u00dfe: Gewicht &#8211; TBA, wir gehen von ca. 20kg aus Gr\u00f6\u00dfe &#8211; H44*W40*D33cm Limitierung: TBA<\/p>","protected":false},"featured_media":1083,"comment_status":"open","ping_status":"closed","template":"","meta":[],"product_brand":[],"product_cat":[184],"product_tag":[147,232,234,233,154,136,137],"class_list":{"0":"post-1074","1":"product","2":"type-product","3":"status-publish","4":"has-post-thumbnail","6":"product_cat-sonstige-resin-statuen","7":"product_tag-collectibles","8":"product_tag-divinity-general","9":"product_tag-divinity-general-collectible","10":"product_tag-divinity-general-resin","11":"product_tag-resin-collectibles","12":"product_tag-resin-statuen","13":"product_tag-resin-statuen-kaufen","14":"pa_brand-ein-studio","15":"pa_scale-1_to_4","17":"first","18":"instock","19":"taxable","20":"shipping-taxable","21":"product-type-variable","22":"has-default-attributes"},"_links":{"self":[{"href":"https:\/\/store.handsomecake.com\/en\/wp-json\/wp\/v2\/product\/1074","targetHints":{"allow":["GET"]}}],"collection":[{"href":"https:\/\/store.handsomecake.com\/en\/wp-json\/wp\/v2\/product"}],"about":[{"href":"https:\/\/store.handsomecake.com\/en\/wp-json\/wp\/v2\/types\/product"}],"replies":[{"embeddable":true,"href":"https:\/\/store.handsomecake.com\/en\/wp-json\/wp\/v2\/comments?post=1074"}],"wp:featuredmedia":[{"embeddable":true,"href":"https:\/\/store.handsomecake.com\/en\/wp-json\/wp\/v2\/media\/1083"}],"wp:attachment":[{"href":"https:\/\/store.handsomecake.com\/en\/wp-json\/wp\/v2\/media?parent=1074"}],"wp:term":[{"taxonomy":"product_brand","embeddable":true,"href":"https:\/\/store.handsomecake.com\/en\/wp-json\/wp\/v2\/product_brand?post=1074"},{"taxonomy":"product_cat","embeddable":true,"href":"https:\/\/store.handsomecake.com\/en\/wp-json\/wp\/v2\/product_cat?post=1074"},{"taxonomy":"product_tag","embeddable":true,"href":"https:\/\/store.handsomecake.com\/en\/wp-json\/wp\/v2\/product_tag?post=1074"}],"curies":[{"name":"wp","href":"https:\/\/api.w.org\/{rel}","templated":true}]}}